{"id":6,"date":"2008-06-24T08:20:09","date_gmt":"2008-06-24T06:20:09","guid":{"rendered":"http:\/\/krecklow.de\/grashalmabknicker\/?page_id=6"},"modified":"2011-08-04T14:51:51","modified_gmt":"2011-08-04T12:51:51","slug":"erfolge","status":"publish","type":"page","link":"https:\/\/krecklow.de\/grashalmabknicker\/?page_id=6","title":{"rendered":"Erfolge"},"content":{"rendered":"<p>Hier findet ihr die gr\u00f6\u00dften Erfolge der Grashalmabknicker. Bisher hat es  &#8222;nur&#8220; zu 2 zweiten Pl\u00e4tzen gereicht.<\/p>\n<h2 style=\"text-align: center;\"><span style=\"color: #000000;\"><strong><strong>2009<\/strong><\/strong><\/span><\/h2>\n<ul>\n<li>Fairplaypokalgewinner beim Pfingstturnier in Ziesar<\/li>\n<li><span style=\"color: #000000;\">Platz 5 beim Himmelfahrtsturnier &#8222;Blau-Wei\u00df&#8220;<br \/>\n<\/span><\/li>\n<\/ul>\n<h2 style=\"text-align: center;\"><span style=\"color: #000000;\"><strong>2008<\/strong><\/span><\/h2>\n<p style=\"text-align: center;\">\n<ul>\n<li><span style=\"color: #000000;\">Platz 5 beim Himmelfahrtsturnier <\/span><span style=\"color: #000000;\"> &#8222;Blau-Wei\u00df&#8220;<\/span><\/li>\n<\/ul>\n<h2 style=\"text-align: center;\"><span style=\"color: #000000;\"><strong>2007<\/strong><\/span><\/h2>\n<ul>\n<li><strong><span style=\"color: #000000;\">Platz 2 beim Jukufa Turnier 2006<\/span><\/strong><\/li>\n<\/ul>\n<h2 style=\"text-align: center;\"><span style=\"color: #000000;\"><strong>2006<\/strong><\/span><\/h2>\n<ul>\n<li><span style=\"color: #000000;\">Basti hat den 1. Platz beim Torwandschie\u00dfen im Rahmen des Freizeitturnieres in Zachow belegt.<\/span><\/li>\n<\/ul>\n<h2 style=\"text-align: center;\"><span style=\"color: #000000;\"><strong>2005<\/strong><\/span><\/h2>\n<ul>\n<li><strong><span style=\"color: #000000;\">2. Platz beim Jukufa Fu\u00dfballturnier<\/span><\/strong><\/li>\n<\/ul>\n<ul>\n<li><span style=\"color: #000000;\">6. Platz beim Freizeitturnier in Zachow<\/span><\/li>\n<\/ul>\n<h2 style=\"text-align: center;\"><span style=\"color: #000000;\"><strong>2004<\/strong><\/span><\/h2>\n<ul>\n<li><span style=\"color: #000000;\">Viertelfinale beim Pfingstturnier in Ziesar<\/span><\/li>\n<\/ul>\n<h2 style=\"text-align: center;\"><span style=\"color: #000000;\"><strong>2003<\/strong><\/span><\/h2>\n<ul>\n<li><span style=\"color: #000000;\">5. Platz beim Jukufa Fu\u00dfballturnier<\/span><\/li>\n<\/ul>\n","protected":false},"excerpt":{"rendered":"<p>Hier findet ihr die gr\u00f6\u00dften Erfolge der Grashalmabknicker. Bisher hat es &#8222;nur&#8220; zu 2 zweiten Pl\u00e4tzen gereicht. 2009 Fairplaypokalgewinner beim Pfingstturnier in Ziesar Platz 5 beim Himmelfahrtsturnier &#8222;Blau-Wei\u00df&#8220; 2008 Platz 5 beim Himmelfahrtsturnier &#8222;Blau-Wei\u00df&#8220; 2007 Platz 2 beim Jukufa Turnier 2006 2006 Basti hat den 1. Platz beim Torwandschie\u00dfen im Rahmen des Freizeitturnieres in Zachow belegt. 2005 2. Platz beim Jukufa Fu\u00dfballturnier 6. Platz beim Freizeitturnier in Zachow 2004 Viertelfinale beim Pfingstturnier in Ziesar 2003 5. Platz beim Jukufa Fu\u00dfballturnier<\/p>\n","protected":false},"author":1,"featured_media":0,"parent":0,"menu_order":3,"comment_status":"closed","ping_status":"closed","template":"","meta":{"footnotes":""},"class_list":["post-6","page","type-page","status-publish","hentry"],"_links":{"self":[{"href":"https:\/\/krecklow.de\/grashalmabknicker\/index.php?rest_route=\/wp\/v2\/pages\/6","targetHints":{"allow":["GET"]}}],"collection":[{"href":"https:\/\/krecklow.de\/grashalmabknicker\/index.php?rest_route=\/wp\/v2\/pages"}],"about":[{"href":"https:\/\/krecklow.de\/grashalmabknicker\/index.php?rest_route=\/wp\/v2\/types\/page"}],"author":[{"embeddable":true,"href":"https:\/\/krecklow.de\/grashalmabknicker\/index.php?rest_route=\/wp\/v2\/users\/1"}],"replies":[{"embeddable":true,"href":"https:\/\/krecklow.de\/grashalmabknicker\/index.php?rest_route=%2Fwp%2Fv2%2Fcomments&post=6"}],"version-history":[{"count":7,"href":"https:\/\/krecklow.de\/grashalmabknicker\/index.php?rest_route=\/wp\/v2\/pages\/6\/revisions"}],"predecessor-version":[{"id":364,"href":"https:\/\/krecklow.de\/grashalmabknicker\/index.php?rest_route=\/wp\/v2\/pages\/6\/revisions\/364"}],"wp:attachment":[{"href":"https:\/\/krecklow.de\/grashalmabknicker\/index.php?rest_route=%2Fwp%2Fv2%2Fmedia&parent=6"}],"curies":[{"name":"wp","href":"https:\/\/api.w.org\/{rel}","templated":true}]}}