{"id":58,"date":"2008-06-26T15:11:36","date_gmt":"2008-06-26T13:11:36","guid":{"rendered":"http:\/\/krecklow.de\/grashalmabknicker\/?page_id=58"},"modified":"2009-06-01T20:50:33","modified_gmt":"2009-06-01T18:50:33","slug":"gesamtauswertung-aller-turniere","status":"publish","type":"page","link":"https:\/\/krecklow.de\/grashalmabknicker\/?page_id=58","title":{"rendered":"Gesamtauswertung Turniere"},"content":{"rendered":"<p>Hier mal ein paar Statistiken der Grashalmabknicker:<\/p>\n<p><strong><span style=\"text-decoration: underline;\">Rekordspieler:<\/span><\/strong><\/p>\n<ol>\n<li>Marc mit 83 Spielen<\/li>\n<li>Andi mit 77 Spielen<\/li>\n<li>Peter mit 73 Spielen<\/li>\n<\/ol>\n<p><span style=\"text-decoration: underline;\"><strong>Rekordtorsch\u00fctzen:<\/strong><\/span><\/p>\n<ol>\n<li>Kossy mit 22 Toren<\/li>\n<li>Basti W. mit 21 Toren<\/li>\n<li>Marc mit 19 Toren<\/li>\n<\/ol>\n<p><span style=\"text-decoration: underline;\"><strong>Bester Torsch\u00fctze pro gespieltes Spiel <\/strong>(Wertung ab 10 Spiele)<strong>:<\/strong><\/span><\/p>\n<ol>\n<li>S\u00f6ren mit 0,73 Toren pro Spiel f\u00fcr die Grashalmabknicker<\/li>\n<li>Kossy mit 0,54 Toren pro Spiel f\u00fcr die Grashalmabknicker<\/li>\n<li>Basti W. mit 0,46 Toren pro Spiel f\u00fcr die Grashalmabknicker<\/li>\n<\/ol>\n<p><span style=\"text-decoration: underline;\"><strong>Rekordvorlagengeber:<\/strong><\/span><\/p>\n<ol>\n<li>Kossy mit 13 Vorlagen<\/li>\n<li>Basti W. mit 11 Vorlagen<\/li>\n<li>Marc mit 11 Vorlagen<\/li>\n<\/ol>\n<p><span style=\"color: #888888;\">________________________________________________________<\/span><\/p>\n<p><span style=\"font-family: Verdana;\"><strong>Gesamt:<\/strong><\/span><\/p>\n<table border=\"0\" cellspacing=\"0\" frame=\"void\" rules=\"none\">\n<colgroup>\n<col width=\"74\"><\/col>\n<col width=\"132\"><\/col>\n<col width=\"56\"><\/col>\n<col width=\"97\"><\/col>\n<col width=\"108\"><\/col>\n<\/colgroup>\n<tbody>\n<tr>\n<td style=\"border: 1px solid #000000;\" width=\"74\" height=\"19\" align=\"center\" bgcolor=\"#ccffff\"><strong><em><span style=\"font-family: Verdana;\">Name<\/span><\/em><\/strong><\/td>\n<td style=\"border: 1px solid #000000;\" width=\"132\" align=\"center\" bgcolor=\"#ccffff\"><strong><em><span style=\"font-family: Verdana;\">Anzahl Spiele<\/span><\/em><\/strong><\/td>\n<td style=\"border: 1px solid #000000;\" width=\"56\" align=\"center\" bgcolor=\"#ccffff\"><strong><em><span style=\"font-family: Verdana;\">Tore<\/span><\/em><\/strong><\/td>\n<td style=\"border: 1px solid #000000;\" width=\"97\" align=\"center\" bgcolor=\"#ccffff\"><strong><em><span style=\"font-family: Verdana;\">Vorlagen <\/span><\/em><\/strong><\/td>\n<td style=\"border: 1px solid #000000;\" width=\"108\" align=\"center\" bgcolor=\"#ccffff\"><strong><em><span style=\"font-family: Verdana;\">Sonstiges<\/span><\/em><\/strong><\/td>\n<\/tr>\n<tr>\n<td style=\"border: 1px solid #000000;\" height=\"17\" align=\"left\"><span style=\"font-family: Verdana;\"><br \/>\n<\/span><\/td>\n<td style=\"border: 1px solid #000000;\" align=\"left\"><span style=\"font-family: Verdana;\"><br \/>\n<\/span><\/td>\n<td style=\"border: 1px solid #000000;\" align=\"center\"><span style=\"font-family: Verdana;\"><br \/>\n<\/span><\/td>\n<td style=\"border: 1px solid #000000;\" align=\"center\"><span style=\"font-family: Verdana;\"><br \/>\n<\/span><\/td>\n<td style=\"border: 1px solid #000000;\" align=\"left\"><span style=\"font-family: Verdana;\"><br \/>\n<\/span><\/td>\n<\/tr>\n<tr>\n<td style=\"border: 1px solid #000000;\" height=\"22\" align=\"left\" bgcolor=\"#ffff99\"><span style=\"font-family: Verdana;\">Marc<\/span><\/td>\n<td style=\"border: 1px solid #000000;\" align=\"center\"><span style=\"font-family: Verdana;\">83<\/span><\/td>\n<td style=\"border: 1px solid #000000;\" align=\"center\"><span style=\"font-family: Verdana;\">19<\/span><\/td>\n<td style=\"border: 1px solid #000000;\" align=\"center\"><span style=\"font-family: Verdana;\">11<\/span><\/td>\n<td style=\"border: 1px solid #000000;\" align=\"left\"><span style=\"font-family: Verdana;\">1 Platzverweis<\/span><\/td>\n<\/tr>\n<tr>\n<td style=\"border: 1px solid #000000;\" height=\"22\" align=\"left\" bgcolor=\"#ffff99\"><span style=\"font-family: Verdana;\">Andi<\/span><\/td>\n<td style=\"border: 1px solid #000000;\" align=\"center\"><span style=\"font-family: Verdana;\">77<\/span><\/td>\n<td style=\"border: 1px solid #000000;\" align=\"center\"><span style=\"font-family: Verdana;\">1<\/span><\/td>\n<td style=\"border: 1px solid #000000;\" align=\"center\"><span style=\"font-family: Verdana;\">1<\/span><\/td>\n<td style=\"border: 1px solid #000000;\" align=\"left\"><span style=\"font-family: Verdana;\"><br \/>\n<\/span><\/td>\n<\/tr>\n<tr>\n<td style=\"border: 1px solid #000000;\" height=\"22\" align=\"left\" bgcolor=\"#ffff99\"><span style=\"font-family: Verdana;\">Peter<\/span><\/td>\n<td style=\"border: 1px solid #000000;\" align=\"center\"><span style=\"font-family: Verdana;\">73<\/span><\/td>\n<td style=\"border: 1px solid #000000;\" align=\"center\"><span style=\"font-family: Verdana;\">5<\/span><\/td>\n<td style=\"border: 1px solid #000000;\" align=\"center\"><span style=\"font-family: Verdana;\">2<\/span><\/td>\n<td style=\"border: 1px solid #000000;\" align=\"left\"><span style=\"font-family: Verdana;\"><br \/>\n<\/span><\/td>\n<\/tr>\n<tr>\n<td style=\"border: 1px solid #000000;\" height=\"22\" align=\"left\" bgcolor=\"#ffff99\"><span style=\"font-family: Verdana;\">Krecki<\/span><\/td>\n<td style=\"border: 1px solid #000000;\" align=\"center\"><span style=\"font-family: Verdana;\">60<\/span><\/td>\n<td style=\"border: 1px solid #000000;\" align=\"center\"><span style=\"font-family: Verdana;\">3<\/span><\/td>\n<td style=\"border: 1px solid #000000;\" align=\"center\"><span style=\"font-family: Verdana;\">3<\/span><\/td>\n<td style=\"border: 1px solid #000000;\" align=\"left\"><span style=\"font-family: Verdana;\"><br \/>\n<\/span><\/td>\n<\/tr>\n<tr>\n<td style=\"border: 1px solid #000000;\" height=\"22\" align=\"left\" bgcolor=\"#ffff99\"><span style=\"font-family: Verdana;\">Olli<\/span><\/td>\n<td style=\"border: 1px solid #000000;\" align=\"center\"><span style=\"font-family: Verdana;\">56<\/span><\/td>\n<td style=\"border: 1px solid #000000;\" align=\"center\"><span style=\"font-family: Verdana;\">8<\/span><\/td>\n<td style=\"border: 1px solid #000000;\" align=\"center\"><span style=\"font-family: Verdana;\">7<\/span><\/td>\n<td style=\"border: 1px solid #000000;\" align=\"left\"><span style=\"font-family: Verdana;\">1 Platzverweis<\/span><\/td>\n<\/tr>\n<tr>\n<td style=\"border: 1px solid #000000;\" height=\"22\" align=\"left\" bgcolor=\"#ffff99\"><span style=\"font-family: Verdana;\">Patrick<\/span><\/td>\n<td style=\"border: 1px solid #000000;\" align=\"center\"><span style=\"font-family: Verdana;\">50<\/span><\/td>\n<td style=\"border: 1px solid #000000;\" align=\"center\"><span style=\"font-family: Verdana;\">3<\/span><\/td>\n<td style=\"border: 1px solid #000000;\" align=\"center\"><span style=\"font-family: Verdana;\">0<\/span><\/td>\n<td style=\"border: 1px solid #000000;\" align=\"left\"><span style=\"font-family: Verdana;\"><br \/>\n<\/span><\/td>\n<\/tr>\n<tr>\n<td style=\"border: 1px solid #000000;\" height=\"22\" align=\"left\" bgcolor=\"#ffff99\"><span style=\"font-family: Verdana;\">Basti W.<\/span><\/td>\n<td style=\"border: 1px solid #000000;\" align=\"center\"><span style=\"font-family: Verdana;\">46<\/span><\/td>\n<td style=\"border: 1px solid #000000;\" align=\"center\"><span style=\"font-family: Verdana;\">21<\/span><\/td>\n<td style=\"border: 1px solid #000000;\" align=\"center\"><span style=\"font-family: Verdana;\">11<\/span><\/td>\n<td style=\"border: 1px solid #000000;\" align=\"left\"><span style=\"font-family: Verdana;\">1 Platzverweis<\/span><\/td>\n<\/tr>\n<tr>\n<td style=\"border: 1px solid #000000;\" height=\"22\" align=\"left\" bgcolor=\"#ffff99\"><span style=\"font-family: Verdana;\">Kossy<\/span><\/td>\n<td style=\"border: 1px solid #000000;\" align=\"center\"><span style=\"font-family: Verdana;\">41<\/span><\/td>\n<td style=\"border: 1px solid #000000;\" align=\"center\"><span style=\"font-family: Verdana;\">22<\/span><\/td>\n<td style=\"border: 1px solid #000000;\" align=\"center\"><span style=\"font-family: Verdana;\">13<\/span><\/td>\n<td style=\"border: 1px solid #000000;\" align=\"left\"><span style=\"font-family: Verdana;\">1 Platzverweis<\/span><\/td>\n<\/tr>\n<tr>\n<td style=\"border: 1px solid #000000;\" height=\"22\" align=\"left\" bgcolor=\"#ffff99\"><span style=\"font-family: Verdana;\">Graebi<\/span><\/td>\n<td style=\"border: 1px solid #000000;\" align=\"center\"><span style=\"font-family: Verdana;\">35<\/span><\/td>\n<td style=\"border: 1px solid #000000;\" align=\"center\"><span style=\"font-family: Verdana;\">1<\/span><\/td>\n<td style=\"border: 1px solid #000000;\" align=\"center\"><span style=\"font-family: Verdana;\">3<\/span><\/td>\n<td style=\"border: 1px solid #000000;\" align=\"left\"><span style=\"font-family: Verdana;\"><br \/>\n<\/span><\/td>\n<\/tr>\n<tr>\n<td style=\"border: 1px solid #000000;\" height=\"22\" align=\"left\" bgcolor=\"#ffff99\"><span style=\"font-family: Verdana;\">Basti P.<\/span><\/td>\n<td style=\"border: 1px solid #000000;\" align=\"center\"><span style=\"font-family: Verdana;\">26<\/span><\/td>\n<td style=\"border: 1px solid #000000;\" align=\"center\"><span style=\"font-family: Verdana;\">1<\/span><\/td>\n<td style=\"border: 1px solid #000000;\" align=\"center\"><span style=\"font-family: Verdana;\">2<\/span><\/td>\n<td style=\"border: 1px solid #000000;\" align=\"left\"><span style=\"font-family: Verdana;\"><br \/>\n<\/span><\/td>\n<\/tr>\n<tr>\n<td style=\"border: 1px solid #000000;\" height=\"22\" align=\"left\" bgcolor=\"#ffff99\"><span style=\"font-family: Verdana;\">Ronny<\/span><\/td>\n<td style=\"border: 1px solid #000000;\" align=\"center\"><span style=\"font-family: Verdana;\">13<\/span><\/td>\n<td style=\"border: 1px solid #000000;\" align=\"center\"><span style=\"font-family: Verdana;\">1<\/span><\/td>\n<td style=\"border: 1px solid #000000;\" align=\"center\"><span style=\"font-family: Verdana;\">0<\/span><\/td>\n<td style=\"border: 1px solid #000000;\" align=\"left\"><span style=\"font-family: Verdana;\"><br \/>\n<\/span><\/td>\n<\/tr>\n<tr>\n<td style=\"border: 1px solid #000000;\" height=\"22\" align=\"left\" bgcolor=\"#ffff99\"><span style=\"font-family: Verdana;\">S\u00f6ren<\/span><\/td>\n<td style=\"border: 1px solid #000000;\" align=\"center\"><span style=\"font-family: Verdana;\">11<\/span><\/td>\n<td style=\"border: 1px solid #000000;\" align=\"center\"><span style=\"font-family: Verdana;\">8<\/span><\/td>\n<td style=\"border: 1px solid #000000;\" align=\"center\"><span style=\"font-family: Verdana;\">1<\/span><\/td>\n<td style=\"border: 1px solid #000000;\" align=\"left\"><span style=\"font-family: Verdana;\"><br \/>\n<\/span><\/td>\n<\/tr>\n<tr>\n<td style=\"border: 1px solid #000000;\" height=\"22\" align=\"left\" bgcolor=\"#ffff99\"><span style=\"font-family: Verdana;\">Maik<\/span><\/td>\n<td style=\"border: 1px solid #000000;\" align=\"center\"><span style=\"font-family: Verdana;\">11<\/span><\/td>\n<td style=\"border: 1px solid #000000;\" align=\"center\"><span style=\"font-family: Verdana;\">1<\/span><\/td>\n<td style=\"border: 1px solid #000000;\" align=\"center\"><span style=\"font-family: Verdana;\">4<\/span><\/td>\n<td style=\"border: 1px solid #000000;\" align=\"left\"><span style=\"font-family: Verdana;\"><br \/>\n<\/span><\/td>\n<\/tr>\n<tr>\n<td style=\"border: 1px solid #000000;\" height=\"22\" align=\"left\" bgcolor=\"#ffff99\"><span style=\"font-family: Verdana;\">Ronny K.<\/span><\/td>\n<td style=\"border: 1px solid #000000;\" align=\"center\"><span style=\"font-family: Verdana;\">9<\/span><\/td>\n<td style=\"border: 1px solid #000000;\" align=\"center\"><span style=\"font-family: Verdana;\">0<\/span><\/td>\n<td style=\"border: 1px solid #000000;\" align=\"center\"><span style=\"font-family: Verdana;\">1<\/span><\/td>\n<td style=\"border: 1px solid #000000;\" align=\"left\"><span style=\"font-family: Verdana;\"><br \/>\n<\/span><\/td>\n<\/tr>\n<tr>\n<td style=\"border: 1px solid #000000;\" height=\"22\" align=\"left\" bgcolor=\"#ffff99\"><span style=\"font-family: Verdana;\">Christian<\/span><\/td>\n<td style=\"border: 1px solid #000000;\" align=\"center\"><span style=\"font-family: Verdana;\">8<\/span><\/td>\n<td style=\"border: 1px solid #000000;\" align=\"center\"><span style=\"font-family: Verdana;\"><br \/>\n<\/span><\/td>\n<td style=\"border: 1px solid #000000;\" align=\"center\"><span style=\"font-family: Verdana;\"><br \/>\n<\/span><\/td>\n<td style=\"border: 1px solid #000000;\" align=\"left\"><span style=\"font-family: Verdana;\"><br \/>\n<\/span><\/td>\n<\/tr>\n<tr>\n<td style=\"border: 1px solid #000000;\" height=\"22\" align=\"left\" bgcolor=\"#ffff99\"><span style=\"font-family: Verdana;\">Sch\u00fcli<\/span><\/td>\n<td style=\"border: 1px solid #000000;\" align=\"center\"><span style=\"font-family: Verdana;\">6<\/span><\/td>\n<td style=\"border: 1px solid #000000;\" align=\"center\"><span style=\"font-family: Verdana;\"><br \/>\n<\/span><\/td>\n<td style=\"border: 1px solid #000000;\" align=\"center\"><span style=\"font-family: Verdana;\"><br \/>\n<\/span><\/td>\n<td style=\"border: 1px solid #000000;\" align=\"left\"><span style=\"font-family: Verdana;\"><br \/>\n<\/span><\/td>\n<\/tr>\n<tr>\n<td style=\"border: 1px solid #000000;\" height=\"22\" align=\"left\" bgcolor=\"#ffff99\"><span style=\"font-family: Verdana;\">Matze<\/span><\/td>\n<td style=\"border: 1px solid #000000;\" align=\"center\"><span style=\"font-family: Verdana;\">5<\/span><\/td>\n<td style=\"border: 1px solid #000000;\" align=\"center\"><span style=\"font-family: Verdana;\">3<\/span><\/td>\n<td style=\"border: 1px solid #000000;\" align=\"center\"><span style=\"font-family: Verdana;\"><br \/>\n<\/span><\/td>\n<td style=\"border: 1px solid #000000;\" align=\"left\"><span style=\"font-family: Verdana;\"><br \/>\n<\/span><\/td>\n<\/tr>\n<tr>\n<td style=\"border: 1px solid #000000;\" height=\"22\" align=\"left\" bgcolor=\"#ffff99\"><span style=\"font-family: Verdana;\">Paule<\/span><\/td>\n<td style=\"border: 1px solid #000000;\" align=\"center\"><span style=\"font-family: Verdana;\">5<\/span><\/td>\n<td style=\"border: 1px solid #000000;\" align=\"center\"><span style=\"font-family: Verdana;\">2<\/span><\/td>\n<td style=\"border: 1px solid #000000;\" align=\"center\"><span style=\"font-family: Verdana;\">1<\/span><\/td>\n<td style=\"border: 1px solid #000000;\" align=\"left\"><span style=\"font-family: Verdana;\"><br \/>\n<\/span><\/td>\n<\/tr>\n<tr>\n<td style=\"border: 1px solid #000000;\" height=\"22\" align=\"left\" bgcolor=\"#ffff99\"><span style=\"font-family: Verdana;\">Jens W.<\/span><\/td>\n<td style=\"border: 1px solid #000000;\" align=\"center\"><span style=\"font-family: Verdana;\">3<\/span><\/td>\n<td style=\"border: 1px solid #000000;\" align=\"center\"><span style=\"font-family: Verdana;\"><br \/>\n<\/span><\/td>\n<td style=\"border: 1px solid #000000;\" align=\"center\"><span style=\"font-family: Verdana;\"><br \/>\n<\/span><\/td>\n<td style=\"border: 1px solid #000000;\" align=\"left\"><span style=\"font-family: Verdana;\"><br \/>\n<\/span><\/td>\n<\/tr>\n<tr>\n<td style=\"border: 1px solid #000000;\" height=\"22\" align=\"left\" bgcolor=\"#ffff99\"><span style=\"font-family: Verdana;\">Andre<\/span><\/td>\n<td style=\"border: 1px solid #000000;\" align=\"center\"><span style=\"font-family: Verdana;\">3<\/span><\/td>\n<td style=\"border: 1px solid #000000;\" align=\"center\"><span style=\"font-family: Verdana;\"><br \/>\n<\/span><\/td>\n<td style=\"border: 1px solid #000000;\" align=\"center\"><span style=\"font-family: Verdana;\"><br \/>\n<\/span><\/td>\n<td style=\"border: 1px solid #000000;\" align=\"left\"><span style=\"font-family: Verdana;\"><br \/>\n<\/span><\/td>\n<\/tr>\n<tr>\n<td style=\"border: 1px solid #000000;\" height=\"22\" align=\"left\" bgcolor=\"#ffff99\"><span style=\"font-family: Verdana;\">Bodo<\/span><\/td>\n<td style=\"border: 1px solid #000000;\" align=\"center\"><span style=\"font-family: Verdana;\">3<\/span><\/td>\n<td style=\"border: 1px solid #000000;\" align=\"center\"><span style=\"font-family: Verdana;\"><br \/>\n<\/span><\/td>\n<td style=\"border: 1px solid #000000;\" align=\"center\"><span style=\"font-family: Verdana;\"><br \/>\n<\/span><\/td>\n<td style=\"border: 1px solid #000000;\" align=\"left\"><span style=\"font-family: Verdana;\"><br \/>\n<\/span><\/td>\n<\/tr>\n<\/tbody>\n<\/table>\n<p><strong>92 Spiele<\/strong>, davon<\/p>\n<p>26 Siege, 19 Unentschieden und 47 Niederlagen bei 99:182 Toren.<\/p>\n<p>Die gesamte Statistik k\u00f6nnt ihr euch <a href=\"http:\/\/krecklow.de\/grashalmabknicker\/wp-content\/uploads\/Gesamtstatistik.xls\" target=\"_blank\">hier<\/a> herunterladen!<\/p>\n","protected":false},"excerpt":{"rendered":"<p>Hier mal ein paar Statistiken der Grashalmabknicker: Rekordspieler: Marc mit 83 Spielen Andi mit 77 Spielen Peter mit 73 Spielen Rekordtorsch\u00fctzen: Kossy mit 22 Toren Basti W. mit 21 Toren Marc mit 19 Toren Bester Torsch\u00fctze pro gespieltes Spiel (Wertung ab 10 Spiele): S\u00f6ren mit 0,73 Toren pro Spiel f\u00fcr die Grashalmabknicker Kossy mit 0,54 Toren pro Spiel f\u00fcr die Grashalmabknicker Basti W. mit 0,46 Toren pro Spiel f\u00fcr die Grashalmabknicker Rekordvorlagengeber: Kossy mit 13 Vorlagen Basti W. mit 11&hellip; <a href=\"https:\/\/krecklow.de\/grashalmabknicker\/?page_id=58\">Continue reading <span class=\"meta-nav\">&raquo;<\/span><\/a><\/p>\n","protected":false},"author":1,"featured_media":0,"parent":37,"menu_order":0,"comment_status":"open","ping_status":"open","template":"","meta":{"footnotes":""},"class_list":["post-58","page","type-page","status-publish","hentry"],"_links":{"self":[{"href":"https:\/\/krecklow.de\/grashalmabknicker\/index.php?rest_route=\/wp\/v2\/pages\/58","targetHints":{"allow":["GET"]}}],"collection":[{"href":"https:\/\/krecklow.de\/grashalmabknicker\/index.php?rest_route=\/wp\/v2\/pages"}],"about":[{"href":"https:\/\/krecklow.de\/grashalmabknicker\/index.php?rest_route=\/wp\/v2\/types\/page"}],"author":[{"embeddable":true,"href":"https:\/\/krecklow.de\/grashalmabknicker\/index.php?rest_route=\/wp\/v2\/users\/1"}],"replies":[{"embeddable":true,"href":"https:\/\/krecklow.de\/grashalmabknicker\/index.php?rest_route=%2Fwp%2Fv2%2Fcomments&post=58"}],"version-history":[{"count":11,"href":"https:\/\/krecklow.de\/grashalmabknicker\/index.php?rest_route=\/wp\/v2\/pages\/58\/revisions"}],"predecessor-version":[{"id":159,"href":"https:\/\/krecklow.de\/grashalmabknicker\/index.php?rest_route=\/wp\/v2\/pages\/58\/revisions\/159"}],"up":[{"embeddable":true,"href":"https:\/\/krecklow.de\/grashalmabknicker\/index.php?rest_route=\/wp\/v2\/pages\/37"}],"wp:attachment":[{"href":"https:\/\/krecklow.de\/grashalmabknicker\/index.php?rest_route=%2Fwp%2Fv2%2Fmedia&parent=58"}],"curies":[{"name":"wp","href":"https:\/\/api.w.org\/{rel}","templated":true}]}}