{"id":48,"date":"2008-06-25T15:08:49","date_gmt":"2008-06-25T13:08:49","guid":{"rendered":"http:\/\/krecklow.de\/grashalmabknicker\/?page_id=48"},"modified":"2009-05-22T09:33:48","modified_gmt":"2009-05-22T07:33:48","slug":"herrentagsturnier-2006","status":"publish","type":"page","link":"https:\/\/krecklow.de\/grashalmabknicker\/?page_id=48","title":{"rendered":"Herrentagsturnier am 25.05.2006"},"content":{"rendered":"<ul>\n<li><strong>Grashalmabknicker<\/strong> &#8211; Brandenburger Bierschl\u00fcmpfe 0 : 0<\/li>\n<\/ul>\n<p>Beide Teams waren in etwa gleichwertig&#8230; meiner Meinung nach haben wir gut gespielt und sogar kombiniert&#8230; leider nur nicht das Tor getroffen. Die gr\u00f6\u00dfte Chance vergab &#8222;Chancentod&#8220; Marc als er das Leder gegen die Latte schoss. Das Unentschieden rettete Patrick (heute im Tor) in einer 1 gegen 1 Situation bravor\u00f6s&#8230; nachdem ihm zugerufen wurde, dass er doch rauskommen solle aus seinem Kasten wenn der Gegener allein auf ihn zu rennt!<\/p>\n<ul>\n<li>FC Stra\u00dfe &#8211; <strong>Grashalmabknicker<\/strong> 3 : 0<\/li>\n<\/ul>\n<p>FC Stra\u00dfe war in diesem Spiel haushoher Favorit und mit dem 0:3 sind wir eigentlich ganz gut weggekommen. Nennenswerte Gro\u00dfchancen gab es nicht&#8230; dennoch haben wir es auch hier mal vor das Tor geschafft und auch im Gro\u00dfen und Ganzen recht gut gespielt. Nur rein wollte die Kugel mal wieder nicht. Der Gegner war uns \u00fcberlegen und hat die Tore vor allem aus der Entfernung geschossen, sodass nicht viel zu machen war.<\/p>\n<ul>\n<li><strong>Grashalmabknicker<\/strong> &#8211; Die Willi Birnen 0 : 1<\/li>\n<\/ul>\n<p>Gespielt wurde ebenfalls auf Rasen wobei das gesammte Mittelfeld eine reine Schlammgrube war. Auch hier war der Gegner wieder gleichwertig. Das 0:1 ist etwas ungl\u00fccklich zu Beginn des Spiels gefallen. Die Situation war eigentlich gar nicht gef\u00e4hrlich doch dann ist der Ball Patrick ungl\u00fccklich durch die H\u00e4nde gerutscht. Alle haben sich bem\u00fcht den R\u00fcckstand wieder gut zu machen&#8230; es gab einige Gro\u00dfchancen (Marc, Peter, Olli&#8230; hoffe habe keinen vergessen!) aber der gegnerische Torwart hat sehr gut gehalten und war einfach nicht zu \u00fcberwinden. Also blieb es leider beim 0:1 und wir sind traditionell in der Vorrunde ausgeschieden.<\/p>\n<p><strong>Fazit:<\/strong><\/p>\n<p>Alles in allem glaube ich, dass \u00fcber das fr\u00fche Ausscheiden heute keiner traurig war&#8230; denn v\u00f6llig durchn\u00e4sst auf Grund des Dauerregens wollte jeder nur noch unter die hei\u00dfe Dusche. Die regenbedingten Platzverh\u00e4ltnisse haben das Spielen nicht gerade einfach gemacht aber ich denke, dass wir uns gut verkauft haben und recht ansehnlich gespielt haben.Nur mit einem Tor wurden wir leider nicht belohnt! Mit 1 Punkt und 0:4 Toren sind wir leider als 4. unserer Staffel in der Vorrunde ausgeschieden.<\/p>\n<p><img loading=\"lazy\" decoding=\"async\" class=\"aligncenter\" src=\"http:\/\/krecklow.de\/grashalmabknicker\/wp-content\/gallery\/Herrentag-2006\/IMG_3777.jpg\" alt=\"\" width=\"400\" height=\"300\" \/><\/p>\n","protected":false},"excerpt":{"rendered":"<p>Grashalmabknicker &#8211; Brandenburger Bierschl\u00fcmpfe 0 : 0 Beide Teams waren in etwa gleichwertig&#8230; meiner Meinung nach haben wir gut gespielt und sogar kombiniert&#8230; leider nur nicht das Tor getroffen. Die gr\u00f6\u00dfte Chance vergab &#8222;Chancentod&#8220; Marc als er das Leder gegen die Latte schoss. Das Unentschieden rettete Patrick (heute im Tor) in einer 1 gegen 1 Situation bravor\u00f6s&#8230; nachdem ihm zugerufen wurde, dass er doch rauskommen solle aus seinem Kasten wenn der Gegener allein auf ihn zu rennt! FC Stra\u00dfe &#8211;&hellip; <a href=\"https:\/\/krecklow.de\/grashalmabknicker\/?page_id=48\">Continue reading <span class=\"meta-nav\">&raquo;<\/span><\/a><\/p>\n","protected":false},"author":1,"featured_media":0,"parent":37,"menu_order":0,"comment_status":"closed","ping_status":"closed","template":"","meta":{"footnotes":""},"class_list":["post-48","page","type-page","status-publish","hentry"],"_links":{"self":[{"href":"https:\/\/krecklow.de\/grashalmabknicker\/index.php?rest_route=\/wp\/v2\/pages\/48","targetHints":{"allow":["GET"]}}],"collection":[{"href":"https:\/\/krecklow.de\/grashalmabknicker\/index.php?rest_route=\/wp\/v2\/pages"}],"about":[{"href":"https:\/\/krecklow.de\/grashalmabknicker\/index.php?rest_route=\/wp\/v2\/types\/page"}],"author":[{"embeddable":true,"href":"https:\/\/krecklow.de\/grashalmabknicker\/index.php?rest_route=\/wp\/v2\/users\/1"}],"replies":[{"embeddable":true,"href":"https:\/\/krecklow.de\/grashalmabknicker\/index.php?rest_route=%2Fwp%2Fv2%2Fcomments&post=48"}],"version-history":[{"count":1,"href":"https:\/\/krecklow.de\/grashalmabknicker\/index.php?rest_route=\/wp\/v2\/pages\/48\/revisions"}],"predecessor-version":[{"id":214,"href":"https:\/\/krecklow.de\/grashalmabknicker\/index.php?rest_route=\/wp\/v2\/pages\/48\/revisions\/214"}],"up":[{"embeddable":true,"href":"https:\/\/krecklow.de\/grashalmabknicker\/index.php?rest_route=\/wp\/v2\/pages\/37"}],"wp:attachment":[{"href":"https:\/\/krecklow.de\/grashalmabknicker\/index.php?rest_route=%2Fwp%2Fv2%2Fmedia&parent=48"}],"curies":[{"name":"wp","href":"https:\/\/api.w.org\/{rel}","templated":true}]}}