{"id":41,"date":"2008-06-25T15:06:31","date_gmt":"2008-06-25T13:06:31","guid":{"rendered":"http:\/\/krecklow.de\/grashalmabknicker\/?page_id=41"},"modified":"2009-05-22T09:25:02","modified_gmt":"2009-05-22T07:25:02","slug":"jukufa-turnier-2007","status":"publish","type":"page","link":"https:\/\/krecklow.de\/grashalmabknicker\/?page_id=41","title":{"rendered":"Jukufa Turnier am 08.09.2007"},"content":{"rendered":"<ul style=\"text-align: justify;\">\n<li><strong>Grashalmabknicker<\/strong> &#8211; Knalla Balla 1 : 1<\/li>\n<\/ul>\n<p style=\"text-align: justify;\">Guter Start ins Turnier, haben schnell 1:0 gef\u00fchrt, durch e\u00ednen langen Pass von links von S\u00f6ren zu <em><span style=\"color: #000000;\">Paule<\/span><\/em>, der dann in die Mitte zu <span style=\"color: #ff0000;\">Kossy<\/span> passt, Toooor. Das Gegentor fiel durch einen zu schnell ausgef\u00fchrten Freisto\u00df, als wir noch nicht bereit waren.<\/p>\n<ul style=\"text-align: justify;\">\n<li>Kr\u00e4uterJungs &#8211; <strong>Grashalmabknicker<\/strong> 0 : 0<\/li>\n<\/ul>\n<p style=\"text-align: justify;\">Das Spiel pl\u00e4tscherte so vor sich hin, kaum Chancen auf beiden Seiten. Kossy hat unsere gr\u00f6\u00dfte Chance vergeben. Da wir keine Pause zwischen den Spielen hatten ging das 0:0 in Ordnung.<\/p>\n<ul style=\"text-align: justify;\">\n<li><strong>Grashalmabknicker<\/strong> &#8211; 1. FC Teller Bunte Knete 2 : 0<\/li>\n<\/ul>\n<p style=\"text-align: justify;\">1:0 durch <span style=\"color: #008000;\">Paule<\/span>, nachdem <em>Kossy<\/em> ihn von rechts angespielt hat! Das 2:0 fiel durch einen Alleingang von <span style=\"color: #008000;\">Kossy<\/span> der mehrere Spieler ausgespielt hat und dann noch den Torwart umkurvte, Tooor!<\/p>\n<p style=\"text-align: justify;\">Nach der Vorrunde waren wir nun punkt- und torgleich mit Knalla Balla auf Platz 1, das 9m Schie\u00dfen musste zum Gruppensieg herhalten<\/p>\n<p style=\"text-align: justify;\"><span style=\"text-decoration: underline;\">9m Schie\u00dfen um den Gruppensieg:<\/span><\/p>\n<ul style=\"text-align: justify;\">\n<li>Knalla Balla &#8211; <strong>Grashalmabknicker<\/strong> 3 : 4<\/li>\n<\/ul>\n<p style=\"text-align: justify;\">0:0 Peter h\u00e4lt, 0:1 <span style=\"color: #ff0000;\">S\u00f6ren<\/span>, 1:1, 1:2 <span style=\"color: #ff0000;\">Paule<\/span>, 1:2 (vorbei), 1:3 <span style=\"color: #ff0000;\">Marc<\/span>, 2:3, 2:3 Patrick verschie\u00dft, 3:3, 3:4 <span style=\"color: #ff0000;\">Kossy<\/span> haut den entscheidenden 9m rein!<\/p>\n<p style=\"text-align: justify;\">Als Gruppenerster mit 5 Punkten und 3:1 Toren ins Halbfinale eingezogen<\/p>\n<p style=\"text-align: justify;\"><strong>Halbfinale<\/strong><\/p>\n<ul style=\"text-align: justify;\">\n<li><strong>Grashalmabknicker<\/strong> &#8211; Altstadt 0 : 0 &#8211; 4 : 3 nach 9m<\/li>\n<\/ul>\n<p style=\"text-align: justify;\">Das Spiel hatte kaum H\u00f6hepunkte, beide Mannschaften neutralisierten sich meistens, somit musste das 9m Schie\u00dfen herhalten um Den Finalgegner von Knalla Balla zu ermitteln.<\/p>\n<p>0:0 Paule verschie\u00dft, 0:0 Peter h\u00e4lt, 1:0 <span style=\"color: #ff0000;\">S\u00f6ren<\/span>, 1:1, 1:2 <span style=\"color: #ff0000;\">Marc<\/span>, 2:2, 2:2 Patrick verschie\u00dft wieder, 3:2, 3:3 <span style=\"color: #ff0000;\">Kossy<\/span>, 3:3 Peter h\u00e4lt, 4:3 <span style=\"color: #ff0000;\">Peter<\/span><\/p>\n<p style=\"text-align: justify;\"><strong><span style=\"text-decoration: underline;\">Finale Jukufa Turnier 2007<\/span><\/strong><\/p>\n<ul style=\"text-align: justify;\">\n<li><strong>Grashalmabknicker <\/strong>&#8211; Knalla Balla 0 : 1<\/li>\n<\/ul>\n<p style=\"text-align: justify;\">Das 0:1 fiel durch einen 9m nachdem Paule einen Schuss des Gegners mit der Hand abwehrte, Peter war schon geschlagen. Der Gegner war \u00fcberlegen und hatte noch mehrere Chancen, sodass der Sieg in Ordnung ging. Somit haben wir das Turnier als 2. abgeschlossen. Unser bestes Saisonergebnis!!!<\/p>\n<p style=\"text-align: justify;\"><strong>Fazit: <\/strong><\/p>\n<p style=\"text-align: justify;\">Wir haben unser bestes Turnier in diesem Jahr gespielt. Leider haben wir das Finale verloren, aber Platz 2 ist ein tolles Ergebnis!<\/p>\n<p style=\"text-align: justify;\"><img loading=\"lazy\" decoding=\"async\" class=\"aligncenter\" src=\"http:\/\/krecklow.de\/grashalmabknicker\/wp-content\/gallery\/Jukufa-2007\/26.jpg\" alt=\"\" width=\"422\" height=\"311\" \/><\/p>\n","protected":false},"excerpt":{"rendered":"<p>Grashalmabknicker &#8211; Knalla Balla 1 : 1 Guter Start ins Turnier, haben schnell 1:0 gef\u00fchrt, durch e\u00ednen langen Pass von links von S\u00f6ren zu Paule, der dann in die Mitte zu Kossy passt, Toooor. Das Gegentor fiel durch einen zu schnell ausgef\u00fchrten Freisto\u00df, als wir noch nicht bereit waren. Kr\u00e4uterJungs &#8211; Grashalmabknicker 0 : 0 Das Spiel pl\u00e4tscherte so vor sich hin, kaum Chancen auf beiden Seiten. Kossy hat unsere gr\u00f6\u00dfte Chance vergeben. Da wir keine Pause zwischen den Spielen&hellip; <a href=\"https:\/\/krecklow.de\/grashalmabknicker\/?page_id=41\">Continue reading <span class=\"meta-nav\">&raquo;<\/span><\/a><\/p>\n","protected":false},"author":1,"featured_media":0,"parent":37,"menu_order":0,"comment_status":"closed","ping_status":"closed","template":"","meta":{"footnotes":""},"class_list":["post-41","page","type-page","status-publish","hentry"],"_links":{"self":[{"href":"https:\/\/krecklow.de\/grashalmabknicker\/index.php?rest_route=\/wp\/v2\/pages\/41","targetHints":{"allow":["GET"]}}],"collection":[{"href":"https:\/\/krecklow.de\/grashalmabknicker\/index.php?rest_route=\/wp\/v2\/pages"}],"about":[{"href":"https:\/\/krecklow.de\/grashalmabknicker\/index.php?rest_route=\/wp\/v2\/types\/page"}],"author":[{"embeddable":true,"href":"https:\/\/krecklow.de\/grashalmabknicker\/index.php?rest_route=\/wp\/v2\/users\/1"}],"replies":[{"embeddable":true,"href":"https:\/\/krecklow.de\/grashalmabknicker\/index.php?rest_route=%2Fwp%2Fv2%2Fcomments&post=41"}],"version-history":[{"count":3,"href":"https:\/\/krecklow.de\/grashalmabknicker\/index.php?rest_route=\/wp\/v2\/pages\/41\/revisions"}],"predecessor-version":[{"id":192,"href":"https:\/\/krecklow.de\/grashalmabknicker\/index.php?rest_route=\/wp\/v2\/pages\/41\/revisions\/192"}],"up":[{"embeddable":true,"href":"https:\/\/krecklow.de\/grashalmabknicker\/index.php?rest_route=\/wp\/v2\/pages\/37"}],"wp:attachment":[{"href":"https:\/\/krecklow.de\/grashalmabknicker\/index.php?rest_route=%2Fwp%2Fv2%2Fmedia&parent=41"}],"curies":[{"name":"wp","href":"https:\/\/api.w.org\/{rel}","templated":true}]}}