{"id":39,"date":"2008-06-25T15:06:05","date_gmt":"2008-06-25T13:06:05","guid":{"rendered":"http:\/\/krecklow.de\/grashalmabknicker\/?page_id=39"},"modified":"2009-05-22T08:46:21","modified_gmt":"2009-05-22T06:46:21","slug":"pfingstturnier-ziesar-2008","status":"publish","type":"page","link":"https:\/\/krecklow.de\/grashalmabknicker\/?page_id=39","title":{"rendered":"Pfingstturnier Ziesar am 11.05.2008"},"content":{"rendered":"<ul>\n<li>FC 0815 &#8211; <strong>Grashalmabknicker<\/strong> 2 : 2<\/li>\n<\/ul>\n<p>Gegen den sp\u00e4teren Gruppenletzten hat es nur zu einem Unentschieden gereicht. 1:0 durch <span style=\"color: #ff0000;\">Matze<\/span> nach Pass von <em>Basti<\/em> durch einen Schuss ins rechte Eck. Das war gleichzeitig das 1. Tor des Turniers was uns 10 EUR einbrachte. Patrick hat dann v\u00f6llig freihstehend und unbedr\u00e4ngt einen sch\u00f6nen Schuss ins eigene Tor erzielt. Nach einem Konter haben wir dann sogar das 1:2 bekommen. <span style=\"color: #ff0000;\">Basti<\/span> hat dann durch eine sch\u00f6ne Einzelleistung das 2:2 gemacht und damit das Unentschieden &#8222;gerettet&#8220;.<strong><br \/>\n<\/strong><\/p>\n<ul>\n<li><strong> Grashalmabknicker<\/strong> &#8211; FC G\u00f6ttin 1 : 5<\/li>\n<\/ul>\n<p>Haben durch Konter 4 Gegentore gefangen, <span style=\"color: #ff0000;\">Basti<\/span> konnte nach Vorlage von <em>Krecki<\/em> noch auf 1:4 verk\u00fcrzen, was aber nur noch Ergebniskosmetik war.<\/p>\n<ul>\n<li>Jugendclub Wollin &#8211; <strong>Grashalmabknicker<\/strong> 7 : 0<\/li>\n<\/ul>\n<p>Wollin war nur mit aktiven Spielern besetzt sodass wir gegen diese Mannschaft keine Chance hatten, wir hatten 2 M\u00f6glichkeiten Tore zu erzielen,diese blieben aber ungenutzt.<\/p>\n<ul>\n<li><strong>Grashalmabknicker<\/strong> &#8211; Inter B\u00f6ke 1 : 1<\/li>\n<\/ul>\n<p>Nachdem Basti im Spiel davor umgeknickt ist, h\u00fctete er ab diesem Spiel das Tor, Peter kam als Feldspieler dazu. Unser bestes Spiel. Haben schnell 0:1 zur\u00fcckgelegen, aber gut weitergek\u00e4mpft. Nach Pass von <em>Krecki<\/em> hat <span style=\"color: #ff0000;\">Matze<\/span> von der linken Seite geschossen, der Ball prallte dann an den Innenpfosten und dann ins Tor.Basti hat dann das Unentschieden festgehalten.<\/p>\n<ul>\n<li><strong>Grashalmabknicker<\/strong> &#8211; F1 Racing Team 1 : 5<\/li>\n<\/ul>\n<p>Letztes Gruppenspiel. <span style=\"color: #ff0000;\">Matze<\/span> hat durch einen sch\u00f6nen Alleingang, das 1:4 erzielt. In der Schlussminute hat Basti dann noch einen 9m \u00fcber das Tor gehauen.<\/p>\n<p><span style=\"text-decoration: underline;\"><strong>Fazit:<\/strong><\/span><\/p>\n<p>4 Feldspieler liegen uns irgendwie nicht. Die Abwehrleistung war nicht gut und hat uns das ein oder andere Gegentor gekostet. Turnier hat trotzdem Spa\u00df gemacht Platz 5 in unserer Staffel mit 2 Punkten und 5:20 Toren.<\/p>\n<p><img loading=\"lazy\" decoding=\"async\" class=\"aligncenter\" src=\"http:\/\/krecklow.de\/grashalmabknicker\/wp-content\/gallery\/Ziesar-2008\/cimg3943.jpg\" alt=\"\" width=\"450\" height=\"152\" \/><\/p>\n","protected":false},"excerpt":{"rendered":"<p>FC 0815 &#8211; Grashalmabknicker 2 : 2 Gegen den sp\u00e4teren Gruppenletzten hat es nur zu einem Unentschieden gereicht. 1:0 durch Matze nach Pass von Basti durch einen Schuss ins rechte Eck. Das war gleichzeitig das 1. Tor des Turniers was uns 10 EUR einbrachte. Patrick hat dann v\u00f6llig freihstehend und unbedr\u00e4ngt einen sch\u00f6nen Schuss ins eigene Tor erzielt. Nach einem Konter haben wir dann sogar das 1:2 bekommen. Basti hat dann durch eine sch\u00f6ne Einzelleistung das 2:2 gemacht und damit&hellip; <a href=\"https:\/\/krecklow.de\/grashalmabknicker\/?page_id=39\">Continue reading <span class=\"meta-nav\">&raquo;<\/span><\/a><\/p>\n","protected":false},"author":1,"featured_media":0,"parent":37,"menu_order":0,"comment_status":"open","ping_status":"closed","template":"","meta":{"footnotes":""},"class_list":["post-39","page","type-page","status-publish","hentry"],"_links":{"self":[{"href":"https:\/\/krecklow.de\/grashalmabknicker\/index.php?rest_route=\/wp\/v2\/pages\/39","targetHints":{"allow":["GET"]}}],"collection":[{"href":"https:\/\/krecklow.de\/grashalmabknicker\/index.php?rest_route=\/wp\/v2\/pages"}],"about":[{"href":"https:\/\/krecklow.de\/grashalmabknicker\/index.php?rest_route=\/wp\/v2\/types\/page"}],"author":[{"embeddable":true,"href":"https:\/\/krecklow.de\/grashalmabknicker\/index.php?rest_route=\/wp\/v2\/users\/1"}],"replies":[{"embeddable":true,"href":"https:\/\/krecklow.de\/grashalmabknicker\/index.php?rest_route=%2Fwp%2Fv2%2Fcomments&post=39"}],"version-history":[{"count":4,"href":"https:\/\/krecklow.de\/grashalmabknicker\/index.php?rest_route=\/wp\/v2\/pages\/39\/revisions"}],"predecessor-version":[{"id":202,"href":"https:\/\/krecklow.de\/grashalmabknicker\/index.php?rest_route=\/wp\/v2\/pages\/39\/revisions\/202"}],"up":[{"embeddable":true,"href":"https:\/\/krecklow.de\/grashalmabknicker\/index.php?rest_route=\/wp\/v2\/pages\/37"}],"wp:attachment":[{"href":"https:\/\/krecklow.de\/grashalmabknicker\/index.php?rest_route=%2Fwp%2Fv2%2Fmedia&parent=39"}],"curies":[{"name":"wp","href":"https:\/\/api.w.org\/{rel}","templated":true}]}}