{"id":37,"date":"2008-06-25T15:03:38","date_gmt":"2008-06-25T13:03:38","guid":{"rendered":"http:\/\/krecklow.de\/grashalmabknicker\/?page_id=37"},"modified":"2013-03-14T15:44:02","modified_gmt":"2013-03-14T13:44:02","slug":"ergebnisse","status":"publish","type":"page","link":"https:\/\/krecklow.de\/grashalmabknicker\/?page_id=37","title":{"rendered":"Ergebnisse"},"content":{"rendered":"<p style=\"text-align: center;\">Unsere Ergebnisse bei den Fu\u00dfballturnieren<\/p>\n<p style=\"text-align: center;\"><strong>2009<\/strong><\/p>\n<ul style=\"text-align: left;\">\n<li><a href=\"http:\/\/krecklow.de\/grashalmabknicker\/?page_id=288\">Pfingstturnier SV Ziesar<\/a><\/li>\n<li><a href=\"http:\/\/krecklow.de\/grashalmabknicker\/?page_id=154\" target=\"_self\">Himmelfahrtsturnier &#8222;Blau-Wei\u00df&#8220;<\/a><\/li>\n<\/ul>\n<p style=\"text-align: center;\"><strong>2008<\/strong><\/p>\n<ul style=\"text-align: left;\">\n<li><a href=\"http:\/\/krecklow.de\/grashalmabknicker\/?page_id=39\" target=\"_blank\">Pfingstturnier SV Ziesar<\/a><\/li>\n<li><a href=\"http:\/\/krecklow.de\/grashalmabknicker\/?page_id=40\" target=\"_blank\">Himmelfahrtsturnier &#8222;Blau-Wei\u00df&#8220;<\/a><\/li>\n<\/ul>\n<p style=\"text-align: center;\"><strong>2007<\/strong><\/p>\n<ul style=\"text-align: left;\">\n<li><a href=\"http:\/\/krecklow.de\/grashalmabknicker\/?page_id=41\" target=\"_blank\">Jukufa MultiKulti Turnier<\/a><\/li>\n<li><a href=\"http:\/\/krecklow.de\/grashalmabknicker\/?page_id=42\" target=\"_blank\">Pfingstturnier in Ziesar<\/a><\/li>\n<li><a href=\"http:\/\/krecklow.de\/grashalmabknicker\/?page_id=43\" target=\"_blank\">Freizeitturnier des SV02<\/a><\/li>\n<\/ul>\n<p style=\"text-align: center;\"><strong>2006<\/strong><\/p>\n<ul style=\"text-align: left;\">\n<li><a href=\"http:\/\/krecklow.de\/grashalmabknicker\/?page_id=44\" target=\"_blank\">Hallenturnier des SV02<\/a><\/li>\n<li><a href=\"http:\/\/krecklow.de\/grashalmabknicker\/?page_id=45\" target=\"_blank\">Soccerturnier im Wust<\/a><\/li>\n<li><a href=\"http:\/\/krecklow.de\/grashalmabknicker\/?page_id=46\" target=\"_blank\">Freizeitturnier des SV02<\/a><\/li>\n<li><a href=\"http:\/\/krecklow.de\/grashalmabknicker\/?page_id=47\" target=\"_blank\">Hertefeld Turnier<\/a><\/li>\n<li><a href=\"http:\/\/krecklow.de\/grashalmabknicker\/?page_id=48\" target=\"_blank\">Herrentagsturnier BSRK<\/a><\/li>\n<li><a href=\"http:\/\/krecklow.de\/grashalmabknicker\/?page_id=49\" target=\"_blank\">Freizeitturnier Zachow<\/a><\/li>\n<\/ul>\n<p style=\"text-align: center;\"><strong>2005<\/strong><\/p>\n<ul style=\"text-align: left;\">\n<li><a href=\"http:\/\/krecklow.de\/grashalmabknicker\/?page_id=50\" target=\"_blank\">Caf\u00e9 Contact Turnier 2<\/a><\/li>\n<li><a href=\"http:\/\/krecklow.de\/grashalmabknicker\/?page_id=51\" target=\"_blank\">Freizeitturnier Zachow<\/a><\/li>\n<li><a href=\"http:\/\/krecklow.de\/grashalmabknicker\/?page_id=52\" target=\"_blank\">Jukufa Fu\u00dfballturnier<\/a><\/li>\n<li><a href=\"http:\/\/krecklow.de\/grashalmabknicker\/?page_id=53\" target=\"_blank\">Cafe Contact Turnier<\/a><\/li>\n<li><a href=\"http:\/\/krecklow.de\/grashalmabknicker\/?page_id=54\" target=\"_blank\">Herrentagsturnier BSRK<\/a><\/li>\n<\/ul>\n<p style=\"text-align: center;\"><strong>2004<\/strong><\/p>\n<ul style=\"text-align: left;\">\n<li><a href=\"http:\/\/krecklow.de\/grashalmabknicker\/?page_id=55\" target=\"_blank\">Jukufa Fu\u00dfballturnier<\/a><\/li>\n<li><a href=\"http:\/\/krecklow.de\/grashalmabknicker\/?page_id=56\" target=\"_blank\">Pfingstturnier Ziesar<\/a><\/li>\n<li><a href=\"http:\/\/krecklow.de\/grashalmabknicker\/?page_id=57\" target=\"_blank\">Herrentagsturnier BSRK<\/a><\/li>\n<\/ul>\n","protected":false},"excerpt":{"rendered":"<p>Unsere Ergebnisse bei den Fu\u00dfballturnieren 2009 Pfingstturnier SV Ziesar Himmelfahrtsturnier &#8222;Blau-Wei\u00df&#8220; 2008 Pfingstturnier SV Ziesar Himmelfahrtsturnier &#8222;Blau-Wei\u00df&#8220; 2007 Jukufa MultiKulti Turnier Pfingstturnier in Ziesar Freizeitturnier des SV02 2006 Hallenturnier des SV02 Soccerturnier im Wust Freizeitturnier des SV02 Hertefeld Turnier Herrentagsturnier BSRK Freizeitturnier Zachow 2005 Caf\u00e9 Contact Turnier 2 Freizeitturnier Zachow Jukufa Fu\u00dfballturnier Cafe Contact Turnier Herrentagsturnier BSRK 2004 Jukufa Fu\u00dfballturnier Pfingstturnier Ziesar Herrentagsturnier BSRK<\/p>\n","protected":false},"author":1,"featured_media":0,"parent":0,"menu_order":3,"comment_status":"closed","ping_status":"closed","template":"","meta":{"footnotes":""},"class_list":["post-37","page","type-page","status-publish","hentry"],"_links":{"self":[{"href":"https:\/\/krecklow.de\/grashalmabknicker\/index.php?rest_route=\/wp\/v2\/pages\/37","targetHints":{"allow":["GET"]}}],"collection":[{"href":"https:\/\/krecklow.de\/grashalmabknicker\/index.php?rest_route=\/wp\/v2\/pages"}],"about":[{"href":"https:\/\/krecklow.de\/grashalmabknicker\/index.php?rest_route=\/wp\/v2\/types\/page"}],"author":[{"embeddable":true,"href":"https:\/\/krecklow.de\/grashalmabknicker\/index.php?rest_route=\/wp\/v2\/users\/1"}],"replies":[{"embeddable":true,"href":"https:\/\/krecklow.de\/grashalmabknicker\/index.php?rest_route=%2Fwp%2Fv2%2Fcomments&post=37"}],"version-history":[{"count":14,"href":"https:\/\/krecklow.de\/grashalmabknicker\/index.php?rest_route=\/wp\/v2\/pages\/37\/revisions"}],"predecessor-version":[{"id":410,"href":"https:\/\/krecklow.de\/grashalmabknicker\/index.php?rest_route=\/wp\/v2\/pages\/37\/revisions\/410"}],"wp:attachment":[{"href":"https:\/\/krecklow.de\/grashalmabknicker\/index.php?rest_route=%2Fwp%2Fv2%2Fmedia&parent=37"}],"curies":[{"name":"wp","href":"https:\/\/api.w.org\/{rel}","templated":true}]}}