{"id":288,"date":"2009-06-01T20:27:51","date_gmt":"2009-06-01T18:27:51","guid":{"rendered":"http:\/\/krecklow.de\/grashalmabknicker\/?page_id=288"},"modified":"2009-06-02T09:02:02","modified_gmt":"2009-06-02T07:02:02","slug":"pfingstturnier-in-ziesar-am-31052009","status":"publish","type":"page","link":"https:\/\/krecklow.de\/grashalmabknicker\/?page_id=288","title":{"rendered":"Pfingstturnier Ziesar am 31.05.2009"},"content":{"rendered":"<p><img loading=\"lazy\" decoding=\"async\" class=\"aligncenter\" src=\"http:\/\/krecklow.de\/grashalmabknicker\/wp-content\/gallery\/Ziesar-2009\/CIMG5693.JPG\" alt=\"\" width=\"420\" height=\"314\" \/><\/p>\n<ul style=\"text-align: justify;\">\n<li>FC Nankazu &#8211; <strong>Grashalmabknicker<\/strong> 13:0<\/li>\n<\/ul>\n<p style=\"text-align: justify;\">Tja, was soll ich dazu schreiben, dass Ergebnis spricht f\u00fcr sich. Die Spielweise 1:4 liegt uns \u00fcberhaupt nicht, wir waren nicht eingespielt und der Gegner spielte mit uns Katz und Maus, gut 2-3 sehr gute Chancen hatten wir auch, aber wenn keiner die Tore macht, dann steht halt die &#8222;Null&#8220;. Einige Tore haben wir auch selbst gemacht.<\/p>\n<ul>\n<li>Youngster &#8211; <strong>Grashalmabknicker<\/strong> 7:0<\/li>\n<\/ul>\n<p style=\"text-align: justify;\">Das 2. Spiel lief abwehrtechnisch besser, daf\u00fcr lie\u00df der Gegner keine Chance zu, sodass es nur 7:0 stand.<\/p>\n<ul>\n<li><strong>Grashalmabknicker<\/strong> &#8211; Fritz&amp;Friends 0:9<\/li>\n<\/ul>\n<p style=\"text-align: justify;\">Der sp\u00e4tere Finalteilnehmer war auch wieder zu stark f\u00fcr uns, das Spiel war relativ locker, Marc hatte 2 Aluminiumtreffer. Mehrere Treffer wurden durch sch\u00f6ne Distanztreffer erzielt. Patrick konnte leider nicht mehr mitspielen, somit hatten wir nun keinen Wechsler mehr.<\/p>\n<ul>\n<li>Knaller Baller &#8211; <strong>Grashalmabknicker<\/strong> 9:1<\/li>\n<\/ul>\n<p style=\"text-align: justify;\">Der Gegner erzielte 4 schnelle Tore zur beruhigenden F\u00fchrung, danach sah es aus wie ein Trainingsspiel, <span style=\"color: #ff0000;\">Marc<\/span> gelang nach sch\u00f6ner Zuarbeit von <em>Ronny<\/em> der Ehrentreffer, weitere sehr gute M\u00f6glichkeiten wurden jedoch ausgelassen. Das Spiel hat aber Spa\u00df gemacht.<\/p>\n<ul>\n<li><strong>Grashalmabknicker<\/strong> &#8211; Alte S\u00e4cke 0:4<\/li>\n<\/ul>\n<p style=\"text-align: justify;\">Eigentlich wollten wir das letzte Spiel gewinnen, der Gegner hatte bis dahin auch noch nichts gewonnen. Zur Halbzeit stand es noch 0:0. Dann konnten jedoch Marc und Ronny nicht mehr richtig spielen, da sie an diversen K\u00f6rperteilen Schmerzen hatten. Daher verloren wir auch dieses Spiel.<\/p>\n<p style=\"text-align: justify;\">Wir schlossen das Turnier mit 0 Punkten und 1:42 Toren ab. Aufgrund unserer &#8222;Spielweise&#8220; gewannen wir jedoch den Fairplaypokal. Wahrscheinlich war es das letzte Mal dass wir in Ziesar antraten, andauernd gegen Aktive Mannschaften zu spielen macht dann auch keinen\u00a0 Spa\u00df mehr.<\/p>\n","protected":false},"excerpt":{"rendered":"<p>FC Nankazu &#8211; Grashalmabknicker 13:0 Tja, was soll ich dazu schreiben, dass Ergebnis spricht f\u00fcr sich. Die Spielweise 1:4 liegt uns \u00fcberhaupt nicht, wir waren nicht eingespielt und der Gegner spielte mit uns Katz und Maus, gut 2-3 sehr gute Chancen hatten wir auch, aber wenn keiner die Tore macht, dann steht halt die &#8222;Null&#8220;. Einige Tore haben wir auch selbst gemacht. Youngster &#8211; Grashalmabknicker 7:0 Das 2. Spiel lief abwehrtechnisch besser, daf\u00fcr lie\u00df der Gegner keine Chance zu, sodass&hellip; <a href=\"https:\/\/krecklow.de\/grashalmabknicker\/?page_id=288\">Continue reading <span class=\"meta-nav\">&raquo;<\/span><\/a><\/p>\n","protected":false},"author":1,"featured_media":0,"parent":37,"menu_order":0,"comment_status":"open","ping_status":"open","template":"","meta":{"footnotes":""},"class_list":["post-288","page","type-page","status-publish","hentry"],"_links":{"self":[{"href":"https:\/\/krecklow.de\/grashalmabknicker\/index.php?rest_route=\/wp\/v2\/pages\/288","targetHints":{"allow":["GET"]}}],"collection":[{"href":"https:\/\/krecklow.de\/grashalmabknicker\/index.php?rest_route=\/wp\/v2\/pages"}],"about":[{"href":"https:\/\/krecklow.de\/grashalmabknicker\/index.php?rest_route=\/wp\/v2\/types\/page"}],"author":[{"embeddable":true,"href":"https:\/\/krecklow.de\/grashalmabknicker\/index.php?rest_route=\/wp\/v2\/users\/1"}],"replies":[{"embeddable":true,"href":"https:\/\/krecklow.de\/grashalmabknicker\/index.php?rest_route=%2Fwp%2Fv2%2Fcomments&post=288"}],"version-history":[{"count":5,"href":"https:\/\/krecklow.de\/grashalmabknicker\/index.php?rest_route=\/wp\/v2\/pages\/288\/revisions"}],"predecessor-version":[{"id":297,"href":"https:\/\/krecklow.de\/grashalmabknicker\/index.php?rest_route=\/wp\/v2\/pages\/288\/revisions\/297"}],"up":[{"embeddable":true,"href":"https:\/\/krecklow.de\/grashalmabknicker\/index.php?rest_route=\/wp\/v2\/pages\/37"}],"wp:attachment":[{"href":"https:\/\/krecklow.de\/grashalmabknicker\/index.php?rest_route=%2Fwp%2Fv2%2Fmedia&parent=288"}],"curies":[{"name":"wp","href":"https:\/\/api.w.org\/{rel}","templated":true}]}}