{"id":25,"date":"2008-06-24T10:46:07","date_gmt":"2008-06-24T08:46:07","guid":{"rendered":"http:\/\/krecklow.de\/grashalmabknicker\/?page_id=25"},"modified":"2008-06-30T14:40:03","modified_gmt":"2008-06-30T12:40:03","slug":"soren","status":"publish","type":"page","link":"https:\/\/krecklow.de\/grashalmabknicker\/?page_id=25","title":{"rendered":"S\u00f6ren"},"content":{"rendered":"<table style=\"border-collapse: collapse; height: 361px;\" border=\"0\" cellspacing=\"0\" cellpadding=\"2\" width=\"421\" bordercolor=\"#111111\">\n<tbody>\n<tr>\n<td class=\"standard\" colspan=\"2\" width=\"413\" height=\"38\">\n<p align=\"center\"><span style=\"font-family: Verdana; color: #ff0000; font-size: medium;\"> S\u00f6ren &#8211; unsere Nr. 9<\/span><\/p>\n<\/td>\n<\/tr>\n<tr>\n<td class=\"standard\" style=\"border-style: solid; border-width: 1px;\" width=\"182\" height=\"20\" bgcolor=\"#ffffcc\"><span style=\"font-family: Verdana; color: #444444;\">Name:<\/span><\/td>\n<td class=\"standard\" style=\"border-style: solid; border-width: 1px;\" width=\"228\" height=\"20\" bgcolor=\"#ffffcc\"><span style=\"font-family: Verdana; color: #444444;\">S\u00f6ren<\/span><\/td>\n<\/tr>\n<tr>\n<td class=\"standard\" style=\"border-style: solid; border-width: 1px;\" width=\"182\" height=\"21\" bgcolor=\"#ffffcc\"><span style=\"font-family: Verdana; color: #444444;\">Position:<\/span><\/td>\n<td class=\"standard\" style=\"border-style: solid; border-width: 1px;\" width=\"228\" height=\"21\" bgcolor=\"#ffffcc\"><span style=\"font-family: Verdana; color: #444444;\">St\u00fcrmer<\/span><\/td>\n<\/tr>\n<tr>\n<td class=\"standard\" style=\"border-style: solid; border-width: 1px;\" width=\"182\" height=\"21\" bgcolor=\"#ffffcc\"><span style=\"font-family: Verdana; color: #444444;\">geboren am:<\/span><\/td>\n<td class=\"standard\" style=\"border-style: solid; border-width: 1px;\" width=\"228\" height=\"21\" bgcolor=\"#ffffcc\"><\/td>\n<\/tr>\n<tr>\n<td class=\"standard\" style=\"border-style: solid; border-width: 1px;\" width=\"182\" height=\"20\" bgcolor=\"#ffffcc\"><span style=\"font-family: Verdana; color: #444444;\">in:<\/span><\/td>\n<td class=\"standard\" style=\"border-style: solid; border-width: 1px;\" width=\"228\" height=\"20\" bgcolor=\"#ffffcc\"><span style=\"font-family: Verdana; color: #444444;\">Brandenburg<\/span><\/td>\n<\/tr>\n<tr>\n<td class=\"standard\" style=\"border-style: solid; border-width: 1px;\" width=\"182\" height=\"21\" bgcolor=\"#ffffcc\"><span style=\"font-family: Verdana; color: #444444;\">Beruf:<\/span><\/td>\n<td class=\"standard\" style=\"border-style: solid; border-width: 1px;\" width=\"228\" height=\"21\" bgcolor=\"#ffffcc\"><span style=\"font-family: Verdana; color: #444444;\">Zivildienstleistender<\/span><\/td>\n<\/tr>\n<tr>\n<td class=\"standard\" style=\"border-style: solid; border-width: 1px;\" width=\"182\" height=\"21\" bgcolor=\"#ffffcc\"><span style=\"font-family: Verdana; color: #444444;\">Hobbies:<\/span><\/td>\n<td class=\"standard\" style=\"border-style: solid; border-width: 1px;\" width=\"228\" height=\"21\" bgcolor=\"#ffffcc\"><span style=\"font-family: Verdana; color: #444444;\">Fu\u00dfball<\/span><\/td>\n<\/tr>\n<tr>\n<td class=\"standard\" style=\"border-style: solid; border-width: 1px;\" width=\"182\" height=\"21\" bgcolor=\"#ffffcc\"><span style=\"font-family: Verdana; color: #444444;\">Lieblingsverein:<\/span><\/td>\n<td class=\"standard\" style=\"border-style: solid; border-width: 1px;\" width=\"228\" height=\"21\" bgcolor=\"#ffffcc\"><\/td>\n<\/tr>\n<tr>\n<td class=\"standard\" style=\"border-style: solid; border-width: 1px;\" width=\"182\" height=\"21\" bgcolor=\"#ffffcc\"><span style=\"font-family: Verdana; color: #444444;\">Familienstand:<\/span><\/td>\n<td class=\"standard\" style=\"border-style: solid; border-width: 1px;\" width=\"228\" height=\"21\" bgcolor=\"#ffffcc\"><span style=\"font-family: Verdana; color: #444444;\">ledig<\/span><\/td>\n<\/tr>\n<tr>\n<td class=\"standard\" style=\"border-style: solid; border-width: 1px;\" width=\"182\" height=\"21\" valign=\"top\" bgcolor=\"#ffffcc\"><span style=\"font-family: Verdana; color: #444444;\">Email:<\/span><\/td>\n<td class=\"standard\" style=\"border-style: solid; border-width: 1px;\" width=\"228\" height=\"21\" valign=\"top\" bgcolor=\"#ffffcc\"><\/td>\n<\/tr>\n<tr>\n<td class=\"standard\" colspan=\"2\" width=\"413\" height=\"21\" valign=\"top\">\n<p align=\"center\">\n<p align=\"center\"><img loading=\"lazy\" decoding=\"async\" src=\"http:\/\/krecklow.de\/grashalmabknicker\/wp-content\/uploads\/Bilder\/soeren2.jpg\" border=\"0\" alt=\"\"  width=\"348\" height=\"465\"\/><\/p>\n<\/td>\n<\/tr>\n<\/tbody>\n<\/table>\n","protected":false},"excerpt":{"rendered":"<p>S\u00f6ren &#8211; unsere Nr. 9 Name: S\u00f6ren Position: St\u00fcrmer geboren am: in: Brandenburg Beruf: Zivildienstleistender Hobbies: Fu\u00dfball Lieblingsverein: Familienstand: ledig Email:<\/p>\n","protected":false},"author":1,"featured_media":0,"parent":15,"menu_order":0,"comment_status":"closed","ping_status":"closed","template":"","meta":{"footnotes":""},"class_list":["post-25","page","type-page","status-publish","hentry"],"_links":{"self":[{"href":"https:\/\/krecklow.de\/grashalmabknicker\/index.php?rest_route=\/wp\/v2\/pages\/25","targetHints":{"allow":["GET"]}}],"collection":[{"href":"https:\/\/krecklow.de\/grashalmabknicker\/index.php?rest_route=\/wp\/v2\/pages"}],"about":[{"href":"https:\/\/krecklow.de\/grashalmabknicker\/index.php?rest_route=\/wp\/v2\/types\/page"}],"author":[{"embeddable":true,"href":"https:\/\/krecklow.de\/grashalmabknicker\/index.php?rest_route=\/wp\/v2\/users\/1"}],"replies":[{"embeddable":true,"href":"https:\/\/krecklow.de\/grashalmabknicker\/index.php?rest_route=%2Fwp%2Fv2%2Fcomments&post=25"}],"version-history":[{"count":0,"href":"https:\/\/krecklow.de\/grashalmabknicker\/index.php?rest_route=\/wp\/v2\/pages\/25\/revisions"}],"up":[{"embeddable":true,"href":"https:\/\/krecklow.de\/grashalmabknicker\/index.php?rest_route=\/wp\/v2\/pages\/15"}],"wp:attachment":[{"href":"https:\/\/krecklow.de\/grashalmabknicker\/index.php?rest_route=%2Fwp%2Fv2%2Fmedia&parent=25"}],"curies":[{"name":"wp","href":"https:\/\/api.w.org\/{rel}","templated":true}]}}