{"id":23,"date":"2008-06-24T10:45:09","date_gmt":"2008-06-24T08:45:09","guid":{"rendered":"http:\/\/krecklow.de\/grashalmabknicker\/?page_id=23"},"modified":"2009-05-23T12:00:52","modified_gmt":"2009-05-23T10:00:52","slug":"peter","status":"publish","type":"page","link":"https:\/\/krecklow.de\/grashalmabknicker\/?page_id=23","title":{"rendered":"Peter"},"content":{"rendered":"<table style=\"border-collapse: collapse; height: 361px;\" border=\"0\" cellspacing=\"0\" cellpadding=\"2\" width=\"421\" bordercolor=\"#111111\">\n<tbody>\n<tr>\n<td class=\"standard\" colspan=\"2\" width=\"413\" height=\"38\">\n<p align=\"center\"><span style=\"font-family: Verdana; color: #ff0000; font-size: medium;\"> Peter &#8211; unsere Nr. 1<\/span><\/p>\n<\/td>\n<\/tr>\n<tr>\n<td class=\"standard\" style=\"border-style: solid; border-width: 1px;\" width=\"185\" height=\"20\" bgcolor=\"#ffffcc\"><span style=\"font-family: Verdana; color: #444444;\">Name:<\/span><\/td>\n<td class=\"standard\" style=\"border-style: solid; border-width: 1px;\" width=\"228\" height=\"20\" bgcolor=\"#ffffcc\"><span style=\"font-family: Verdana; color: #444444;\">Peter H\u00f6rster<\/span><\/td>\n<\/tr>\n<tr>\n<td class=\"standard\" style=\"border-style: solid; border-width: 1px;\" width=\"185\" height=\"21\" bgcolor=\"#ffffcc\"><span style=\"font-family: Verdana; color: #444444;\">Position:<\/span><\/td>\n<td class=\"standard\" style=\"border-style: solid; border-width: 1px;\" width=\"228\" height=\"21\" bgcolor=\"#ffffcc\"><span style=\"font-family: Verdana; color: #444444;\">Torwart<\/span><\/td>\n<\/tr>\n<tr>\n<td class=\"standard\" style=\"border-style: solid; border-width: 1px;\" width=\"185\" height=\"21\" bgcolor=\"#ffffcc\"><span style=\"font-family: Verdana; color: #444444;\">geboren am:<\/span><\/td>\n<td class=\"standard\" style=\"border-style: solid; border-width: 1px;\" width=\"228\" height=\"21\" bgcolor=\"#ffffcc\"><span style=\"font-family: Verdana; color: #444444;\">07.07.1983<\/span><\/td>\n<\/tr>\n<tr>\n<td class=\"standard\" style=\"border-style: solid; border-width: 1px;\" width=\"185\" height=\"20\" bgcolor=\"#ffffcc\"><span style=\"font-family: Verdana; color: #444444;\">in:<\/span><\/td>\n<td class=\"standard\" style=\"border-style: solid; border-width: 1px;\" width=\"228\" height=\"20\" bgcolor=\"#ffffcc\"><span style=\"font-family: Verdana; color: #444444;\">Brandenburg an der Havel<\/span><\/td>\n<\/tr>\n<tr>\n<td class=\"standard\" style=\"border-style: solid; border-width: 1px;\" width=\"185\" height=\"21\" bgcolor=\"#ffffcc\"><span style=\"font-family: Verdana; color: #444444;\">Beruf:<\/span><\/td>\n<td class=\"standard\" style=\"border-style: solid; border-width: 1px;\" width=\"228\" height=\"21\" bgcolor=\"#ffffcc\"><span style=\"font-family: Verdana; color: #444444;\">Netzspanner in ganz Deutschland<br \/>\n<\/span><\/td>\n<\/tr>\n<tr>\n<td class=\"standard\" style=\"border-style: solid; border-width: 1px;\" width=\"185\" height=\"21\" bgcolor=\"#ffffcc\"><span style=\"font-family: Verdana; color: #444444;\">Hobbies:<\/span><\/td>\n<td class=\"standard\" style=\"border-style: solid; border-width: 1px;\" width=\"228\" height=\"21\" bgcolor=\"#ffffcc\"><span style=\"font-family: Verdana; color: #444444;\">Fu\u00dfball, Feiern<\/span><\/td>\n<\/tr>\n<tr>\n<td class=\"standard\" style=\"border-style: solid; border-width: 1px;\" width=\"185\" height=\"21\" bgcolor=\"#ffffcc\"><span style=\"font-family: Verdana; color: #444444;\">Lieblingsverein:<\/span><\/td>\n<td class=\"standard\" style=\"border-style: solid; border-width: 1px;\" width=\"228\" height=\"21\" bgcolor=\"#ffffcc\"><span style=\"font-family: Verdana; color: #444444;\">1. FC K\u00f6ln<\/span><\/td>\n<\/tr>\n<tr>\n<td class=\"standard\" style=\"border-style: solid; border-width: 1px;\" width=\"185\" height=\"21\" bgcolor=\"#ffffcc\"><span style=\"font-family: Verdana; color: #444444;\">Familienstand:<\/span><\/td>\n<td class=\"standard\" style=\"border-style: solid; border-width: 1px;\" width=\"228\" height=\"21\" bgcolor=\"#ffffcc\"><span style=\"font-family: Verdana; color: #444444;\">ledig, aber vergeben, wird demn\u00e4chst Vater<br \/>\n<\/span><\/td>\n<\/tr>\n<tr>\n<td class=\"standard\" style=\"border-style: solid; border-width: 1px;\" width=\"185\" height=\"21\" valign=\"top\" bgcolor=\"#ffffcc\"><span style=\"font-family: Verdana; color: #444444;\">Email:<\/span><\/td>\n<td class=\"standard\" style=\"border-style: solid; border-width: 1px;\" width=\"228\" height=\"21\" valign=\"top\" bgcolor=\"#ffffcc\"><span style=\"font-family: Verdana;\"><a href=\"mailto:PeterHoerster@web.de\"> <span style=\"color: #444444; font-size: x-small;\">Hier klicken<\/span><\/a><\/span><\/td>\n<\/tr>\n<tr>\n<td class=\"standard\" colspan=\"2\" width=\"413\" height=\"21\" valign=\"top\">\n<p align=\"center\">\n<p align=\"center\"><img loading=\"lazy\" decoding=\"async\" src=\"http:\/\/krecklow.de\/grashalmabknicker\/wp-content\/uploads\/Bilder\/peter.JPG\" border=\"0\" alt=\"\" width=\"348\" height=\"465\" \/><\/p>\n<p align=\"center\"><img loading=\"lazy\" decoding=\"async\" src=\"http:\/\/krecklow.de\/grashalmabknicker\/wp-content\/uploads\/Bilder\/peter2.JPG\" border=\"0\" alt=\"\" width=\"465\" height=\"348\" \/><\/p>\n<p align=\"center\"><img loading=\"lazy\" decoding=\"async\" src=\"http:\/\/krecklow.de\/grashalmabknicker\/wp-content\/uploads\/Bilder\/peter1.jpg\" border=\"0\" alt=\"\" width=\"348\" height=\"465\" \/><\/p>\n<\/td>\n<\/tr>\n<\/tbody>\n<\/table>\n","protected":false},"excerpt":{"rendered":"<p>Peter &#8211; unsere Nr. 1 Name: Peter H\u00f6rster Position: Torwart geboren am: 07.07.1983 in: Brandenburg an der Havel Beruf: Netzspanner in ganz Deutschland Hobbies: Fu\u00dfball, Feiern Lieblingsverein: 1. FC K\u00f6ln Familienstand: ledig, aber vergeben, wird demn\u00e4chst Vater Email: Hier klicken<\/p>\n","protected":false},"author":1,"featured_media":0,"parent":15,"menu_order":0,"comment_status":"closed","ping_status":"closed","template":"","meta":{"footnotes":""},"class_list":["post-23","page","type-page","status-publish","hentry"],"_links":{"self":[{"href":"https:\/\/krecklow.de\/grashalmabknicker\/index.php?rest_route=\/wp\/v2\/pages\/23","targetHints":{"allow":["GET"]}}],"collection":[{"href":"https:\/\/krecklow.de\/grashalmabknicker\/index.php?rest_route=\/wp\/v2\/pages"}],"about":[{"href":"https:\/\/krecklow.de\/grashalmabknicker\/index.php?rest_route=\/wp\/v2\/types\/page"}],"author":[{"embeddable":true,"href":"https:\/\/krecklow.de\/grashalmabknicker\/index.php?rest_route=\/wp\/v2\/users\/1"}],"replies":[{"embeddable":true,"href":"https:\/\/krecklow.de\/grashalmabknicker\/index.php?rest_route=%2Fwp%2Fv2%2Fcomments&post=23"}],"version-history":[{"count":2,"href":"https:\/\/krecklow.de\/grashalmabknicker\/index.php?rest_route=\/wp\/v2\/pages\/23\/revisions"}],"predecessor-version":[{"id":262,"href":"https:\/\/krecklow.de\/grashalmabknicker\/index.php?rest_route=\/wp\/v2\/pages\/23\/revisions\/262"}],"up":[{"embeddable":true,"href":"https:\/\/krecklow.de\/grashalmabknicker\/index.php?rest_route=\/wp\/v2\/pages\/15"}],"wp:attachment":[{"href":"https:\/\/krecklow.de\/grashalmabknicker\/index.php?rest_route=%2Fwp%2Fv2%2Fmedia&parent=23"}],"curies":[{"name":"wp","href":"https:\/\/api.w.org\/{rel}","templated":true}]}}