{"id":21,"date":"2008-06-24T10:43:54","date_gmt":"2008-06-24T08:43:54","guid":{"rendered":"http:\/\/krecklow.de\/grashalmabknicker\/?page_id=21"},"modified":"2009-05-23T12:00:26","modified_gmt":"2009-05-23T10:00:26","slug":"graebi","status":"publish","type":"page","link":"https:\/\/krecklow.de\/grashalmabknicker\/?page_id=21","title":{"rendered":"Graebi"},"content":{"rendered":"<table style=\"border-collapse: collapse; height: 325px;\" border=\"0\" cellspacing=\"0\" cellpadding=\"2\" width=\"421\" bordercolor=\"#111111\">\n<tbody>\n<tr>\n<td class=\"standard\" colspan=\"2\" width=\"413\" height=\"38\" valign=\"top\">\n<p align=\"center\"><span style=\"font-family: Verdana; color: #ff0000; font-size: medium;\"> Graebi &#8211; unsere Nr. 10<\/span><\/p>\n<\/td>\n<\/tr>\n<tr>\n<td class=\"standard\" style=\"border-style: solid; border-width: 1px;\" width=\"185\" height=\"20\" bgcolor=\"#ffffcc\"><span style=\"font-family: Verdana; color: #444444;\">Name:<\/span><\/td>\n<td class=\"standard\" style=\"border-style: solid; border-width: 1px;\" width=\"228\" height=\"20\" bgcolor=\"#ffffcc\"><span style=\"font-family: Verdana; color: #444444;\">Sebastian Graeber<\/span><\/td>\n<\/tr>\n<tr>\n<td class=\"standard\" style=\"border-style: solid; border-width: 1px;\" width=\"185\" height=\"21\" bgcolor=\"#ffffcc\"><span style=\"font-family: Verdana; color: #444444;\">Position:<\/span><\/td>\n<td class=\"standard\" style=\"border-style: solid; border-width: 1px;\" width=\"228\" height=\"21\" bgcolor=\"#ffffcc\"><span style=\"font-family: Verdana; color: #444444;\">Verteidiger<\/span><\/td>\n<\/tr>\n<tr>\n<td class=\"standard\" style=\"border-style: solid; border-width: 1px;\" width=\"185\" height=\"21\" bgcolor=\"#ffffcc\"><span style=\"font-family: Verdana; color: #444444;\">geboren am:<\/span><\/td>\n<td class=\"standard\" style=\"border-style: solid; border-width: 1px;\" width=\"228\" height=\"21\" bgcolor=\"#ffffcc\"><span style=\"font-family: Verdana; color: #444444;\"> September 1979<br \/>\n<\/span><\/td>\n<\/tr>\n<tr>\n<td class=\"standard\" style=\"border-style: solid; border-width: 1px;\" width=\"185\" height=\"20\" bgcolor=\"#ffffcc\"><span style=\"font-family: Verdana; color: #444444;\">in:<\/span><\/td>\n<td class=\"standard\" style=\"border-style: solid; border-width: 1px;\" width=\"228\" height=\"20\" bgcolor=\"#ffffcc\"><span style=\"font-family: Verdana; color: #444444;\">Brandenburg an der Havel<\/span><\/td>\n<\/tr>\n<tr>\n<td class=\"standard\" style=\"border-style: solid; border-width: 1px;\" width=\"185\" height=\"21\" bgcolor=\"#ffffcc\"><span style=\"font-family: Verdana; color: #444444;\">Beruf:<\/span><\/td>\n<td class=\"standard\" style=\"border-style: solid; border-width: 1px;\" width=\"228\" height=\"21\" bgcolor=\"#ffffcc\"><span style=\"font-family: Verdana; color: #444444;\">Industriekaufmann in M\u00fcnchen<br \/>\n<\/span><\/td>\n<\/tr>\n<tr>\n<td class=\"standard\" style=\"border-style: solid; border-width: 1px;\" width=\"185\" height=\"21\" bgcolor=\"#ffffcc\"><span style=\"font-family: Verdana; color: #444444;\">Hobbies:<\/span><\/td>\n<td class=\"standard\" style=\"border-style: solid; border-width: 1px;\" width=\"228\" height=\"21\" bgcolor=\"#ffffcc\"><span style=\"font-family: Verdana; color: #444444;\">Fu\u00dfball, Feiern, Radeln<\/span><\/td>\n<\/tr>\n<tr>\n<td class=\"standard\" style=\"border-style: solid; border-width: 1px;\" width=\"185\" height=\"21\" bgcolor=\"#ffffcc\"><span style=\"font-family: Verdana; color: #444444;\">Lieblingsverein:<\/span><\/td>\n<td class=\"standard\" style=\"border-style: solid; border-width: 1px;\" width=\"228\" height=\"21\" bgcolor=\"#ffffcc\"><\/td>\n<\/tr>\n<tr>\n<td class=\"standard\" style=\"border-style: solid; border-width: 1px;\" width=\"185\" height=\"21\" bgcolor=\"#ffffcc\"><span style=\"font-family: Verdana; color: #444444;\">Familienstand:<\/span><\/td>\n<td class=\"standard\" style=\"border-style: solid; border-width: 1px;\" width=\"228\" height=\"21\" bgcolor=\"#ffffcc\"><span style=\"font-family: Verdana; color: #444444;\">ledig<\/span><\/td>\n<\/tr>\n<tr>\n<td class=\"standard\" style=\"border-style: solid; border-width: 1px;\" width=\"185\" height=\"21\" bgcolor=\"#ffffcc\"><span style=\"font-family: Verdana; color: #444444;\">Sonstiges:<\/span><\/td>\n<td class=\"standard\" style=\"border-style: solid; border-width: 1px;\" width=\"228\" height=\"21\" bgcolor=\"#ffffcc\"><span style=\"font-family: Verdana; color: #444444;\">arbeitet in M\u00fcnchen, ist  \t\t\t\t\tdaher nicht mehr so oft in Brandenburg bei Turnieren dabei<\/span><\/td>\n<\/tr>\n<tr>\n<td class=\"standard\" style=\"border-style: solid; border-width: 1px;\" width=\"185\" height=\"21\" valign=\"top\" bgcolor=\"#ffffcc\"><span style=\"font-family: Verdana; color: #444444;\">Email:<\/span><\/td>\n<td class=\"standard\" style=\"border-style: solid; border-width: 1px;\" width=\"228\" height=\"21\" valign=\"top\" bgcolor=\"#ffffcc\"><span style=\"font-family: Verdana;\"><a href=\"mailto:s-graeber@web.de\"> <span style=\"color: #444444; font-size: x-small;\">Hier klicken<\/span><\/a><\/span><\/td>\n<\/tr>\n<tr>\n<td class=\"standard\" colspan=\"2\" width=\"413\" height=\"21\" valign=\"top\">\n<p align=\"center\">\n<p align=\"center\"><img loading=\"lazy\" decoding=\"async\" src=\"http:\/\/krecklow.de\/grashalmabknicker\/wp-content\/uploads\/Bilder\/graebi2.jpg\" border=\"0\" alt=\"\" width=\"348\" height=\"465\" \/><\/p>\n<\/td>\n<\/tr>\n<\/tbody>\n<\/table>\n","protected":false},"excerpt":{"rendered":"<p>Graebi &#8211; unsere Nr. 10 Name: Sebastian Graeber Position: Verteidiger geboren am: September 1979 in: Brandenburg an der Havel Beruf: Industriekaufmann in M\u00fcnchen Hobbies: Fu\u00dfball, Feiern, Radeln Lieblingsverein: Familienstand: ledig Sonstiges: arbeitet in M\u00fcnchen, ist daher nicht mehr so oft in Brandenburg bei Turnieren dabei Email: Hier klicken<\/p>\n","protected":false},"author":1,"featured_media":0,"parent":15,"menu_order":0,"comment_status":"closed","ping_status":"closed","template":"","meta":{"footnotes":""},"class_list":["post-21","page","type-page","status-publish","hentry"],"_links":{"self":[{"href":"https:\/\/krecklow.de\/grashalmabknicker\/index.php?rest_route=\/wp\/v2\/pages\/21","targetHints":{"allow":["GET"]}}],"collection":[{"href":"https:\/\/krecklow.de\/grashalmabknicker\/index.php?rest_route=\/wp\/v2\/pages"}],"about":[{"href":"https:\/\/krecklow.de\/grashalmabknicker\/index.php?rest_route=\/wp\/v2\/types\/page"}],"author":[{"embeddable":true,"href":"https:\/\/krecklow.de\/grashalmabknicker\/index.php?rest_route=\/wp\/v2\/users\/1"}],"replies":[{"embeddable":true,"href":"https:\/\/krecklow.de\/grashalmabknicker\/index.php?rest_route=%2Fwp%2Fv2%2Fcomments&post=21"}],"version-history":[{"count":2,"href":"https:\/\/krecklow.de\/grashalmabknicker\/index.php?rest_route=\/wp\/v2\/pages\/21\/revisions"}],"predecessor-version":[{"id":261,"href":"https:\/\/krecklow.de\/grashalmabknicker\/index.php?rest_route=\/wp\/v2\/pages\/21\/revisions\/261"}],"up":[{"embeddable":true,"href":"https:\/\/krecklow.de\/grashalmabknicker\/index.php?rest_route=\/wp\/v2\/pages\/15"}],"wp:attachment":[{"href":"https:\/\/krecklow.de\/grashalmabknicker\/index.php?rest_route=%2Fwp%2Fv2%2Fmedia&parent=21"}],"curies":[{"name":"wp","href":"https:\/\/api.w.org\/{rel}","templated":true}]}}