{"id":154,"date":"2009-05-21T14:50:54","date_gmt":"2009-05-21T12:50:54","guid":{"rendered":"http:\/\/krecklow.de\/grashalmabknicker\/?page_id=154"},"modified":"2009-05-22T08:24:29","modified_gmt":"2009-05-22T06:24:29","slug":"himmelfahrtsturnier-blau-weis-am-21052009","status":"publish","type":"page","link":"https:\/\/krecklow.de\/grashalmabknicker\/?page_id=154","title":{"rendered":"Himmelfahrtsturnier &#8222;Blau Wei\u00df&#8220; am 21.05.2009"},"content":{"rendered":"<ul style=\"text-align: justify;\">\n<li>FC Stahl III &#8211; <strong>Grashalmabknicker<\/strong> 3 : 2<\/li>\n<\/ul>\n<p style=\"text-align: justify;\">Trotz der Niederlage ein guter Start ins Turnier, wir haben zu Beginn das 1:0 bekommen, konnten aber durch einen sch\u00f6nen Alleingang von <span style=\"color: #ff0000;\">Olli<\/span> zum 1:1 ausgleichen. Leider bekamen wir danach 2 weitere Gegentore zum 3:1. <span style=\"color: #ff0000;\">Olli<\/span> wiederum konnte nach einer Vorlage von <em>Marc<\/em> aber noch auf 3:2 verk\u00fcrzen. Mit etwas Gl\u00fcck h\u00e4tten wir auch noch den Ausgleich erzielen k\u00f6nnen, jedoch scheiterten wir immer wieder am gut aufgelegten Torwart. Somit blieb es beim 3:2.<\/p>\n<ul style=\"text-align: justify;\">\n<li><strong>Grashalmabknicker<\/strong> &#8211; SFB 94 1 : 0<\/li>\n<\/ul>\n<p style=\"text-align: justify;\">Eigentlich hatten wir gegen den Serienstadligameister mit einer weiteren Niederlage gerechnet. Es kam jedoch anders. Wir konnten das Spiel offen und ausgeglichen gestalten. Nach einem sch\u00f6nen Pass von <em>Olli<\/em> von links erzielte <span style=\"color: #339966;\"><span style=\"color: #ff0000;\">Marc<\/span> <\/span>sein erstes Tor in diesem Turnier. SFB 94 wurde danach st\u00e4rker und hatte mehrmals den Ausgleich auf dem Fuss, aber zum Gl\u00fcck f\u00fcr uns blieb es beim verdienten 1:0 f\u00fcr uns.<\/p>\n<ul style=\"text-align: justify;\">\n<li>\u00dcbungsleiter FC Stahl &#8211; <strong>Grashalmabknicker<\/strong> 5 : 0<\/li>\n<\/ul>\n<p style=\"text-align: justify;\">Gegen den sp\u00e4teren Turniersieger hatten wir keine Chance. Da uns der 3. Platz auch nicht mehr zu nehmen war, hielt sich unsere Motivation in diesem Spiel in Grenzen. Die \u00dcbungsleiter waren ein paar Klassen st\u00e4rker als wir.<\/p>\n<p style=\"text-align: justify;\">Wir wurden mit 3 Punkten und 3:8 Toren 3. unserer Gruppe und zogen demnach ins Spiel um Platz 5 ein.<\/p>\n<p style=\"text-align: justify;\"><strong>Spiel um Platz 5<\/strong><\/p>\n<ul style=\"text-align: justify;\">\n<li><strong>Grashalmabknicker<\/strong> &#8211; Flasche leer aka FC Stahl Frauen 4 : 1<\/li>\n<\/ul>\n<p style=\"text-align: justify;\">Gegen die Frauen vom FC Stahl waren wir nat\u00fcrlich richtig motiviert. Keiner wollte sich nachsagen lassen gegen eine Frauenmannschaft zu verlieren. Die Frauenmannchaft durfte mit 8 Mann spielen und jedes erzielte Tor z\u00e4hlte doppelt. Zu Beginn hatten wir ne Menge Chancen, die jedoch kl\u00e4glich vergeben wurden. Nachdem Marc im Strafraum zu Fall gebracht wurde schoss Peter den Strafsto\u00df an den Pfosten, den Nachschuss konnte Patrick auch nicht verwerten und das obwohl der Torwart am Boden lag. Dennoch ging das Spiel in nur eine Richtung. Folgerichtig erzielte<span style=\"color: #ff0000;\"> Marc<\/span> dann das erl\u00f6sende 1:0 , nachdem <em>Peter<\/em> den Torwart angeschossen hatte und Marc den Abpraller verwerten konnte. Das 2:0 besorgte <span style=\"color: #ff0000;\">Patrick<\/span> nach Vorlage von <em>Marc<\/em>. Den 3. Treffer erzielte <span style=\"color: #ff0000;\">Peter<\/span> nach sch\u00f6ner Vorlage von <em>Olli<\/em>. Das 4:0 wurde dann nach einer sch\u00f6nen Kombination im gegnerischen Strafraum von <span style=\"color: #339966;\"><span style=\"color: #ff0000;\">Krecki<\/span> <\/span>geschossen, die Vorlage kam wiederum von <em>Marc<\/em>. Die Damen konnten dann durch einen herrlichen 15m Schuss in den rechten Winkel in der letzten Minute noch den Ehrentreffer erzielen.<\/p>\n<p style=\"text-align: justify;\">Mit diesem Sieg wurden wir in der Endabrechnung 5. von 8 Mannschaften.<\/p>\n<p style=\"text-align: justify;\"><strong>Fazit:<\/strong><\/p>\n<p style=\"text-align: justify;\">Wir haben ein sehr gutes Turnier gespielt. Platz 5 ist ein sehr gutes Ergebnis wenn man bedenkt, dass beide Finalteilnehmer aus unserer Gruppe kamen.<\/p>\n","protected":false},"excerpt":{"rendered":"<p>FC Stahl III &#8211; Grashalmabknicker 3 : 2 Trotz der Niederlage ein guter Start ins Turnier, wir haben zu Beginn das 1:0 bekommen, konnten aber durch einen sch\u00f6nen Alleingang von Olli zum 1:1 ausgleichen. Leider bekamen wir danach 2 weitere Gegentore zum 3:1. Olli wiederum konnte nach einer Vorlage von Marc aber noch auf 3:2 verk\u00fcrzen. Mit etwas Gl\u00fcck h\u00e4tten wir auch noch den Ausgleich erzielen k\u00f6nnen, jedoch scheiterten wir immer wieder am gut aufgelegten Torwart. Somit blieb es beim&hellip; <a href=\"https:\/\/krecklow.de\/grashalmabknicker\/?page_id=154\">Continue reading <span class=\"meta-nav\">&raquo;<\/span><\/a><\/p>\n","protected":false},"author":1,"featured_media":0,"parent":37,"menu_order":0,"comment_status":"open","ping_status":"open","template":"","meta":{"footnotes":""},"class_list":["post-154","page","type-page","status-publish","hentry"],"_links":{"self":[{"href":"https:\/\/krecklow.de\/grashalmabknicker\/index.php?rest_route=\/wp\/v2\/pages\/154","targetHints":{"allow":["GET"]}}],"collection":[{"href":"https:\/\/krecklow.de\/grashalmabknicker\/index.php?rest_route=\/wp\/v2\/pages"}],"about":[{"href":"https:\/\/krecklow.de\/grashalmabknicker\/index.php?rest_route=\/wp\/v2\/types\/page"}],"author":[{"embeddable":true,"href":"https:\/\/krecklow.de\/grashalmabknicker\/index.php?rest_route=\/wp\/v2\/users\/1"}],"replies":[{"embeddable":true,"href":"https:\/\/krecklow.de\/grashalmabknicker\/index.php?rest_route=%2Fwp%2Fv2%2Fcomments&post=154"}],"version-history":[{"count":3,"href":"https:\/\/krecklow.de\/grashalmabknicker\/index.php?rest_route=\/wp\/v2\/pages\/154\/revisions"}],"predecessor-version":[{"id":195,"href":"https:\/\/krecklow.de\/grashalmabknicker\/index.php?rest_route=\/wp\/v2\/pages\/154\/revisions\/195"}],"up":[{"embeddable":true,"href":"https:\/\/krecklow.de\/grashalmabknicker\/index.php?rest_route=\/wp\/v2\/pages\/37"}],"wp:attachment":[{"href":"https:\/\/krecklow.de\/grashalmabknicker\/index.php?rest_route=%2Fwp%2Fv2%2Fmedia&parent=154"}],"curies":[{"name":"wp","href":"https:\/\/api.w.org\/{rel}","templated":true}]}}