{"id":901,"date":"2013-02-10T16:21:15","date_gmt":"2013-02-10T14:21:15","guid":{"rendered":"http:\/\/krecklow.de\/goalunited\/?page_id=901"},"modified":"2016-07-21T15:59:38","modified_gmt":"2016-07-21T13:59:38","slug":"lammertz","status":"publish","type":"page","link":"https:\/\/krecklow.de\/goalunited\/abknicker-of-fame\/lammertz\/","title":{"rendered":"Nr. 05 &#8211; Lammertz"},"content":{"rendered":"<p>Unsere Nummer 5:<\/p>\n<p>03.02.2016<\/p>\n<p><a href=\"https:\/\/krecklow.de\/goalunited\/?attachment_id=2955\" rel=\"attachment wp-att-2955\"><img loading=\"lazy\" decoding=\"async\" class=\"aligncenter size-full wp-image-2955\" src=\"https:\/\/krecklow.de\/goalunited\/wp-content\/uploads\/2013\/02\/2016-02-03_145018.png\" alt=\"2016-02-03_145018\" width=\"560\" height=\"627\" srcset=\"https:\/\/krecklow.de\/goalunited\/wp-content\/uploads\/2013\/02\/2016-02-03_145018.png 560w, https:\/\/krecklow.de\/goalunited\/wp-content\/uploads\/2013\/02\/2016-02-03_145018-268x300.png 268w\" sizes=\"auto, (max-width: 560px) 100vw, 560px\" \/><\/a><\/p>\n<p>15.05.2015<\/p>\n<p><a href=\"https:\/\/krecklow.de\/goalunited\/wp-content\/uploads\/2013\/02\/2015-05-15_090111.png\"><img loading=\"lazy\" decoding=\"async\" class=\"aligncenter size-full wp-image-2504\" src=\"https:\/\/krecklow.de\/goalunited\/wp-content\/uploads\/2013\/02\/2015-05-15_090111.png\" alt=\"2015-05-15_090111\" width=\"553\" height=\"622\" srcset=\"https:\/\/krecklow.de\/goalunited\/wp-content\/uploads\/2013\/02\/2015-05-15_090111.png 553w, https:\/\/krecklow.de\/goalunited\/wp-content\/uploads\/2013\/02\/2015-05-15_090111-267x300.png 267w\" sizes=\"auto, (max-width: 553px) 100vw, 553px\" \/><\/a><\/p>\n<p>20.11.2014<\/p>\n<p><a href=\"https:\/\/krecklow.de\/goalunited\/wp-content\/uploads\/2013\/02\/Lammertz.jpg\"><img loading=\"lazy\" decoding=\"async\" class=\"aligncenter size-full wp-image-1975\" src=\"https:\/\/krecklow.de\/goalunited\/wp-content\/uploads\/2013\/02\/Lammertz.jpg\" alt=\"Lammertz\" width=\"641\" height=\"716\" srcset=\"https:\/\/krecklow.de\/goalunited\/wp-content\/uploads\/2013\/02\/Lammertz.jpg 641w, https:\/\/krecklow.de\/goalunited\/wp-content\/uploads\/2013\/02\/Lammertz-268x300.jpg 268w\" sizes=\"auto, (max-width: 641px) 100vw, 641px\" \/><\/a><\/p>\n<p>10.02.2013<\/p>\n<p><a href=\"https:\/\/krecklow.de\/goalunited\/wp-content\/uploads\/2013\/02\/J\u00f6rg.png\"><img loading=\"lazy\" decoding=\"async\" class=\"aligncenter size-full wp-image-891\" src=\"https:\/\/krecklow.de\/goalunited\/wp-content\/uploads\/2013\/02\/J\u00f6rg.png\" alt=\"J\u00f6rg\" width=\"439\" height=\"489\" srcset=\"https:\/\/krecklow.de\/goalunited\/wp-content\/uploads\/2013\/02\/J\u00f6rg.png 439w, https:\/\/krecklow.de\/goalunited\/wp-content\/uploads\/2013\/02\/J\u00f6rg-269x300.png 269w\" sizes=\"auto, (max-width: 439px) 100vw, 439px\" \/><\/a>J\u00f6rg wurde am 10.02.2013 f\u00fcr 22,8 Mio EUR gekauft. Bei guter Entwicklung ist er auf den Fl\u00fcgeln universell einsetzbar.<\/p>\n<p>&nbsp;<\/p>\n<p>Seine Skills zu den Geburtstagen:<\/p>\n<table width=\"630\">\n<tbody>\n<tr>\n<td width=\"80\">Lammertz<\/td>\n<td width=\"70\">unflex<\/td>\n<td width=\"34\">18<\/td>\n<td width=\"31\">9<\/td>\n<td width=\"26\">1<\/td>\n<td width=\"23\">15<\/td>\n<td width=\"31\">22<\/td>\n<td width=\"23\">42<\/td>\n<td width=\"23\">26<\/td>\n<td width=\"63\">105<\/td>\n<td width=\"86\">105<\/td>\n<td width=\"35\">15<\/td>\n<td width=\"36\">22<\/td>\n<td width=\"33\">42<\/td>\n<td width=\"36\">26<\/td>\n<\/tr>\n<tr>\n<td>Lammertz<\/td>\n<td>unflex<\/td>\n<td>19<\/td>\n<td>15<\/td>\n<td>1<\/td>\n<td>32<\/td>\n<td>36<\/td>\n<td>51<\/td>\n<td>39<\/td>\n<td>158<\/td>\n<td>53<\/td>\n<td>17<\/td>\n<td>14<\/td>\n<td>9<\/td>\n<td>13<\/td>\n<\/tr>\n<tr>\n<td>Lammertz<\/td>\n<td>unflex<\/td>\n<td>20<\/td>\n<td>17<\/td>\n<td>1<\/td>\n<td>46<\/td>\n<td>48<\/td>\n<td>59<\/td>\n<td>50<\/td>\n<td>203<\/td>\n<td>45<\/td>\n<td>14<\/td>\n<td>12<\/td>\n<td>8<\/td>\n<td>11<\/td>\n<\/tr>\n<tr>\n<td>Lammertz<\/td>\n<td>unflex<\/td>\n<td>21<\/td>\n<td>19<\/td>\n<td>1<\/td>\n<td>58<\/td>\n<td>60<\/td>\n<td>66<\/td>\n<td>60<\/td>\n<td>244<\/td>\n<td>41<\/td>\n<td>12<\/td>\n<td>12<\/td>\n<td>7<\/td>\n<td>10<\/td>\n<\/tr>\n<tr>\n<td>Lammertz<\/td>\n<td>unflex<\/td>\n<td>22<\/td>\n<td>23<\/td>\n<td>1<\/td>\n<td>64<\/td>\n<td>76<\/td>\n<td>73<\/td>\n<td>66<\/td>\n<td>279<\/td>\n<td>35<\/td>\n<td>6<\/td>\n<td>16<\/td>\n<td>7<\/td>\n<td>6<\/td>\n<\/tr>\n<tr>\n<td>Lammertz<\/td>\n<td>unflex<\/td>\n<td>23<\/td>\n<td>36<\/td>\n<td>1<\/td>\n<td>76<\/td>\n<td>84<\/td>\n<td>79<\/td>\n<td>73<\/td>\n<td>312<\/td>\n<td>33<\/td>\n<td>12<\/td>\n<td>8<\/td>\n<td>6<\/td>\n<td>7<\/td>\n<\/tr>\n<tr>\n<td>Lammertz<\/td>\n<td>unflex<\/td>\n<td>24<\/td>\n<td>57<\/td>\n<td>1<\/td>\n<td>84<\/td>\n<td>89<\/td>\n<td>88<\/td>\n<td>78<\/td>\n<td>339<\/td>\n<td>27<\/td>\n<td>8<\/td>\n<td>5<\/td>\n<td>9<\/td>\n<td>5<\/td>\n<\/tr>\n<tr>\n<td>Lammertz<\/td>\n<td>unflex<\/td>\n<td>25<\/td>\n<td>79<\/td>\n<td>1<\/td>\n<td>90<\/td>\n<td>92<\/td>\n<td>92<\/td>\n<td>84<\/td>\n<td>358<\/td>\n<td>19<\/td>\n<td>6<\/td>\n<td>3<\/td>\n<td>4<\/td>\n<td>6<\/td>\n<\/tr>\n<tr>\n<td>Lammertz<\/td>\n<td>unflex<\/td>\n<td>26<\/td>\n<td>100<\/td>\n<td>1<\/td>\n<td>95<\/td>\n<td>94<\/td>\n<td>94<\/td>\n<td>87<\/td>\n<td>370<\/td>\n<td>12<\/td>\n<td>5<\/td>\n<td>2<\/td>\n<td>2<\/td>\n<td>3<\/td>\n<\/tr>\n<tr>\n<td>Lammertz<\/td>\n<td>unflex<\/td>\n<td>27<\/td>\n<td>100<\/td>\n<td>1<\/td>\n<td>97<\/td>\n<td>96<\/td>\n<td>96<\/td>\n<td>88<\/td>\n<td>377<\/td>\n<td>7<\/td>\n<td>2<\/td>\n<td>2<\/td>\n<td>2<\/td>\n<td>1<\/td>\n<\/tr>\n<\/tbody>\n<\/table>\n","protected":false},"excerpt":{"rendered":"<p>Unsere Nummer 5: 03.02.2016 15.05.2015 20.11.2014 10.02.2013 J\u00f6rg wurde am 10.02.2013 f\u00fcr 22,8 Mio EUR gekauft. Bei guter Entwicklung ist er auf den Fl\u00fcgeln universell einsetzbar. &nbsp; Seine Skills zu den Geburtstagen: Lammertz unflex 18 9 1 15 22 42 &hellip; <a href=\"https:\/\/krecklow.de\/goalunited\/abknicker-of-fame\/lammertz\/\">Weiterlesen <span class=\"meta-nav\">&rarr;<\/span><\/a><\/p>\n","protected":false},"author":2,"featured_media":0,"parent":520,"menu_order":0,"comment_status":"open","ping_status":"closed","template":"","meta":{"footnotes":""},"class_list":["post-901","page","type-page","status-publish","hentry"],"aioseo_notices":[],"_links":{"self":[{"href":"https:\/\/krecklow.de\/goalunited\/wp-json\/wp\/v2\/pages\/901","targetHints":{"allow":["GET"]}}],"collection":[{"href":"https:\/\/krecklow.de\/goalunited\/wp-json\/wp\/v2\/pages"}],"about":[{"href":"https:\/\/krecklow.de\/goalunited\/wp-json\/wp\/v2\/types\/page"}],"author":[{"embeddable":true,"href":"https:\/\/krecklow.de\/goalunited\/wp-json\/wp\/v2\/users\/2"}],"replies":[{"embeddable":true,"href":"https:\/\/krecklow.de\/goalunited\/wp-json\/wp\/v2\/comments?post=901"}],"version-history":[{"count":14,"href":"https:\/\/krecklow.de\/goalunited\/wp-json\/wp\/v2\/pages\/901\/revisions"}],"predecessor-version":[{"id":2956,"href":"https:\/\/krecklow.de\/goalunited\/wp-json\/wp\/v2\/pages\/901\/revisions\/2956"}],"up":[{"embeddable":true,"href":"https:\/\/krecklow.de\/goalunited\/wp-json\/wp\/v2\/pages\/520"}],"wp:attachment":[{"href":"https:\/\/krecklow.de\/goalunited\/wp-json\/wp\/v2\/media?parent=901"}],"curies":[{"name":"wp","href":"https:\/\/api.w.org\/{rel}","templated":true}]}}