{"id":368,"date":"2012-07-24T16:34:03","date_gmt":"2012-07-24T14:34:03","guid":{"rendered":"http:\/\/krecklow.de\/goalunited\/?page_id=368"},"modified":"2012-10-08T15:25:00","modified_gmt":"2012-10-08T13:25:00","slug":"nr-70-blumy","status":"publish","type":"page","link":"https:\/\/krecklow.de\/goalunited\/abknicker-of-fame\/nr-70-blumy\/","title":{"rendered":"Nr. 70 &#8211; Blumy"},"content":{"rendered":"<p>Unsere Nummer 70:<\/p>\n<p><a href=\"https:\/\/krecklow.de\/goalunited\/wp-content\/uploads\/2012\/07\/2012-07-24_162226.jpg\"><img loading=\"lazy\" decoding=\"async\" class=\"aligncenter size-full wp-image-369\" title=\"Blumy\" src=\"https:\/\/krecklow.de\/goalunited\/wp-content\/uploads\/2012\/07\/2012-07-24_162226.jpg\" alt=\"\" width=\"551\" height=\"621\" srcset=\"https:\/\/krecklow.de\/goalunited\/wp-content\/uploads\/2012\/07\/2012-07-24_162226.jpg 551w, https:\/\/krecklow.de\/goalunited\/wp-content\/uploads\/2012\/07\/2012-07-24_162226-266x300.jpg 266w\" sizes=\"auto, (max-width: 551px) 100vw, 551px\" \/><\/a><\/p>\n<p style=\"text-align: justify;\">Blumy stie\u00df als 18j\u00e4hriger zum Profiteam. Fortan entwickelte er sich zum Publikumsliebling sowie zum 11m Sch\u00fctzen. Er\u00a0 entwickelte sich zur Stammkraft im Sturmzentrum.<\/p>\n<p>Hier seine Feldskills zu den Geburtstagen:<\/p>\n<ul>\n<li>zum 19. Geburtstag: 92<\/li>\n<li>zum 20. Geburtstag: 134<\/li>\n<li>zum 21. Geburtstag: 167<\/li>\n<li>zum 22. Geburtstag: 195<\/li>\n<li>zum 23. Geburtstag: 225<\/li>\n<li>zum 24. Geburtstag: 251<\/li>\n<\/ul>\n<p>Blumy wurde am 17.09.2012 f\u00fcr 18,5Mio EUR an The Silverhawks aus Spanien verkauft. Er absolvierte bei den Abknickern 113 Eins\u00e4tze und brachte es dabei auf 60 Tore.<\/p>\n","protected":false},"excerpt":{"rendered":"<p>Unsere Nummer 70: Blumy stie\u00df als 18j\u00e4hriger zum Profiteam. Fortan entwickelte er sich zum Publikumsliebling sowie zum 11m Sch\u00fctzen. Er\u00a0 entwickelte sich zur Stammkraft im Sturmzentrum. Hier seine Feldskills zu den Geburtstagen: zum 19. Geburtstag: 92 zum 20. Geburtstag: 134 &hellip; <a href=\"https:\/\/krecklow.de\/goalunited\/abknicker-of-fame\/nr-70-blumy\/\">Weiterlesen <span class=\"meta-nav\">&rarr;<\/span><\/a><\/p>\n","protected":false},"author":2,"featured_media":0,"parent":520,"menu_order":0,"comment_status":"open","ping_status":"closed","template":"","meta":{"footnotes":""},"class_list":["post-368","page","type-page","status-publish","hentry"],"aioseo_notices":[],"_links":{"self":[{"href":"https:\/\/krecklow.de\/goalunited\/wp-json\/wp\/v2\/pages\/368","targetHints":{"allow":["GET"]}}],"collection":[{"href":"https:\/\/krecklow.de\/goalunited\/wp-json\/wp\/v2\/pages"}],"about":[{"href":"https:\/\/krecklow.de\/goalunited\/wp-json\/wp\/v2\/types\/page"}],"author":[{"embeddable":true,"href":"https:\/\/krecklow.de\/goalunited\/wp-json\/wp\/v2\/users\/2"}],"replies":[{"embeddable":true,"href":"https:\/\/krecklow.de\/goalunited\/wp-json\/wp\/v2\/comments?post=368"}],"version-history":[{"count":0,"href":"https:\/\/krecklow.de\/goalunited\/wp-json\/wp\/v2\/pages\/368\/revisions"}],"up":[{"embeddable":true,"href":"https:\/\/krecklow.de\/goalunited\/wp-json\/wp\/v2\/pages\/520"}],"wp:attachment":[{"href":"https:\/\/krecklow.de\/goalunited\/wp-json\/wp\/v2\/media?parent=368"}],"curies":[{"name":"wp","href":"https:\/\/api.w.org\/{rel}","templated":true}]}}