{"id":3679,"date":"2017-10-20T14:55:01","date_gmt":"2017-10-20T12:55:01","guid":{"rendered":"http:\/\/krecklow.de\/goalunited\/?page_id=3679"},"modified":"2020-11-26T15:41:19","modified_gmt":"2020-11-26T13:41:19","slug":"nr-23-volchek","status":"publish","type":"page","link":"https:\/\/krecklow.de\/goalunited\/transfers\/verkaeufe\/nr-23-volchek\/","title":{"rendered":"Nr. 06 &#8211; the Voice Volchek"},"content":{"rendered":"<p>Unsere Nummer 6<\/p>\n<p>Volchek wurde am 30.05.2017 f\u00fcr 13,5Mio von den Foot Fighters verpflichet und wird Matze Belz im Q5 ersetzen!<\/p>\n<p>26.11.2020<\/p>\n<p><a href=\"https:\/\/krecklow.de\/goalunited\/?attachment_id=5006\" rel=\"attachment wp-att-5006\"><img loading=\"lazy\" decoding=\"async\" class=\"aligncenter size-full wp-image-5006\" src=\"https:\/\/krecklow.de\/goalunited\/wp-content\/uploads\/2020\/11\/volchek-1.jpg\" alt=\"\" width=\"753\" height=\"847\" srcset=\"https:\/\/krecklow.de\/goalunited\/wp-content\/uploads\/2020\/11\/volchek-1.jpg 753w, https:\/\/krecklow.de\/goalunited\/wp-content\/uploads\/2020\/11\/volchek-1-267x300.jpg 267w\" sizes=\"auto, (max-width: 753px) 100vw, 753px\" \/><\/a><\/p>\n<p>03.09.2019<\/p>\n<p><a href=\"https:\/\/krecklow.de\/goalunited\/?attachment_id=4522\" rel=\"attachment wp-att-4522\"><img loading=\"lazy\" decoding=\"async\" class=\"aligncenter size-full wp-image-4522\" src=\"https:\/\/krecklow.de\/goalunited\/wp-content\/uploads\/2019\/09\/volchek.png\" alt=\"\" width=\"780\" height=\"874\" srcset=\"https:\/\/krecklow.de\/goalunited\/wp-content\/uploads\/2019\/09\/volchek.png 780w, https:\/\/krecklow.de\/goalunited\/wp-content\/uploads\/2019\/09\/volchek-268x300.png 268w, https:\/\/krecklow.de\/goalunited\/wp-content\/uploads\/2019\/09\/volchek-768x861.png 768w\" sizes=\"auto, (max-width: 780px) 100vw, 780px\" \/><\/a><\/p>\n<p><a href=\"https:\/\/krecklow.de\/goalunited\/?attachment_id=3680\" rel=\"attachment wp-att-3680\"><img loading=\"lazy\" decoding=\"async\" class=\"aligncenter size-full wp-image-3680\" src=\"https:\/\/krecklow.de\/goalunited\/wp-content\/uploads\/2017\/10\/volchek.png\" alt=\"\" width=\"787\" height=\"886\" srcset=\"https:\/\/krecklow.de\/goalunited\/wp-content\/uploads\/2017\/10\/volchek.png 787w, https:\/\/krecklow.de\/goalunited\/wp-content\/uploads\/2017\/10\/volchek-266x300.png 266w, https:\/\/krecklow.de\/goalunited\/wp-content\/uploads\/2017\/10\/volchek-768x865.png 768w\" sizes=\"auto, (max-width: 787px) 100vw, 787px\" \/><\/a><\/p>\n<table width=\"477\">\n<tbody>\n<tr>\n<td width=\"103\">Volchek<\/td>\n<td width=\"98\">f\u00fchrung<\/td>\n<td width=\"35\">19<\/td>\n<td width=\"35\">18<\/td>\n<td width=\"26\">3<\/td>\n<td width=\"31\">35<\/td>\n<td width=\"32\">46<\/td>\n<td width=\"31\">58<\/td>\n<td width=\"32\">39<\/td>\n<td width=\"54\">178<\/td>\n<\/tr>\n<tr>\n<td>Volchek<\/td>\n<td>f\u00fchrung<\/td>\n<td>20<\/td>\n<td>26<\/td>\n<td>3<\/td>\n<td>41<\/td>\n<td>55<\/td>\n<td>65<\/td>\n<td>65<\/td>\n<td>226<\/td>\n<\/tr>\n<tr>\n<td>Volchek<\/td>\n<td>f\u00fchrung<\/td>\n<td>21<\/td>\n<td>35<\/td>\n<td>3<\/td>\n<td>46<\/td>\n<td>66<\/td>\n<td>73<\/td>\n<td>80<\/td>\n<td>265<\/td>\n<\/tr>\n<tr>\n<td>Volchek<\/td>\n<td>f\u00fchrung<\/td>\n<td>22<\/td>\n<td>49<\/td>\n<td>3<\/td>\n<td>55<\/td>\n<td>77<\/td>\n<td>89<\/td>\n<td>86<\/td>\n<td>307<\/td>\n<\/tr>\n<tr>\n<td>Volchek<\/td>\n<td>f\u00fchrung<\/td>\n<td>23<\/td>\n<td>73<\/td>\n<td>3<\/td>\n<td>62<\/td>\n<td>87<\/td>\n<td>93<\/td>\n<td>90<\/td>\n<td>332<\/td>\n<\/tr>\n<tr>\n<td>Volchek<\/td>\n<td>f\u00fchrung<\/td>\n<td>23<\/td>\n<td>100<\/td>\n<td>3<\/td>\n<td>77<\/td>\n<td>93<\/td>\n<td>94<\/td>\n<td>92<\/td>\n<td>356<\/td>\n<\/tr>\n<tr>\n<td>Volchek<\/td>\n<td>f\u00fchrung<\/td>\n<td>24<\/td>\n<td>100<\/td>\n<td>3<\/td>\n<td>90<\/td>\n<td>95<\/td>\n<td>95<\/td>\n<td>93<\/td>\n<td>373<\/td>\n<\/tr>\n<tr>\n<td>Volchek<\/td>\n<td>f\u00fchrung<\/td>\n<td>25<\/td>\n<td>100<\/td>\n<td>3<\/td>\n<td>95<\/td>\n<td>98<\/td>\n<td>96<\/td>\n<td>95<\/td>\n<td>384<\/td>\n<\/tr>\n<tr>\n<td>Volchek<\/td>\n<td>f\u00fchrung<\/td>\n<td>26<\/td>\n<td>100<\/td>\n<td>3<\/td>\n<td>97<\/td>\n<td>99<\/td>\n<td>97<\/td>\n<td>97<\/td>\n<td>390<\/td>\n<\/tr>\n<tr>\n<td>Volchek<\/td>\n<td>f\u00fchrung<\/td>\n<td>27<\/td>\n<td>100<\/td>\n<td>3<\/td>\n<td>97<\/td>\n<td>100<\/td>\n<td>98<\/td>\n<td>98<\/td>\n<td>393<\/td>\n<\/tr>\n<tr>\n<td>Volchek<\/td>\n<td>f\u00fchrung<\/td>\n<td>28<\/td>\n<td>100<\/td>\n<td>3<\/td>\n<td>97<\/td>\n<td>100<\/td>\n<td>98<\/td>\n<td>98<\/td>\n<td>393<\/td>\n<\/tr>\n<tr>\n<td>Volchek<\/td>\n<td>f\u00fchrung<\/td>\n<td>29<\/td>\n<td>100<\/td>\n<td>3<\/td>\n<td>97<\/td>\n<td>100<\/td>\n<td>98<\/td>\n<td>98<\/td>\n<td>393<\/td>\n<\/tr>\n<tr>\n<td>Volchek<\/td>\n<td>f\u00fchrung<\/td>\n<td>30<\/td>\n<td>100<\/td>\n<td>3<\/td>\n<td>98<\/td>\n<td>100<\/td>\n<td>98<\/td>\n<td>98<\/td>\n<td>394<\/td>\n<\/tr>\n<tr>\n<td>Volchek<\/td>\n<td>f\u00fchrung<\/td>\n<td>31<\/td>\n<td>100<\/td>\n<td>3<\/td>\n<td>98<\/td>\n<td>100<\/td>\n<td>98<\/td>\n<td>98<\/td>\n<td>394<\/td>\n<\/tr>\n<tr>\n<td>Volchek<\/td>\n<td>f\u00fchrung<\/td>\n<td>32<\/td>\n<td>100<\/td>\n<td>3<\/td>\n<td>98<\/td>\n<td>100<\/td>\n<td>98<\/td>\n<td>98<\/td>\n<td>394<\/td>\n<\/tr>\n<\/tbody>\n<\/table>\n<p>&nbsp;<\/p>\n","protected":false},"excerpt":{"rendered":"<p>Unsere Nummer 6 Volchek wurde am 30.05.2017 f\u00fcr 13,5Mio von den Foot Fighters verpflichet und wird Matze Belz im Q5 ersetzen! 26.11.2020 03.09.2019 Volchek f\u00fchrung 19 18 3 35 46 58 39 178 Volchek f\u00fchrung 20 26 3 41 55 &hellip; <a href=\"https:\/\/krecklow.de\/goalunited\/transfers\/verkaeufe\/nr-23-volchek\/\">Weiterlesen <span class=\"meta-nav\">&rarr;<\/span><\/a><\/p>\n","protected":false},"author":3,"featured_media":0,"parent":1286,"menu_order":0,"comment_status":"closed","ping_status":"closed","template":"","meta":{"footnotes":""},"class_list":["post-3679","page","type-page","status-publish","hentry"],"aioseo_notices":[],"_links":{"self":[{"href":"https:\/\/krecklow.de\/goalunited\/wp-json\/wp\/v2\/pages\/3679","targetHints":{"allow":["GET"]}}],"collection":[{"href":"https:\/\/krecklow.de\/goalunited\/wp-json\/wp\/v2\/pages"}],"about":[{"href":"https:\/\/krecklow.de\/goalunited\/wp-json\/wp\/v2\/types\/page"}],"author":[{"embeddable":true,"href":"https:\/\/krecklow.de\/goalunited\/wp-json\/wp\/v2\/users\/3"}],"replies":[{"embeddable":true,"href":"https:\/\/krecklow.de\/goalunited\/wp-json\/wp\/v2\/comments?post=3679"}],"version-history":[{"count":5,"href":"https:\/\/krecklow.de\/goalunited\/wp-json\/wp\/v2\/pages\/3679\/revisions"}],"predecessor-version":[{"id":5007,"href":"https:\/\/krecklow.de\/goalunited\/wp-json\/wp\/v2\/pages\/3679\/revisions\/5007"}],"up":[{"embeddable":true,"href":"https:\/\/krecklow.de\/goalunited\/wp-json\/wp\/v2\/pages\/1286"}],"wp:attachment":[{"href":"https:\/\/krecklow.de\/goalunited\/wp-json\/wp\/v2\/media?parent=3679"}],"curies":[{"name":"wp","href":"https:\/\/api.w.org\/{rel}","templated":true}]}}