{"id":346,"date":"2012-07-23T15:10:44","date_gmt":"2012-07-23T13:10:44","guid":{"rendered":"http:\/\/krecklow.de\/goalunited\/?page_id=346"},"modified":"2016-01-07T21:00:08","modified_gmt":"2016-01-07T19:00:08","slug":"nr-16-mirky","status":"publish","type":"page","link":"https:\/\/krecklow.de\/goalunited\/abknicker-of-fame\/nr-16-mirky\/","title":{"rendered":"Nr. 04 &#8211; &#8222;Mirky&#8220; Thiele"},"content":{"rendered":"<p>Unsere Nummer 7:<\/p>\n<p>Mirky ist unser bisher letzter Jugendspieler, der das Zeug zum zuk\u00fcnftigen Star besitzt. Bei ihm passen die Skills in Verbindung mit dem Alter, dem Charakter, der F\u00fc\u00dfigkeit und dem Talent. Langfristig wird Mirky Andiwille ersetzen und Stammkraft in der Abwehr werden. Bis dahin muss er jedoch noch viel trainieren.<\/p>\n<p>Hier seine Feldskills zu den Geburtstagen:<\/p>\n<table width=\"630\">\n<tbody>\n<tr>\n<td width=\"80\">Thiele<\/td>\n<td width=\"70\">temp<\/td>\n<td width=\"34\">18<\/td>\n<td width=\"31\">13<\/td>\n<td width=\"26\">2<\/td>\n<td width=\"23\">36<\/td>\n<td width=\"31\">28<\/td>\n<td width=\"23\">22<\/td>\n<td width=\"23\">17<\/td>\n<td width=\"63\">103<\/td>\n<td width=\"86\">103<\/td>\n<td width=\"35\">36<\/td>\n<td width=\"36\">28<\/td>\n<td width=\"33\">22<\/td>\n<td width=\"36\">17<\/td>\n<\/tr>\n<tr>\n<td>Thiele<\/td>\n<td>temp<\/td>\n<td>19<\/td>\n<td>15<\/td>\n<td>2<\/td>\n<td>41<\/td>\n<td>40<\/td>\n<td>34<\/td>\n<td>29<\/td>\n<td>144<\/td>\n<td>41<\/td>\n<td>5<\/td>\n<td>12<\/td>\n<td>12<\/td>\n<td>12<\/td>\n<\/tr>\n<tr>\n<td>Thiele<\/td>\n<td>temp<\/td>\n<td>20<\/td>\n<td>19<\/td>\n<td>2<\/td>\n<td>51<\/td>\n<td>48<\/td>\n<td>50<\/td>\n<td>39<\/td>\n<td>188<\/td>\n<td>44<\/td>\n<td>10<\/td>\n<td>8<\/td>\n<td>16<\/td>\n<td>10<\/td>\n<\/tr>\n<tr>\n<td>Thiele<\/td>\n<td>temp<\/td>\n<td>21<\/td>\n<td>25<\/td>\n<td>2<\/td>\n<td>60<\/td>\n<td>57<\/td>\n<td>62<\/td>\n<td>51<\/td>\n<td>230<\/td>\n<td>42<\/td>\n<td>9<\/td>\n<td>9<\/td>\n<td>12<\/td>\n<td>12<\/td>\n<\/tr>\n<tr>\n<td>Thiele<\/td>\n<td>temp<\/td>\n<td>22<\/td>\n<td>31<\/td>\n<td>2<\/td>\n<td>70<\/td>\n<td>67<\/td>\n<td>70<\/td>\n<td>61<\/td>\n<td>268<\/td>\n<td>38<\/td>\n<td>10<\/td>\n<td>10<\/td>\n<td>8<\/td>\n<td>10<\/td>\n<\/tr>\n<tr>\n<td>Thiele<\/td>\n<td>temp<\/td>\n<td>23<\/td>\n<td>37<\/td>\n<td>2<\/td>\n<td>78<\/td>\n<td>76<\/td>\n<td>78<\/td>\n<td>70<\/td>\n<td>302<\/td>\n<td>34<\/td>\n<td>8<\/td>\n<td>9<\/td>\n<td>8<\/td>\n<td>9<\/td>\n<\/tr>\n<tr>\n<td>Thiele<\/td>\n<td>temp<\/td>\n<td>24<\/td>\n<td>53<\/td>\n<td>2<\/td>\n<td>82<\/td>\n<td>82<\/td>\n<td>86<\/td>\n<td>79<\/td>\n<td>329<\/td>\n<td>27<\/td>\n<td>4<\/td>\n<td>6<\/td>\n<td>8<\/td>\n<td>9<\/td>\n<\/tr>\n<tr>\n<td>Thiele<\/td>\n<td>temp<\/td>\n<td>25<\/td>\n<td>70<\/td>\n<td>2<\/td>\n<td>86<\/td>\n<td>88<\/td>\n<td>91<\/td>\n<td>86<\/td>\n<td>351<\/td>\n<td>22<\/td>\n<td>4<\/td>\n<td>6<\/td>\n<td>5<\/td>\n<td>7<\/td>\n<\/tr>\n<tr>\n<td>Thiele<\/td>\n<td>temp<\/td>\n<td>26<\/td>\n<td>84<\/td>\n<td>2<\/td>\n<td>90<\/td>\n<td>93<\/td>\n<td>93<\/td>\n<td>91<\/td>\n<td>367<\/td>\n<td>16<\/td>\n<td>4<\/td>\n<td>5<\/td>\n<td>2<\/td>\n<td>5<\/td>\n<\/tr>\n<tr>\n<td>Thiele<\/td>\n<td>temp<\/td>\n<td>27<\/td>\n<td>100<\/td>\n<td>2<\/td>\n<td>93<\/td>\n<td>95<\/td>\n<td>95<\/td>\n<td>93<\/td>\n<td>376<\/td>\n<td>9<\/td>\n<td>3<\/td>\n<td>2<\/td>\n<td>2<\/td>\n<td>2<\/td>\n<\/tr>\n<tr>\n<td>Thiele<\/td>\n<td>temp<\/td>\n<td>28<\/td>\n<td>100<\/td>\n<td>2<\/td>\n<td>94<\/td>\n<td>97<\/td>\n<td>96<\/td>\n<td>95<\/td>\n<td>382<\/td>\n<td>6<\/td>\n<td>1<\/td>\n<td>2<\/td>\n<td>1<\/td>\n<td>2<\/td>\n<\/tr>\n<tr>\n<td>Thiele<\/td>\n<td>temp<\/td>\n<td>29<\/td>\n<td>100<\/td>\n<td>2<\/td>\n<td>96<\/td>\n<td>97<\/td>\n<td>97<\/td>\n<td>96<\/td>\n<td>386<\/td>\n<td>4<\/td>\n<td>2<\/td>\n<td>0<\/td>\n<td>1<\/td>\n<td>1<\/td>\n<\/tr>\n<tr>\n<td>Thiele<\/td>\n<td>temp<\/td>\n<td>30<\/td>\n<td>100<\/td>\n<td>2<\/td>\n<td>96<\/td>\n<td>98<\/td>\n<td>97<\/td>\n<td>96<\/td>\n<td>387<\/td>\n<td>1<\/td>\n<td>0<\/td>\n<td>1<\/td>\n<td>0<\/td>\n<td>0<\/td>\n<\/tr>\n<\/tbody>\n<\/table>\n<p>15.05.2015<\/p>\n<p><a href=\"https:\/\/krecklow.de\/goalunited\/wp-content\/uploads\/2012\/07\/2015-05-15_090308.png\"><img loading=\"lazy\" decoding=\"async\" class=\"aligncenter size-full wp-image-2513\" src=\"https:\/\/krecklow.de\/goalunited\/wp-content\/uploads\/2012\/07\/2015-05-15_090308.png\" alt=\"2015-05-15_090308\" width=\"554\" height=\"624\" srcset=\"https:\/\/krecklow.de\/goalunited\/wp-content\/uploads\/2012\/07\/2015-05-15_090308.png 554w, https:\/\/krecklow.de\/goalunited\/wp-content\/uploads\/2012\/07\/2015-05-15_090308-266x300.png 266w\" sizes=\"auto, (max-width: 554px) 100vw, 554px\" \/><\/a><\/p>\n<p>20.11.2014<\/p>\n<p><a href=\"https:\/\/krecklow.de\/goalunited\/wp-content\/uploads\/2012\/07\/mirky1.jpg\"><img loading=\"lazy\" decoding=\"async\" class=\"aligncenter size-full wp-image-1980\" src=\"https:\/\/krecklow.de\/goalunited\/wp-content\/uploads\/2012\/07\/mirky1.jpg\" alt=\"mirky\" width=\"637\" height=\"719\" srcset=\"https:\/\/krecklow.de\/goalunited\/wp-content\/uploads\/2012\/07\/mirky1.jpg 637w, https:\/\/krecklow.de\/goalunited\/wp-content\/uploads\/2012\/07\/mirky1-265x300.jpg 265w\" sizes=\"auto, (max-width: 637px) 100vw, 637px\" \/><\/a><\/p>\n<p>14.05.2013<\/p>\n<p><a href=\"https:\/\/krecklow.de\/goalunited\/wp-content\/uploads\/2012\/07\/121.jpg\"><img loading=\"lazy\" decoding=\"async\" class=\"aligncenter size-full wp-image-1130\" src=\"https:\/\/krecklow.de\/goalunited\/wp-content\/uploads\/2012\/07\/121.jpg\" alt=\"12\" width=\"576\" height=\"649\" srcset=\"https:\/\/krecklow.de\/goalunited\/wp-content\/uploads\/2012\/07\/121.jpg 576w, https:\/\/krecklow.de\/goalunited\/wp-content\/uploads\/2012\/07\/121-266x300.jpg 266w\" sizes=\"auto, (max-width: 576px) 100vw, 576px\" \/><\/a><\/p>\n<p>17.01.2013<\/p>\n<p><a href=\"https:\/\/krecklow.de\/goalunited\/wp-content\/uploads\/2012\/07\/12.jpg\"><img loading=\"lazy\" decoding=\"async\" class=\"aligncenter size-full wp-image-860\" src=\"https:\/\/krecklow.de\/goalunited\/wp-content\/uploads\/2012\/07\/12.jpg\" alt=\"12\" width=\"573\" height=\"641\" srcset=\"https:\/\/krecklow.de\/goalunited\/wp-content\/uploads\/2012\/07\/12.jpg 573w, https:\/\/krecklow.de\/goalunited\/wp-content\/uploads\/2012\/07\/12-268x300.jpg 268w\" sizes=\"auto, (max-width: 573px) 100vw, 573px\" \/><\/a><\/p>\n<p><a href=\"https:\/\/krecklow.de\/goalunited\/wp-content\/uploads\/2012\/07\/mirky.jpg\"><img loading=\"lazy\" decoding=\"async\" title=\"mirky\" src=\"https:\/\/krecklow.de\/goalunited\/wp-content\/uploads\/2012\/07\/mirky.jpg\" alt=\"\" width=\"571\" height=\"642\" \/><\/a><\/p>\n","protected":false},"excerpt":{"rendered":"<p>Unsere Nummer 7: Mirky ist unser bisher letzter Jugendspieler, der das Zeug zum zuk\u00fcnftigen Star besitzt. Bei ihm passen die Skills in Verbindung mit dem Alter, dem Charakter, der F\u00fc\u00dfigkeit und dem Talent. Langfristig wird Mirky Andiwille ersetzen und Stammkraft &hellip; <a href=\"https:\/\/krecklow.de\/goalunited\/abknicker-of-fame\/nr-16-mirky\/\">Weiterlesen <span class=\"meta-nav\">&rarr;<\/span><\/a><\/p>\n","protected":false},"author":2,"featured_media":0,"parent":520,"menu_order":0,"comment_status":"open","ping_status":"closed","template":"","meta":{"footnotes":""},"class_list":["post-346","page","type-page","status-publish","hentry"],"aioseo_notices":[],"_links":{"self":[{"href":"https:\/\/krecklow.de\/goalunited\/wp-json\/wp\/v2\/pages\/346","targetHints":{"allow":["GET"]}}],"collection":[{"href":"https:\/\/krecklow.de\/goalunited\/wp-json\/wp\/v2\/pages"}],"about":[{"href":"https:\/\/krecklow.de\/goalunited\/wp-json\/wp\/v2\/types\/page"}],"author":[{"embeddable":true,"href":"https:\/\/krecklow.de\/goalunited\/wp-json\/wp\/v2\/users\/2"}],"replies":[{"embeddable":true,"href":"https:\/\/krecklow.de\/goalunited\/wp-json\/wp\/v2\/comments?post=346"}],"version-history":[{"count":11,"href":"https:\/\/krecklow.de\/goalunited\/wp-json\/wp\/v2\/pages\/346\/revisions"}],"predecessor-version":[{"id":2642,"href":"https:\/\/krecklow.de\/goalunited\/wp-json\/wp\/v2\/pages\/346\/revisions\/2642"}],"up":[{"embeddable":true,"href":"https:\/\/krecklow.de\/goalunited\/wp-json\/wp\/v2\/pages\/520"}],"wp:attachment":[{"href":"https:\/\/krecklow.de\/goalunited\/wp-json\/wp\/v2\/media?parent=346"}],"curies":[{"name":"wp","href":"https:\/\/api.w.org\/{rel}","templated":true}]}}