{"id":340,"date":"2012-07-23T15:05:26","date_gmt":"2012-07-23T13:05:26","guid":{"rendered":"http:\/\/krecklow.de\/goalunited\/?page_id=340"},"modified":"2013-09-24T08:56:14","modified_gmt":"2013-09-24T06:56:14","slug":"lomba","status":"publish","type":"page","link":"https:\/\/krecklow.de\/goalunited\/abknicker-of-fame\/lomba\/","title":{"rendered":"Nr. 09 &#8211; Torbomba Lomba"},"content":{"rendered":"<p>Unsere Nummer 9:<\/p>\n<p><a href=\"https:\/\/krecklow.de\/goalunited\/wp-content\/uploads\/2013\/09\/Lomba.jpg\"><img loading=\"lazy\" decoding=\"async\" class=\"aligncenter size-full wp-image-1409\" alt=\"Lomba\" src=\"https:\/\/krecklow.de\/goalunited\/wp-content\/uploads\/2013\/09\/Lomba.jpg\" width=\"630\" height=\"700\" srcset=\"https:\/\/krecklow.de\/goalunited\/wp-content\/uploads\/2013\/09\/Lomba.jpg 630w, https:\/\/krecklow.de\/goalunited\/wp-content\/uploads\/2013\/09\/Lomba-270x300.jpg 270w\" sizes=\"auto, (max-width: 630px) 100vw, 630px\" \/><\/a><\/p>\n<p style=\"text-align: justify;\"><a href=\"https:\/\/krecklow.de\/goalunited\/wp-content\/uploads\/2012\/07\/91.jpg\"><img loading=\"lazy\" decoding=\"async\" class=\"aligncenter size-full wp-image-1124\" alt=\"9\" src=\"https:\/\/krecklow.de\/goalunited\/wp-content\/uploads\/2012\/07\/91.jpg\" width=\"580\" height=\"646\" srcset=\"https:\/\/krecklow.de\/goalunited\/wp-content\/uploads\/2012\/07\/91.jpg 580w, https:\/\/krecklow.de\/goalunited\/wp-content\/uploads\/2012\/07\/91-269x300.jpg 269w\" sizes=\"auto, (max-width: 580px) 100vw, 580px\" \/><\/a><\/p>\n<p style=\"text-align: justify;\">15.01.2013<\/p>\n<p style=\"text-align: justify;\"><a href=\"https:\/\/krecklow.de\/goalunited\/wp-content\/uploads\/2012\/07\/9.jpg\"><img loading=\"lazy\" decoding=\"async\" class=\"aligncenter size-full wp-image-849\" alt=\"9\" src=\"https:\/\/krecklow.de\/goalunited\/wp-content\/uploads\/2012\/07\/9.jpg\" width=\"576\" height=\"636\" srcset=\"https:\/\/krecklow.de\/goalunited\/wp-content\/uploads\/2012\/07\/9.jpg 576w, https:\/\/krecklow.de\/goalunited\/wp-content\/uploads\/2012\/07\/9-271x300.jpg 271w\" sizes=\"auto, (max-width: 576px) 100vw, 576px\" \/><\/a><a href=\"https:\/\/krecklow.de\/goalunited\/wp-content\/uploads\/2012\/07\/lomba.jpg\"><img loading=\"lazy\" decoding=\"async\" title=\"lomba\" alt=\"\" src=\"https:\/\/krecklow.de\/goalunited\/wp-content\/uploads\/2012\/07\/lomba.jpg\" width=\"567\" height=\"638\" \/><\/a><\/p>\n<p style=\"text-align: justify;\">Lomba, Torgarant seit Anfang 2011 hat mit den Abknickern alle 5 Meisterschaften errungen. Er ist heute bereits eine Legende! Sein Startelfdeb\u00fct gab Lomba am 19.02.2011, seine ersten Treffer erzielte er am 02.03.2011 und an diesem Tag gleich 3 St\u00fcck.<\/p>\n<p style=\"text-align: justify;\">Lomba wurde mehrmals Torsch\u00fctzenk\u00f6nig und hat sich den Spitznamen &#8222;Torbomber&#8220; f\u00fcr mehr als 40 Tore in einer Saison verdient. Im Spiel gegen Q am 31.08. schoss Lomba 7 Tore. Zur Meisterschaft in Liga 1.1 spendierte ihm Manager Stanky einen weiteren, leider letzten, 40 Wochenvertrag f\u00fcr die erbrachten Leistungen. Seine Nachfolger stehen bereits in den Startl\u00f6chern, ob sie auch in die gro\u00dfen Fu\u00dfstapfen treten k\u00f6nnen bleibt allerdings abzuwarten.<\/p>\n<p>Hier seine Feldskills zu den Geburtstagen:<\/p>\n<ul>\n<li>zum 21. Geburtstag: 74<\/li>\n<li>zum 22. Geburtstag: 118<\/li>\n<li>zum 23. Geburtstag: 163<\/li>\n<li>zum 24. Geburtstag: 193<\/li>\n<li>zum 25. Geburtstag: 219<\/li>\n<li>zum 26. Geburtstag: 244<\/li>\n<li>zum 27. Geburtstag: 267<\/li>\n<li>zum 28. Geburtstag: 288<\/li>\n<li>zum 29. Geburtstag: 300<\/li>\n<li>zum 30. Geburtstag: 307<\/li>\n<li>zum 31. Geburtstag: 310<\/li>\n<\/ul>\n<p>Lomba wurde am 24.09.2013 f\u00fcr 13,1Mio verkauft. Er schoss in 297 Eins\u00e4tzen insgesamt 393 Treffer!<\/p>\n","protected":false},"excerpt":{"rendered":"<p>Unsere Nummer 9: 15.01.2013 Lomba, Torgarant seit Anfang 2011 hat mit den Abknickern alle 5 Meisterschaften errungen. Er ist heute bereits eine Legende! Sein Startelfdeb\u00fct gab Lomba am 19.02.2011, seine ersten Treffer erzielte er am 02.03.2011 und an diesem Tag &hellip; <a href=\"https:\/\/krecklow.de\/goalunited\/abknicker-of-fame\/lomba\/\">Weiterlesen <span class=\"meta-nav\">&rarr;<\/span><\/a><\/p>\n","protected":false},"author":2,"featured_media":0,"parent":520,"menu_order":0,"comment_status":"open","ping_status":"closed","template":"","meta":{"footnotes":""},"class_list":["post-340","page","type-page","status-publish","hentry"],"aioseo_notices":[],"_links":{"self":[{"href":"https:\/\/krecklow.de\/goalunited\/wp-json\/wp\/v2\/pages\/340","targetHints":{"allow":["GET"]}}],"collection":[{"href":"https:\/\/krecklow.de\/goalunited\/wp-json\/wp\/v2\/pages"}],"about":[{"href":"https:\/\/krecklow.de\/goalunited\/wp-json\/wp\/v2\/types\/page"}],"author":[{"embeddable":true,"href":"https:\/\/krecklow.de\/goalunited\/wp-json\/wp\/v2\/users\/2"}],"replies":[{"embeddable":true,"href":"https:\/\/krecklow.de\/goalunited\/wp-json\/wp\/v2\/comments?post=340"}],"version-history":[{"count":0,"href":"https:\/\/krecklow.de\/goalunited\/wp-json\/wp\/v2\/pages\/340\/revisions"}],"up":[{"embeddable":true,"href":"https:\/\/krecklow.de\/goalunited\/wp-json\/wp\/v2\/pages\/520"}],"wp:attachment":[{"href":"https:\/\/krecklow.de\/goalunited\/wp-json\/wp\/v2\/media?parent=340"}],"curies":[{"name":"wp","href":"https:\/\/api.w.org\/{rel}","templated":true}]}}