{"id":3232,"date":"2016-11-03T17:06:45","date_gmt":"2016-11-03T15:06:45","guid":{"rendered":"http:\/\/krecklow.de\/goalunited\/?page_id=3232"},"modified":"2017-02-10T13:06:52","modified_gmt":"2017-02-10T11:06:52","slug":"nr-14-garnaud","status":"publish","type":"page","link":"https:\/\/krecklow.de\/goalunited\/transfers\/verkaeufe\/nr-14-garnaud\/","title":{"rendered":"Nr. 14 &#8211; Garnaud"},"content":{"rendered":"<p>Unsere Nr. 14<\/p>\n<p><a href=\"https:\/\/krecklow.de\/goalunited\/?attachment_id=3233\" rel=\"attachment wp-att-3233\"><img loading=\"lazy\" decoding=\"async\" class=\"aligncenter size-full wp-image-3233\" src=\"https:\/\/krecklow.de\/goalunited\/wp-content\/uploads\/2016\/11\/2016-11-03_160506.png\" alt=\"2016-11-03_160506\" width=\"641\" height=\"717\" srcset=\"https:\/\/krecklow.de\/goalunited\/wp-content\/uploads\/2016\/11\/2016-11-03_160506.png 641w, https:\/\/krecklow.de\/goalunited\/wp-content\/uploads\/2016\/11\/2016-11-03_160506-268x300.png 268w\" sizes=\"auto, (max-width: 641px) 100vw, 641px\" \/><\/a><\/p>\n<p>Garnaud wurde am 21.08.2016 f\u00fcr 40 Mio aus Italien verpflichtet. Er ist der Ausw\u00e4rtsbackup f\u00fcr Monteroma.<\/p>\n","protected":false},"excerpt":{"rendered":"<p>Unsere Nr. 14 Garnaud wurde am 21.08.2016 f\u00fcr 40 Mio aus Italien verpflichtet. Er ist der Ausw\u00e4rtsbackup f\u00fcr Monteroma.<\/p>\n","protected":false},"author":3,"featured_media":0,"parent":1286,"menu_order":0,"comment_status":"closed","ping_status":"closed","template":"","meta":{"footnotes":""},"class_list":["post-3232","page","type-page","status-publish","hentry"],"aioseo_notices":[],"_links":{"self":[{"href":"https:\/\/krecklow.de\/goalunited\/wp-json\/wp\/v2\/pages\/3232","targetHints":{"allow":["GET"]}}],"collection":[{"href":"https:\/\/krecklow.de\/goalunited\/wp-json\/wp\/v2\/pages"}],"about":[{"href":"https:\/\/krecklow.de\/goalunited\/wp-json\/wp\/v2\/types\/page"}],"author":[{"embeddable":true,"href":"https:\/\/krecklow.de\/goalunited\/wp-json\/wp\/v2\/users\/3"}],"replies":[{"embeddable":true,"href":"https:\/\/krecklow.de\/goalunited\/wp-json\/wp\/v2\/comments?post=3232"}],"version-history":[{"count":1,"href":"https:\/\/krecklow.de\/goalunited\/wp-json\/wp\/v2\/pages\/3232\/revisions"}],"predecessor-version":[{"id":3234,"href":"https:\/\/krecklow.de\/goalunited\/wp-json\/wp\/v2\/pages\/3232\/revisions\/3234"}],"up":[{"embeddable":true,"href":"https:\/\/krecklow.de\/goalunited\/wp-json\/wp\/v2\/pages\/1286"}],"wp:attachment":[{"href":"https:\/\/krecklow.de\/goalunited\/wp-json\/wp\/v2\/media?parent=3232"}],"curies":[{"name":"wp","href":"https:\/\/api.w.org\/{rel}","templated":true}]}}