{"id":3038,"date":"2016-03-23T17:17:26","date_gmt":"2016-03-23T15:17:26","guid":{"rendered":"http:\/\/krecklow.de\/goalunited\/?page_id=3038"},"modified":"2018-05-14T10:48:11","modified_gmt":"2018-05-14T08:48:11","slug":"nr-25-joschko","status":"publish","type":"page","link":"https:\/\/krecklow.de\/goalunited\/transfers\/verkaeufe\/nr-25-joschko\/","title":{"rendered":"Nr. 10 &#8211; Joschko"},"content":{"rendered":"<p>Unsere Nr.\u00a010<\/p>\n<p>Joschko wurde am 21.01. f\u00fcr 45,5 Mio aus der T\u00fcrkei verpflichtet. Er wird Feli im Q8 ersetzen.<\/p>\n<p>21.02.2017<\/p>\n<p><a href=\"https:\/\/krecklow.de\/goalunited\/?attachment_id=3396\" rel=\"attachment wp-att-3396\"><img loading=\"lazy\" decoding=\"async\" class=\"aligncenter size-full wp-image-3396\" src=\"https:\/\/krecklow.de\/goalunited\/wp-content\/uploads\/2016\/03\/10.png\" alt=\"\" width=\"695\" height=\"769\" srcset=\"https:\/\/krecklow.de\/goalunited\/wp-content\/uploads\/2016\/03\/10.png 695w, https:\/\/krecklow.de\/goalunited\/wp-content\/uploads\/2016\/03\/10-271x300.png 271w\" sizes=\"auto, (max-width: 695px) 100vw, 695px\" \/><\/a><\/p>\n<p><a href=\"https:\/\/krecklow.de\/goalunited\/?attachment_id=3039\" rel=\"attachment wp-att-3039\"><img loading=\"lazy\" decoding=\"async\" class=\"aligncenter size-full wp-image-3039\" src=\"https:\/\/krecklow.de\/goalunited\/wp-content\/uploads\/2016\/03\/25.png\" alt=\"25\" width=\"636\" height=\"721\" srcset=\"https:\/\/krecklow.de\/goalunited\/wp-content\/uploads\/2016\/03\/25.png 636w, https:\/\/krecklow.de\/goalunited\/wp-content\/uploads\/2016\/03\/25-265x300.png 265w\" sizes=\"auto, (max-width: 636px) 100vw, 636px\" \/><\/a><\/p>\n<p>Joschko wurde am 07.05.2018 f\u00fcr 35.892.000 Mio EUR verkauft. Er brachte es auf 320 Spiele und erzielte dabei 161 Tore!<\/p>\n<p><a href=\"https:\/\/krecklow.de\/goalunited\/?attachment_id=3878\" rel=\"attachment wp-att-3878\"><img loading=\"lazy\" decoding=\"async\" class=\"aligncenter size-full wp-image-3878\" src=\"https:\/\/krecklow.de\/goalunited\/wp-content\/uploads\/2018\/05\/joschko.jpg\" alt=\"\" width=\"764\" height=\"858\" srcset=\"https:\/\/krecklow.de\/goalunited\/wp-content\/uploads\/2018\/05\/joschko.jpg 764w, https:\/\/krecklow.de\/goalunited\/wp-content\/uploads\/2018\/05\/joschko-267x300.jpg 267w\" sizes=\"auto, (max-width: 764px) 100vw, 764px\" \/><\/a><\/p>\n<p>Seine Skills zu den Geburtstagen:<\/p>\n<table width=\"484\">\n<tbody>\n<tr>\n<td width=\"63\">Datum<\/td>\n<td width=\"36\">Alter<\/td>\n<td width=\"99\">Marktwert<\/td>\n<td width=\"31\">Erf<\/td>\n<td width=\"30\">TW<\/td>\n<td width=\"30\">ZW<\/td>\n<td width=\"26\">SP<\/td>\n<td width=\"26\">PA<\/td>\n<td width=\"31\">TO<\/td>\n<td width=\"30\">ZW<\/td>\n<td width=\"27\">SP<\/td>\n<td width=\"27\">PA<\/td>\n<td width=\"28\">TO<\/td>\n<\/tr>\n<tr>\n<td>01.02.16<\/td>\n<td>23<\/td>\n<td>21.054.800,00<\/td>\n<td>42<\/td>\n<td>1<\/td>\n<td>79<\/td>\n<td>68<\/td>\n<td>65<\/td>\n<td>88<\/td>\n<td>6,2<\/td>\n<td>5,8<\/td>\n<td>5,8<\/td>\n<td>6,4<\/td>\n<\/tr>\n<tr>\n<td>25.04.16<\/td>\n<td>24<\/td>\n<td>24.330.000,00<\/td>\n<td>49<\/td>\n<td>1<\/td>\n<td>83<\/td>\n<td>83<\/td>\n<td>70<\/td>\n<td>91<\/td>\n<td>6,8<\/td>\n<td>6,8<\/td>\n<td>6,6<\/td>\n<td>7,0<\/td>\n<\/tr>\n<tr>\n<td>18.07.16<\/td>\n<td>25<\/td>\n<td>32.560.400,00<\/td>\n<td>58<\/td>\n<td>1<\/td>\n<td>86<\/td>\n<td>87<\/td>\n<td>83<\/td>\n<td>94<\/td>\n<td>7,4<\/td>\n<td>7,6<\/td>\n<td>7,4<\/td>\n<td>7,8<\/td>\n<\/tr>\n<tr>\n<td>10.10.16<\/td>\n<td>26<\/td>\n<td>27.024.000,00<\/td>\n<td>64<\/td>\n<td>1<\/td>\n<td>88<\/td>\n<td>91<\/td>\n<td>91<\/td>\n<td>95<\/td>\n<td>8,0<\/td>\n<td>8,0<\/td>\n<td>8,0<\/td>\n<td>8,2<\/td>\n<\/tr>\n<tr>\n<td>02.01.17<\/td>\n<td>27<\/td>\n<td>37.841.200,00<\/td>\n<td>88<\/td>\n<td>1<\/td>\n<td>89<\/td>\n<td>94<\/td>\n<td>94<\/td>\n<td>97<\/td>\n<td>8,8<\/td>\n<td>9,0<\/td>\n<td>9,0<\/td>\n<td>9,2<\/td>\n<\/tr>\n<tr>\n<td>27.03.17<\/td>\n<td>28<\/td>\n<td>35.931.600,00<\/td>\n<td>100<\/td>\n<td>1<\/td>\n<td>90<\/td>\n<td>95<\/td>\n<td>96<\/td>\n<td>98<\/td>\n<td>9,2<\/td>\n<td>9,4<\/td>\n<td>9,6<\/td>\n<td>9,6<\/td>\n<\/tr>\n<tr>\n<td>26.06.17<\/td>\n<td>29<\/td>\n<td>29.502.000,00<\/td>\n<td>100<\/td>\n<td>1<\/td>\n<td>91<\/td>\n<td>96<\/td>\n<td>97<\/td>\n<td>99<\/td>\n<td>9,4<\/td>\n<td>9,6<\/td>\n<td>9,6<\/td>\n<td>9,8<\/td>\n<\/tr>\n<tr>\n<td>18.09.17<\/td>\n<td>30<\/td>\n<td>35.609.200,00<\/td>\n<td>100<\/td>\n<td>1<\/td>\n<td>91<\/td>\n<td>97<\/td>\n<td>97<\/td>\n<td>99<\/td>\n<td>9,4<\/td>\n<td>9,6<\/td>\n<td>9,6<\/td>\n<td>9,8<\/td>\n<\/tr>\n<tr>\n<td>11.12.17<\/td>\n<td>31<\/td>\n<td>29.280.800,00<\/td>\n<td>100<\/td>\n<td>1<\/td>\n<td>91<\/td>\n<td>97<\/td>\n<td>97<\/td>\n<td>100<\/td>\n<td>9,4<\/td>\n<td>9,6<\/td>\n<td>9,6<\/td>\n<td>9,8<\/td>\n<\/tr>\n<tr>\n<td>05.03.18<\/td>\n<td>32<\/td>\n<td>26.180.800,00<\/td>\n<td>100<\/td>\n<td>1<\/td>\n<td>91<\/td>\n<td>98<\/td>\n<td>98<\/td>\n<td>100<\/td>\n<td>9,4<\/td>\n<td>9,8<\/td>\n<td>9,8<\/td>\n<td>9,8<\/td>\n<\/tr>\n<\/tbody>\n<\/table>\n","protected":false},"excerpt":{"rendered":"<p>Unsere Nr.\u00a010 Joschko wurde am 21.01. f\u00fcr 45,5 Mio aus der T\u00fcrkei verpflichtet. Er wird Feli im Q8 ersetzen. 21.02.2017 Joschko wurde am 07.05.2018 f\u00fcr 35.892.000 Mio EUR verkauft. Er brachte es auf 320 Spiele und erzielte dabei 161 Tore! &hellip; <a href=\"https:\/\/krecklow.de\/goalunited\/transfers\/verkaeufe\/nr-25-joschko\/\">Weiterlesen <span class=\"meta-nav\">&rarr;<\/span><\/a><\/p>\n","protected":false},"author":3,"featured_media":0,"parent":1286,"menu_order":0,"comment_status":"closed","ping_status":"closed","template":"","meta":{"footnotes":""},"class_list":["post-3038","page","type-page","status-publish","hentry"],"aioseo_notices":[],"_links":{"self":[{"href":"https:\/\/krecklow.de\/goalunited\/wp-json\/wp\/v2\/pages\/3038","targetHints":{"allow":["GET"]}}],"collection":[{"href":"https:\/\/krecklow.de\/goalunited\/wp-json\/wp\/v2\/pages"}],"about":[{"href":"https:\/\/krecklow.de\/goalunited\/wp-json\/wp\/v2\/types\/page"}],"author":[{"embeddable":true,"href":"https:\/\/krecklow.de\/goalunited\/wp-json\/wp\/v2\/users\/3"}],"replies":[{"embeddable":true,"href":"https:\/\/krecklow.de\/goalunited\/wp-json\/wp\/v2\/comments?post=3038"}],"version-history":[{"count":5,"href":"https:\/\/krecklow.de\/goalunited\/wp-json\/wp\/v2\/pages\/3038\/revisions"}],"predecessor-version":[{"id":3890,"href":"https:\/\/krecklow.de\/goalunited\/wp-json\/wp\/v2\/pages\/3038\/revisions\/3890"}],"up":[{"embeddable":true,"href":"https:\/\/krecklow.de\/goalunited\/wp-json\/wp\/v2\/pages\/1286"}],"wp:attachment":[{"href":"https:\/\/krecklow.de\/goalunited\/wp-json\/wp\/v2\/media?parent=3038"}],"curies":[{"name":"wp","href":"https:\/\/api.w.org\/{rel}","templated":true}]}}