{"id":3035,"date":"2016-03-23T17:15:51","date_gmt":"2016-03-23T15:15:51","guid":{"rendered":"http:\/\/krecklow.de\/goalunited\/?page_id=3035"},"modified":"2018-05-14T10:40:27","modified_gmt":"2018-05-14T08:40:27","slug":"nr-24-stanziani","status":"publish","type":"page","link":"https:\/\/krecklow.de\/goalunited\/transfers\/verkaeufe\/nr-24-stanziani\/","title":{"rendered":"Nr. 03 &#8211; Stanziani"},"content":{"rendered":"<p>Unsere Nr. 3<\/p>\n<p>21.02.2017<\/p>\n<p><a href=\"https:\/\/krecklow.de\/goalunited\/?attachment_id=3381\" rel=\"attachment wp-att-3381\"><img loading=\"lazy\" decoding=\"async\" class=\"aligncenter size-full wp-image-3381\" src=\"https:\/\/krecklow.de\/goalunited\/wp-content\/uploads\/2016\/03\/3.png\" alt=\"\" width=\"693\" height=\"773\" srcset=\"https:\/\/krecklow.de\/goalunited\/wp-content\/uploads\/2016\/03\/3.png 693w, https:\/\/krecklow.de\/goalunited\/wp-content\/uploads\/2016\/03\/3-269x300.png 269w\" sizes=\"auto, (max-width: 693px) 100vw, 693px\" \/><\/a><\/p>\n<p><a href=\"https:\/\/krecklow.de\/goalunited\/?attachment_id=3036\" rel=\"attachment wp-att-3036\"><img loading=\"lazy\" decoding=\"async\" class=\"aligncenter size-full wp-image-3036\" src=\"https:\/\/krecklow.de\/goalunited\/wp-content\/uploads\/2016\/03\/24.png\" alt=\"24\" width=\"638\" height=\"718\" srcset=\"https:\/\/krecklow.de\/goalunited\/wp-content\/uploads\/2016\/03\/24.png 638w, https:\/\/krecklow.de\/goalunited\/wp-content\/uploads\/2016\/03\/24-267x300.png 267w\" sizes=\"auto, (max-width: 638px) 100vw, 638px\" \/><\/a><\/p>\n<p>Stanziani wurde am 25.01.2016 f\u00fcr knapp 37 Mio aus der 6. Liga verpflichtet. Er wird unser Kapit\u00e4n werden und im Q2 spielen!<\/p>\n<p>Stanziani wurde am 11.05.2018 f\u00fcr 24,5 Mio EUR verkauft, er kam auf 275 Eins\u00e4tze und erzielte dabei 71 Tore.<\/p>\n<p><a href=\"https:\/\/krecklow.de\/goalunited\/?attachment_id=3882\" rel=\"attachment wp-att-3882\"><img loading=\"lazy\" decoding=\"async\" class=\"aligncenter size-full wp-image-3882\" src=\"https:\/\/krecklow.de\/goalunited\/wp-content\/uploads\/2018\/05\/stanziani.jpg\" alt=\"\" width=\"789\" height=\"887\" srcset=\"https:\/\/krecklow.de\/goalunited\/wp-content\/uploads\/2018\/05\/stanziani.jpg 789w, https:\/\/krecklow.de\/goalunited\/wp-content\/uploads\/2018\/05\/stanziani-267x300.jpg 267w, https:\/\/krecklow.de\/goalunited\/wp-content\/uploads\/2018\/05\/stanziani-768x863.jpg 768w\" sizes=\"auto, (max-width: 789px) 100vw, 789px\" \/><\/a><\/p>\n<p>Seine Skills zu den Geburtstagen:<\/p>\n<table width=\"481\">\n<tbody>\n<tr>\n<td width=\"63\">Datum<\/td>\n<td width=\"36\">Alter<\/td>\n<td width=\"99\">Marktwert<\/td>\n<td width=\"31\">Erf<\/td>\n<td width=\"30\">TW<\/td>\n<td width=\"30\">ZW<\/td>\n<td width=\"26\">SP<\/td>\n<td width=\"26\">PA<\/td>\n<td width=\"28\">TO<\/td>\n<td width=\"30\">ZW<\/td>\n<td width=\"27\">SP<\/td>\n<td width=\"27\">PA<\/td>\n<td width=\"28\">TO<\/td>\n<\/tr>\n<tr>\n<td>14.03.16<\/td>\n<td>24<\/td>\n<td>28.086.800,00<\/td>\n<td>56<\/td>\n<td>3<\/td>\n<td>67<\/td>\n<td>85<\/td>\n<td>81<\/td>\n<td>84<\/td>\n<td>6,4<\/td>\n<td>7,0<\/td>\n<td>6,8<\/td>\n<td>7,0<\/td>\n<\/tr>\n<tr>\n<td>06.06.16<\/td>\n<td>25<\/td>\n<td>27.136.800,00<\/td>\n<td>65<\/td>\n<td>3<\/td>\n<td>83<\/td>\n<td>89<\/td>\n<td>84<\/td>\n<td>86<\/td>\n<td>7,4<\/td>\n<td>7,6<\/td>\n<td>7,6<\/td>\n<td>7,6<\/td>\n<\/tr>\n<tr>\n<td>29.08.16<\/td>\n<td>26<\/td>\n<td>39.437.600,00<\/td>\n<td>78<\/td>\n<td>3<\/td>\n<td>92<\/td>\n<td>92<\/td>\n<td>86<\/td>\n<td>88<\/td>\n<td>8,4<\/td>\n<td>8,4<\/td>\n<td>8,2<\/td>\n<td>8,2<\/td>\n<\/tr>\n<tr>\n<td>21.11.16<\/td>\n<td>27<\/td>\n<td>38.455.200,00<\/td>\n<td>94<\/td>\n<td>3<\/td>\n<td>96<\/td>\n<td>94<\/td>\n<td>88<\/td>\n<td>89<\/td>\n<td>9,2<\/td>\n<td>9,2<\/td>\n<td>9,0<\/td>\n<td>8,8<\/td>\n<\/tr>\n<tr>\n<td>13.02.17<\/td>\n<td>28<\/td>\n<td>35.909.200,00<\/td>\n<td>100<\/td>\n<td>3<\/td>\n<td>98<\/td>\n<td>95<\/td>\n<td>90<\/td>\n<td>91<\/td>\n<td>9,6<\/td>\n<td>9,4<\/td>\n<td>9,2<\/td>\n<td>9,2<\/td>\n<\/tr>\n<tr>\n<td>15.05.17<\/td>\n<td>29<\/td>\n<td>33.838.000,00<\/td>\n<td>100<\/td>\n<td>3<\/td>\n<td>99<\/td>\n<td>96<\/td>\n<td>91<\/td>\n<td>92<\/td>\n<td>9,6<\/td>\n<td>9,6<\/td>\n<td>9,4<\/td>\n<td>9,4<\/td>\n<\/tr>\n<tr>\n<td>07.08.17<\/td>\n<td>30<\/td>\n<td>28.990.400,00<\/td>\n<td>100<\/td>\n<td>3<\/td>\n<td>99<\/td>\n<td>97<\/td>\n<td>92<\/td>\n<td>92<\/td>\n<td>9,6<\/td>\n<td>9,6<\/td>\n<td>9,4<\/td>\n<td>9,4<\/td>\n<\/tr>\n<tr>\n<td>06.11.17<\/td>\n<td>31<\/td>\n<td>25.003.600,00<\/td>\n<td>100<\/td>\n<td>3<\/td>\n<td>99<\/td>\n<td>97<\/td>\n<td>93<\/td>\n<td>92<\/td>\n<td>9,8<\/td>\n<td>9,6<\/td>\n<td>9,4<\/td>\n<td>9,4<\/td>\n<\/tr>\n<tr>\n<td>22.01.18<\/td>\n<td>32<\/td>\n<td>22.760.400,00<\/td>\n<td>100<\/td>\n<td>3<\/td>\n<td>100<\/td>\n<td>97<\/td>\n<td>93<\/td>\n<td>93<\/td>\n<td>9,8<\/td>\n<td>9,6<\/td>\n<td>9,6<\/td>\n<td>9,4<\/td>\n<\/tr>\n<\/tbody>\n<\/table>\n","protected":false},"excerpt":{"rendered":"<p>Unsere Nr. 3 21.02.2017 Stanziani wurde am 25.01.2016 f\u00fcr knapp 37 Mio aus der 6. Liga verpflichtet. Er wird unser Kapit\u00e4n werden und im Q2 spielen! Stanziani wurde am 11.05.2018 f\u00fcr 24,5 Mio EUR verkauft, er kam auf 275 Eins\u00e4tze &hellip; <a href=\"https:\/\/krecklow.de\/goalunited\/transfers\/verkaeufe\/nr-24-stanziani\/\">Weiterlesen <span class=\"meta-nav\">&rarr;<\/span><\/a><\/p>\n","protected":false},"author":3,"featured_media":0,"parent":1286,"menu_order":0,"comment_status":"closed","ping_status":"closed","template":"","meta":{"footnotes":""},"class_list":["post-3035","page","type-page","status-publish","hentry"],"aioseo_notices":[],"_links":{"self":[{"href":"https:\/\/krecklow.de\/goalunited\/wp-json\/wp\/v2\/pages\/3035","targetHints":{"allow":["GET"]}}],"collection":[{"href":"https:\/\/krecklow.de\/goalunited\/wp-json\/wp\/v2\/pages"}],"about":[{"href":"https:\/\/krecklow.de\/goalunited\/wp-json\/wp\/v2\/types\/page"}],"author":[{"embeddable":true,"href":"https:\/\/krecklow.de\/goalunited\/wp-json\/wp\/v2\/users\/3"}],"replies":[{"embeddable":true,"href":"https:\/\/krecklow.de\/goalunited\/wp-json\/wp\/v2\/comments?post=3035"}],"version-history":[{"count":5,"href":"https:\/\/krecklow.de\/goalunited\/wp-json\/wp\/v2\/pages\/3035\/revisions"}],"predecessor-version":[{"id":3886,"href":"https:\/\/krecklow.de\/goalunited\/wp-json\/wp\/v2\/pages\/3035\/revisions\/3886"}],"up":[{"embeddable":true,"href":"https:\/\/krecklow.de\/goalunited\/wp-json\/wp\/v2\/pages\/1286"}],"wp:attachment":[{"href":"https:\/\/krecklow.de\/goalunited\/wp-json\/wp\/v2\/media?parent=3035"}],"curies":[{"name":"wp","href":"https:\/\/api.w.org\/{rel}","templated":true}]}}