{"id":292,"date":"2012-07-17T17:10:21","date_gmt":"2012-07-17T15:10:21","guid":{"rendered":"http:\/\/krecklow.de\/goalunited\/?page_id=292"},"modified":"2015-02-16T10:59:28","modified_gmt":"2015-02-16T08:59:28","slug":"nr-7-wennichjez","status":"publish","type":"page","link":"https:\/\/krecklow.de\/goalunited\/abknicker-of-fame\/nr-7-wennichjez\/","title":{"rendered":"Nr. 07 &#8211; &#8222;WenNichJez&#8220; Wanda"},"content":{"rendered":"<p>Die Nummer 7 bei den Abknickern trug Lorenzo &#8222;WenNichJez&#8220; Wanda:<\/p>\n<p><a href=\"https:\/\/krecklow.de\/goalunited\/wp-content\/uploads\/2015\/02\/2015-02-14_092111.jpg\"><img loading=\"lazy\" decoding=\"async\" class=\"aligncenter size-full wp-image-2337\" src=\"https:\/\/krecklow.de\/goalunited\/wp-content\/uploads\/2015\/02\/2015-02-14_092111.jpg\" alt=\"2015-02-14_092111\" width=\"646\" height=\"719\" srcset=\"https:\/\/krecklow.de\/goalunited\/wp-content\/uploads\/2015\/02\/2015-02-14_092111.jpg 646w, https:\/\/krecklow.de\/goalunited\/wp-content\/uploads\/2015\/02\/2015-02-14_092111-270x300.jpg 270w\" sizes=\"auto, (max-width: 646px) 100vw, 646px\" \/><\/a><\/p>\n<p>&nbsp;<\/p>\n<p>WennNichJez war 17 Jahre als er im Dezember 2011 zum Profiteam sto\u00df. Es war von Beginn an klar, dass er zuk\u00fcnftig f\u00fcr die Ecken verantwortlich sein wird. F\u00fc\u00dfigkeit, Talent und Charakter sind top, seine Skills wurden t\u00e4glich verbessert. Nach 312 Eins\u00e4tzen, 74 Toren und unz\u00e4hligen Ecken wurde Wanda am 15.02.2015 f\u00fcr 17,5Mio verkauft.<\/p>\n<p>Skills zum Geburtstag:<\/p>\n<table width=\"630\">\n<tbody>\n<tr>\n<td width=\"80\">Wanda<\/td>\n<td width=\"70\">temp<\/td>\n<td width=\"34\">18<\/td>\n<td width=\"31\">11<\/td>\n<td width=\"26\">2<\/td>\n<td width=\"23\">8<\/td>\n<td width=\"31\">18<\/td>\n<td width=\"23\">35<\/td>\n<td width=\"23\">18<\/td>\n<td width=\"63\">79<\/td>\n<td width=\"86\"><\/td>\n<td width=\"35\">8<\/td>\n<td width=\"36\">18<\/td>\n<td width=\"33\">35<\/td>\n<td width=\"36\">18<\/td>\n<\/tr>\n<tr>\n<td>Wanda<\/td>\n<td>temp<\/td>\n<td>19<\/td>\n<td>17<\/td>\n<td>2<\/td>\n<td>20<\/td>\n<td>35<\/td>\n<td>42<\/td>\n<td>23<\/td>\n<td>120<\/td>\n<td>41<\/td>\n<td>12<\/td>\n<td>17<\/td>\n<td>7<\/td>\n<td>5<\/td>\n<\/tr>\n<tr>\n<td>Wanda<\/td>\n<td>temp<\/td>\n<td>20<\/td>\n<td>26<\/td>\n<td>2<\/td>\n<td>34<\/td>\n<td>44<\/td>\n<td>46<\/td>\n<td>31<\/td>\n<td>155<\/td>\n<td>35<\/td>\n<td>14<\/td>\n<td>9<\/td>\n<td>4<\/td>\n<td>8<\/td>\n<\/tr>\n<tr>\n<td>Wanda<\/td>\n<td>temp<\/td>\n<td>21<\/td>\n<td>35<\/td>\n<td>2<\/td>\n<td>45<\/td>\n<td>54<\/td>\n<td>55<\/td>\n<td>42<\/td>\n<td>196<\/td>\n<td>41<\/td>\n<td>11<\/td>\n<td>10<\/td>\n<td>9<\/td>\n<td>11<\/td>\n<\/tr>\n<tr>\n<td>Wanda<\/td>\n<td>temp<\/td>\n<td>22<\/td>\n<td>44<\/td>\n<td>2<\/td>\n<td>52<\/td>\n<td>63<\/td>\n<td>67<\/td>\n<td>51<\/td>\n<td>233<\/td>\n<td>37<\/td>\n<td>7<\/td>\n<td>9<\/td>\n<td>12<\/td>\n<td>9<\/td>\n<\/tr>\n<tr>\n<td>Wanda<\/td>\n<td>temp<\/td>\n<td>23<\/td>\n<td>53<\/td>\n<td>2<\/td>\n<td>61<\/td>\n<td>70<\/td>\n<td>80<\/td>\n<td>58<\/td>\n<td>269<\/td>\n<td>36<\/td>\n<td>9<\/td>\n<td>7<\/td>\n<td>13<\/td>\n<td>7<\/td>\n<\/tr>\n<tr>\n<td>Wanda<\/td>\n<td>temp<\/td>\n<td>24<\/td>\n<td>67<\/td>\n<td>2<\/td>\n<td>68<\/td>\n<td>77<\/td>\n<td>87<\/td>\n<td>66<\/td>\n<td>298<\/td>\n<td>29<\/td>\n<td>7<\/td>\n<td>7<\/td>\n<td>7<\/td>\n<td>8<\/td>\n<\/tr>\n<tr>\n<td>Wanda<\/td>\n<td>temp<\/td>\n<td>25<\/td>\n<td>77<\/td>\n<td>2<\/td>\n<td>77<\/td>\n<td>83<\/td>\n<td>91<\/td>\n<td>75<\/td>\n<td>326<\/td>\n<td>28<\/td>\n<td>9<\/td>\n<td>6<\/td>\n<td>4<\/td>\n<td>9<\/td>\n<\/tr>\n<tr>\n<td>Wanda<\/td>\n<td>temp<\/td>\n<td>26<\/td>\n<td>99<\/td>\n<td>2<\/td>\n<td>81<\/td>\n<td>90<\/td>\n<td>93<\/td>\n<td>81<\/td>\n<td>345<\/td>\n<td>19<\/td>\n<td>4<\/td>\n<td>7<\/td>\n<td>2<\/td>\n<td>6<\/td>\n<\/tr>\n<tr>\n<td>Wanda<\/td>\n<td>temp<\/td>\n<td>27<\/td>\n<td>100<\/td>\n<td>2<\/td>\n<td>85<\/td>\n<td>92<\/td>\n<td>95<\/td>\n<td>86<\/td>\n<td>358<\/td>\n<td>13<\/td>\n<td>4<\/td>\n<td>2<\/td>\n<td>2<\/td>\n<td>5<\/td>\n<\/tr>\n<tr>\n<td>Wanda<\/td>\n<td>temp<\/td>\n<td>28<\/td>\n<td>100<\/td>\n<td>2<\/td>\n<td>86<\/td>\n<td>94<\/td>\n<td>96<\/td>\n<td>91<\/td>\n<td>367<\/td>\n<td>9<\/td>\n<td>1<\/td>\n<td>2<\/td>\n<td>1<\/td>\n<td>5<\/td>\n<\/tr>\n<tr>\n<td>Wanda<\/td>\n<td>temp<\/td>\n<td>29<\/td>\n<td>100<\/td>\n<td>2<\/td>\n<td>88<\/td>\n<td>96<\/td>\n<td>97<\/td>\n<td>93<\/td>\n<td>374<\/td>\n<td>7<\/td>\n<td>2<\/td>\n<td>2<\/td>\n<td>1<\/td>\n<td>2<\/td>\n<\/tr>\n<tr>\n<td>Wanda<\/td>\n<td>temp<\/td>\n<td>30<\/td>\n<td>100<\/td>\n<td>2<\/td>\n<td>88<\/td>\n<td>97<\/td>\n<td>97<\/td>\n<td>94<\/td>\n<td>376<\/td>\n<td>2<\/td>\n<td>0<\/td>\n<td>1<\/td>\n<td>0<\/td>\n<td>1<\/td>\n<\/tr>\n<tr>\n<td>Wanda<\/td>\n<td>temp<\/td>\n<td>31<\/td>\n<td>100<\/td>\n<td>2<\/td>\n<td>89<\/td>\n<td>97<\/td>\n<td>97<\/td>\n<td>95<\/td>\n<td>378<\/td>\n<td>2<\/td>\n<td>1<\/td>\n<td>0<\/td>\n<td>0<\/td>\n<td>1<\/td>\n<\/tr>\n<tr>\n<td>Wanda<\/td>\n<td>temp<\/td>\n<td>31<\/td>\n<td>100<\/td>\n<td>2<\/td>\n<td>89<\/td>\n<td>97<\/td>\n<td>97<\/td>\n<td>95<\/td>\n<td>378<\/td>\n<td>0<\/td>\n<td>0<\/td>\n<td>0<\/td>\n<td>0<\/td>\n<td>0<\/td>\n<\/tr>\n<\/tbody>\n<\/table>\n<p>23.12.2014<\/p>\n<p><a href=\"https:\/\/krecklow.de\/goalunited\/wp-content\/uploads\/2012\/07\/72.jpg\"><img loading=\"lazy\" decoding=\"async\" class=\"aligncenter size-full wp-image-2007\" src=\"https:\/\/krecklow.de\/goalunited\/wp-content\/uploads\/2012\/07\/72.jpg\" alt=\"7\" width=\"598\" height=\"676\" srcset=\"https:\/\/krecklow.de\/goalunited\/wp-content\/uploads\/2012\/07\/72.jpg 598w, https:\/\/krecklow.de\/goalunited\/wp-content\/uploads\/2012\/07\/72-265x300.jpg 265w\" sizes=\"auto, (max-width: 598px) 100vw, 598px\" \/><\/a><\/p>\n<p>14.05.2013<\/p>\n<p><a href=\"https:\/\/krecklow.de\/goalunited\/wp-content\/uploads\/2012\/07\/71.jpg\"><img loading=\"lazy\" decoding=\"async\" class=\"aligncenter size-full wp-image-1120\" src=\"https:\/\/krecklow.de\/goalunited\/wp-content\/uploads\/2012\/07\/71.jpg\" alt=\"7\" width=\"579\" height=\"647\" srcset=\"https:\/\/krecklow.de\/goalunited\/wp-content\/uploads\/2012\/07\/71.jpg 579w, https:\/\/krecklow.de\/goalunited\/wp-content\/uploads\/2012\/07\/71-268x300.jpg 268w\" sizes=\"auto, (max-width: 579px) 100vw, 579px\" \/><\/a><\/p>\n<p>15.01.2013<\/p>\n<p><a href=\"https:\/\/krecklow.de\/goalunited\/wp-content\/uploads\/2012\/07\/7.jpg\"><img loading=\"lazy\" decoding=\"async\" class=\"aligncenter size-full wp-image-845\" src=\"https:\/\/krecklow.de\/goalunited\/wp-content\/uploads\/2012\/07\/7.jpg\" alt=\"7\" width=\"577\" height=\"639\" srcset=\"https:\/\/krecklow.de\/goalunited\/wp-content\/uploads\/2012\/07\/7.jpg 577w, https:\/\/krecklow.de\/goalunited\/wp-content\/uploads\/2012\/07\/7-270x300.jpg 270w\" sizes=\"auto, (max-width: 577px) 100vw, 577px\" \/><\/a><a href=\"https:\/\/krecklow.de\/goalunited\/wp-content\/uploads\/2012\/07\/wennich.jpg\"><img loading=\"lazy\" decoding=\"async\" title=\"wennich\" src=\"https:\/\/krecklow.de\/goalunited\/wp-content\/uploads\/2012\/07\/wennich.jpg\" alt=\"\" width=\"568\" height=\"642\" \/><br \/>\n<\/a><\/p>\n","protected":false},"excerpt":{"rendered":"<p>Die Nummer 7 bei den Abknickern trug Lorenzo &#8222;WenNichJez&#8220; Wanda: &nbsp; WennNichJez war 17 Jahre als er im Dezember 2011 zum Profiteam sto\u00df. Es war von Beginn an klar, dass er zuk\u00fcnftig f\u00fcr die Ecken verantwortlich sein wird. F\u00fc\u00dfigkeit, Talent &hellip; <a href=\"https:\/\/krecklow.de\/goalunited\/abknicker-of-fame\/nr-7-wennichjez\/\">Weiterlesen <span class=\"meta-nav\">&rarr;<\/span><\/a><\/p>\n","protected":false},"author":2,"featured_media":0,"parent":520,"menu_order":0,"comment_status":"open","ping_status":"closed","template":"","meta":{"footnotes":""},"class_list":["post-292","page","type-page","status-publish","hentry"],"aioseo_notices":[],"_links":{"self":[{"href":"https:\/\/krecklow.de\/goalunited\/wp-json\/wp\/v2\/pages\/292","targetHints":{"allow":["GET"]}}],"collection":[{"href":"https:\/\/krecklow.de\/goalunited\/wp-json\/wp\/v2\/pages"}],"about":[{"href":"https:\/\/krecklow.de\/goalunited\/wp-json\/wp\/v2\/types\/page"}],"author":[{"embeddable":true,"href":"https:\/\/krecklow.de\/goalunited\/wp-json\/wp\/v2\/users\/2"}],"replies":[{"embeddable":true,"href":"https:\/\/krecklow.de\/goalunited\/wp-json\/wp\/v2\/comments?post=292"}],"version-history":[{"count":7,"href":"https:\/\/krecklow.de\/goalunited\/wp-json\/wp\/v2\/pages\/292\/revisions"}],"predecessor-version":[{"id":2350,"href":"https:\/\/krecklow.de\/goalunited\/wp-json\/wp\/v2\/pages\/292\/revisions\/2350"}],"up":[{"embeddable":true,"href":"https:\/\/krecklow.de\/goalunited\/wp-json\/wp\/v2\/pages\/520"}],"wp:attachment":[{"href":"https:\/\/krecklow.de\/goalunited\/wp-json\/wp\/v2\/media?parent=292"}],"curies":[{"name":"wp","href":"https:\/\/api.w.org\/{rel}","templated":true}]}}