{"id":2872,"date":"2015-10-28T16:50:48","date_gmt":"2015-10-28T14:50:48","guid":{"rendered":"http:\/\/krecklow.de\/goalunited\/?page_id=2872"},"modified":"2016-07-07T15:05:02","modified_gmt":"2016-07-07T13:05:02","slug":"nr-11-de-redelijkheid","status":"publish","type":"page","link":"https:\/\/krecklow.de\/goalunited\/transfers\/verkaeufe\/nr-11-de-redelijkheid\/","title":{"rendered":"Nr. 11 &#8211; De Redelijkheid"},"content":{"rendered":"<p>Unsere Nr. 11:<\/p>\n<p><a href=\"https:\/\/krecklow.de\/goalunited\/wp-content\/uploads\/2015\/10\/2015-10-28_154356.png\"><img loading=\"lazy\" decoding=\"async\" class=\"aligncenter size-full wp-image-2870\" src=\"https:\/\/krecklow.de\/goalunited\/wp-content\/uploads\/2015\/10\/2015-10-28_154356.png\" alt=\"2015-10-28_154356\" width=\"638\" height=\"718\" srcset=\"https:\/\/krecklow.de\/goalunited\/wp-content\/uploads\/2015\/10\/2015-10-28_154356.png 638w, https:\/\/krecklow.de\/goalunited\/wp-content\/uploads\/2015\/10\/2015-10-28_154356-267x300.png 267w\" sizes=\"auto, (max-width: 638px) 100vw, 638px\" \/><\/a><\/p>\n<p>De Redelijkheid wurde am 27.10.2015 f\u00fcr 33,5 Mio aus Holland verpflichtet und schlie\u00dft die L\u00fccke zwischen Burel und Sagdic!<\/p>\n","protected":false},"excerpt":{"rendered":"<p>Unsere Nr. 11: De Redelijkheid wurde am 27.10.2015 f\u00fcr 33,5 Mio aus Holland verpflichtet und schlie\u00dft die L\u00fccke zwischen Burel und Sagdic!<\/p>\n","protected":false},"author":3,"featured_media":0,"parent":1286,"menu_order":0,"comment_status":"closed","ping_status":"closed","template":"","meta":{"footnotes":""},"class_list":["post-2872","page","type-page","status-publish","hentry"],"aioseo_notices":[],"_links":{"self":[{"href":"https:\/\/krecklow.de\/goalunited\/wp-json\/wp\/v2\/pages\/2872","targetHints":{"allow":["GET"]}}],"collection":[{"href":"https:\/\/krecklow.de\/goalunited\/wp-json\/wp\/v2\/pages"}],"about":[{"href":"https:\/\/krecklow.de\/goalunited\/wp-json\/wp\/v2\/types\/page"}],"author":[{"embeddable":true,"href":"https:\/\/krecklow.de\/goalunited\/wp-json\/wp\/v2\/users\/3"}],"replies":[{"embeddable":true,"href":"https:\/\/krecklow.de\/goalunited\/wp-json\/wp\/v2\/comments?post=2872"}],"version-history":[{"count":1,"href":"https:\/\/krecklow.de\/goalunited\/wp-json\/wp\/v2\/pages\/2872\/revisions"}],"predecessor-version":[{"id":2874,"href":"https:\/\/krecklow.de\/goalunited\/wp-json\/wp\/v2\/pages\/2872\/revisions\/2874"}],"up":[{"embeddable":true,"href":"https:\/\/krecklow.de\/goalunited\/wp-json\/wp\/v2\/pages\/1286"}],"wp:attachment":[{"href":"https:\/\/krecklow.de\/goalunited\/wp-json\/wp\/v2\/media?parent=2872"}],"curies":[{"name":"wp","href":"https:\/\/api.w.org\/{rel}","templated":true}]}}