{"id":282,"date":"2012-07-17T16:46:49","date_gmt":"2012-07-17T14:46:49","guid":{"rendered":"http:\/\/krecklow.de\/goalunited\/?page_id=282"},"modified":"2015-07-28T22:49:24","modified_gmt":"2015-07-28T20:49:24","slug":"remo","status":"publish","type":"page","link":"https:\/\/krecklow.de\/goalunited\/abknicker-of-fame\/remo\/","title":{"rendered":"Nr. 10 &#8211; Salvetti"},"content":{"rendered":"<p>Die Nummer 10\u00a0tr\u00e4gt Remo Salvetti:<\/p>\n<p>28.07.2015<\/p>\n<p><a href=\"https:\/\/krecklow.de\/goalunited\/wp-content\/uploads\/2012\/07\/2015-07-28_213653.jpg\"><img loading=\"lazy\" decoding=\"async\" class=\"aligncenter size-full wp-image-2721\" src=\"https:\/\/krecklow.de\/goalunited\/wp-content\/uploads\/2012\/07\/2015-07-28_213653.jpg\" alt=\"2015-07-28_213653\" width=\"654\" height=\"717\" srcset=\"https:\/\/krecklow.de\/goalunited\/wp-content\/uploads\/2012\/07\/2015-07-28_213653.jpg 654w, https:\/\/krecklow.de\/goalunited\/wp-content\/uploads\/2012\/07\/2015-07-28_213653-274x300.jpg 274w\" sizes=\"auto, (max-width: 654px) 100vw, 654px\" \/><\/a><\/p>\n<p>Salvetti wurde am 13.04.2012, als 18j\u00e4hriger Spieler f\u00fcr 3,8Mio EUR verpflichtet.<\/p>\n<p>Q5 und Q6 waren sein Einsatzort. Am 28.07.2015 wurde er nach 327 Eins\u00e4tzen und 91 Toren verkauft um Platz im Kader zu machen.<\/p>\n<p>Seine Feldskills zu den Geburtstagen:<\/p>\n<table width=\"630\">\n<tbody>\n<tr>\n<td width=\"80\">Salvetti<\/td>\n<td width=\"70\">unflex<\/td>\n<td width=\"34\">19<\/td>\n<td width=\"31\">17<\/td>\n<td width=\"26\">1<\/td>\n<td width=\"23\">45<\/td>\n<td width=\"31\">36<\/td>\n<td width=\"23\">26<\/td>\n<td width=\"23\">23<\/td>\n<td width=\"63\">130<\/td>\n<td width=\"86\">130<\/td>\n<td width=\"35\">45<\/td>\n<td width=\"36\">36<\/td>\n<td width=\"33\">26<\/td>\n<td width=\"36\">23<\/td>\n<\/tr>\n<tr>\n<td>Salvetti<\/td>\n<td>unflex<\/td>\n<td>20<\/td>\n<td><\/td>\n<td><\/td>\n<td><\/td>\n<td><\/td>\n<td><\/td>\n<td><\/td>\n<td>172<\/td>\n<td>42<\/td>\n<td>-45<\/td>\n<td>-36<\/td>\n<td>-26<\/td>\n<td>-23<\/td>\n<\/tr>\n<tr>\n<td>Salvetti<\/td>\n<td>unflex<\/td>\n<td>21<\/td>\n<td>30<\/td>\n<td>1<\/td>\n<td>57<\/td>\n<td>57<\/td>\n<td>52<\/td>\n<td>44<\/td>\n<td>210<\/td>\n<td>38<\/td>\n<td>57<\/td>\n<td>57<\/td>\n<td>52<\/td>\n<td>44<\/td>\n<\/tr>\n<tr>\n<td>Salvetti<\/td>\n<td>unflex<\/td>\n<td>22<\/td>\n<td>36<\/td>\n<td>1<\/td>\n<td>65<\/td>\n<td>65<\/td>\n<td>65<\/td>\n<td>53<\/td>\n<td>248<\/td>\n<td>38<\/td>\n<td>8<\/td>\n<td>8<\/td>\n<td>13<\/td>\n<td>9<\/td>\n<\/tr>\n<tr>\n<td>Salvetti<\/td>\n<td>unflex<\/td>\n<td>23<\/td>\n<td>45<\/td>\n<td>1<\/td>\n<td>73<\/td>\n<td>75<\/td>\n<td>72<\/td>\n<td>63<\/td>\n<td>283<\/td>\n<td>35<\/td>\n<td>8<\/td>\n<td>10<\/td>\n<td>7<\/td>\n<td>10<\/td>\n<\/tr>\n<tr>\n<td>Salvetti<\/td>\n<td>unflex<\/td>\n<td>24<\/td>\n<td>57<\/td>\n<td>1<\/td>\n<td>80<\/td>\n<td>84<\/td>\n<td>79<\/td>\n<td>70<\/td>\n<td>313<\/td>\n<td>30<\/td>\n<td>7<\/td>\n<td>9<\/td>\n<td>7<\/td>\n<td>7<\/td>\n<\/tr>\n<tr>\n<td width=\"80\">Salvetti<\/td>\n<td>unflex<\/td>\n<td>25<\/td>\n<td>76<\/td>\n<td>1<\/td>\n<td>87<\/td>\n<td>89<\/td>\n<td>86<\/td>\n<td>78<\/td>\n<td>340<\/td>\n<td>27<\/td>\n<td>7<\/td>\n<td>5<\/td>\n<td>7<\/td>\n<td>8<\/td>\n<\/tr>\n<tr>\n<td width=\"80\">Salvetti<\/td>\n<td>unflex<\/td>\n<td>26<\/td>\n<td>97<\/td>\n<td>1<\/td>\n<td>90<\/td>\n<td>92<\/td>\n<td>90<\/td>\n<td>84<\/td>\n<td>356<\/td>\n<td>16<\/td>\n<td>3<\/td>\n<td>3<\/td>\n<td>4<\/td>\n<td>6<\/td>\n<\/tr>\n<tr>\n<td width=\"80\">Salvetti<\/td>\n<td>unflex<\/td>\n<td>27<\/td>\n<td>100<\/td>\n<td>1<\/td>\n<td>92<\/td>\n<td>94<\/td>\n<td>93<\/td>\n<td>90<\/td>\n<td>369<\/td>\n<td>13<\/td>\n<td>2<\/td>\n<td>2<\/td>\n<td>3<\/td>\n<td>6<\/td>\n<\/tr>\n<tr>\n<td width=\"80\">Salvetti<\/td>\n<td>unflex<\/td>\n<td>28<\/td>\n<td>100<\/td>\n<td>1<\/td>\n<td>94<\/td>\n<td>95<\/td>\n<td>95<\/td>\n<td>92<\/td>\n<td>376<\/td>\n<td>7<\/td>\n<td>2<\/td>\n<td>1<\/td>\n<td>2<\/td>\n<td>2<\/td>\n<\/tr>\n<tr>\n<td width=\"80\">Salvetti<\/td>\n<td>unflex<\/td>\n<td>29<\/td>\n<td>100<\/td>\n<td>1<\/td>\n<td>95<\/td>\n<td>97<\/td>\n<td>96<\/td>\n<td>94<\/td>\n<td>382<\/td>\n<td>6<\/td>\n<td>1<\/td>\n<td>2<\/td>\n<td>1<\/td>\n<td>2<\/td>\n<\/tr>\n<tr>\n<td width=\"80\">Salvetti<\/td>\n<td>unflex<\/td>\n<td>30<\/td>\n<td>100<\/td>\n<td>1<\/td>\n<td>95<\/td>\n<td>97<\/td>\n<td>96<\/td>\n<td>94<\/td>\n<td>382<\/td>\n<td>0<\/td>\n<td>0<\/td>\n<td>0<\/td>\n<td>0<\/td>\n<td>0<\/td>\n<\/tr>\n<tr>\n<td width=\"80\">Salvetti<\/td>\n<td>unflex<\/td>\n<td>31<\/td>\n<td>100<\/td>\n<td>1<\/td>\n<td>95<\/td>\n<td>97<\/td>\n<td>96<\/td>\n<td>94<\/td>\n<td>382<\/td>\n<td>0<\/td>\n<td>0<\/td>\n<td>0<\/td>\n<td>0<\/td>\n<td>0<\/td>\n<\/tr>\n<\/tbody>\n<\/table>\n<p>15.05.2015<\/p>\n<p><a href=\"https:\/\/krecklow.de\/goalunited\/wp-content\/uploads\/2012\/07\/2015-05-15_094631.png\"><img loading=\"lazy\" decoding=\"async\" class=\"aligncenter size-full wp-image-2521\" src=\"https:\/\/krecklow.de\/goalunited\/wp-content\/uploads\/2012\/07\/2015-05-15_094631.png\" alt=\"2015-05-15_094631\" width=\"562\" height=\"623\" srcset=\"https:\/\/krecklow.de\/goalunited\/wp-content\/uploads\/2012\/07\/2015-05-15_094631.png 562w, https:\/\/krecklow.de\/goalunited\/wp-content\/uploads\/2012\/07\/2015-05-15_094631-271x300.png 271w\" sizes=\"auto, (max-width: 562px) 100vw, 562px\" \/><\/a><\/p>\n<p>23.12.2014<\/p>\n<p><a href=\"https:\/\/krecklow.de\/goalunited\/wp-content\/uploads\/2012\/07\/102.jpg\"><img loading=\"lazy\" decoding=\"async\" class=\"aligncenter size-full wp-image-2018\" src=\"https:\/\/krecklow.de\/goalunited\/wp-content\/uploads\/2012\/07\/102.jpg\" alt=\"10\" width=\"573\" height=\"644\" srcset=\"https:\/\/krecklow.de\/goalunited\/wp-content\/uploads\/2012\/07\/102.jpg 573w, https:\/\/krecklow.de\/goalunited\/wp-content\/uploads\/2012\/07\/102-267x300.jpg 267w\" sizes=\"auto, (max-width: 573px) 100vw, 573px\" \/><\/a><\/p>\n<p><a href=\"https:\/\/krecklow.de\/goalunited\/wp-content\/uploads\/2012\/07\/remo.jpg\"><img loading=\"lazy\" decoding=\"async\" class=\"aligncenter size-full wp-image-557\" title=\"remo\" src=\"https:\/\/krecklow.de\/goalunited\/wp-content\/uploads\/2012\/07\/remo.jpg\" alt=\"\" width=\"574\" height=\"642\" srcset=\"https:\/\/krecklow.de\/goalunited\/wp-content\/uploads\/2012\/07\/remo.jpg 574w, https:\/\/krecklow.de\/goalunited\/wp-content\/uploads\/2012\/07\/remo-268x300.jpg 268w\" sizes=\"auto, (max-width: 574px) 100vw, 574px\" \/><\/a><\/p>\n<p>Stand 19.02.2013<\/p>\n<p><a href=\"https:\/\/krecklow.de\/goalunited\/wp-content\/uploads\/2012\/07\/2013-02-19_170243.jpg\"><img loading=\"lazy\" decoding=\"async\" class=\"aligncenter size-full wp-image-956\" src=\"https:\/\/krecklow.de\/goalunited\/wp-content\/uploads\/2012\/07\/2013-02-19_170243.jpg\" alt=\"2013-02-19_170243\" width=\"586\" height=\"661\" srcset=\"https:\/\/krecklow.de\/goalunited\/wp-content\/uploads\/2012\/07\/2013-02-19_170243.jpg 586w, https:\/\/krecklow.de\/goalunited\/wp-content\/uploads\/2012\/07\/2013-02-19_170243-265x300.jpg 265w\" sizes=\"auto, (max-width: 586px) 100vw, 586px\" \/><\/a><\/p>\n<p>&nbsp;<\/p>\n","protected":false},"excerpt":{"rendered":"<p>Die Nummer 10\u00a0tr\u00e4gt Remo Salvetti: 28.07.2015 Salvetti wurde am 13.04.2012, als 18j\u00e4hriger Spieler f\u00fcr 3,8Mio EUR verpflichtet. Q5 und Q6 waren sein Einsatzort. Am 28.07.2015 wurde er nach 327 Eins\u00e4tzen und 91 Toren verkauft um Platz im Kader zu machen. &hellip; <a href=\"https:\/\/krecklow.de\/goalunited\/abknicker-of-fame\/remo\/\">Weiterlesen <span class=\"meta-nav\">&rarr;<\/span><\/a><\/p>\n","protected":false},"author":2,"featured_media":0,"parent":520,"menu_order":0,"comment_status":"open","ping_status":"closed","template":"","meta":{"footnotes":""},"class_list":["post-282","page","type-page","status-publish","hentry"],"aioseo_notices":[],"_links":{"self":[{"href":"https:\/\/krecklow.de\/goalunited\/wp-json\/wp\/v2\/pages\/282","targetHints":{"allow":["GET"]}}],"collection":[{"href":"https:\/\/krecklow.de\/goalunited\/wp-json\/wp\/v2\/pages"}],"about":[{"href":"https:\/\/krecklow.de\/goalunited\/wp-json\/wp\/v2\/types\/page"}],"author":[{"embeddable":true,"href":"https:\/\/krecklow.de\/goalunited\/wp-json\/wp\/v2\/users\/2"}],"replies":[{"embeddable":true,"href":"https:\/\/krecklow.de\/goalunited\/wp-json\/wp\/v2\/comments?post=282"}],"version-history":[{"count":8,"href":"https:\/\/krecklow.de\/goalunited\/wp-json\/wp\/v2\/pages\/282\/revisions"}],"predecessor-version":[{"id":2722,"href":"https:\/\/krecklow.de\/goalunited\/wp-json\/wp\/v2\/pages\/282\/revisions\/2722"}],"up":[{"embeddable":true,"href":"https:\/\/krecklow.de\/goalunited\/wp-json\/wp\/v2\/pages\/520"}],"wp:attachment":[{"href":"https:\/\/krecklow.de\/goalunited\/wp-json\/wp\/v2\/media?parent=282"}],"curies":[{"name":"wp","href":"https:\/\/api.w.org\/{rel}","templated":true}]}}