{"id":2568,"date":"2015-05-15T10:02:07","date_gmt":"2015-05-15T08:02:07","guid":{"rendered":"http:\/\/krecklow.de\/goalunited\/?page_id=2568"},"modified":"2016-02-14T12:12:28","modified_gmt":"2016-02-14T10:12:28","slug":"nr-28-sabit","status":"publish","type":"page","link":"https:\/\/krecklow.de\/goalunited\/transfers\/verkaeufe\/nr-28-sabit\/","title":{"rendered":"Nr. 28 &#8211; Sabit"},"content":{"rendered":"<p>Unsere Nummer 28:<\/p>\n<p>Am 16.01. wurde Sabit, ein nervenstarkes Eckballtalent f\u00fcr 8,3 Mio verpflichtet. Damit haben wir einen perfekten Backup f\u00fcr unseren zuk\u00fcnftigen Eckensch\u00fctzen Sagdic!<\/p>\n<p>Seine Skills zum Geburtstag:<\/p>\n<p>15.05.2015<\/p>\n<p><a href=\"https:\/\/krecklow.de\/goalunited\/wp-content\/uploads\/2015\/05\/2015-05-15_100003.png\"><img loading=\"lazy\" decoding=\"async\" class=\"aligncenter size-full wp-image-2569\" src=\"https:\/\/krecklow.de\/goalunited\/wp-content\/uploads\/2015\/05\/2015-05-15_100003.png\" alt=\"2015-05-15_100003\" width=\"557\" height=\"628\" srcset=\"https:\/\/krecklow.de\/goalunited\/wp-content\/uploads\/2015\/05\/2015-05-15_100003.png 557w, https:\/\/krecklow.de\/goalunited\/wp-content\/uploads\/2015\/05\/2015-05-15_100003-266x300.png 266w\" sizes=\"auto, (max-width: 557px) 100vw, 557px\" \/><\/a><\/p>\n<p>&nbsp;<\/p>\n","protected":false},"excerpt":{"rendered":"<p>Unsere Nummer 28: Am 16.01. wurde Sabit, ein nervenstarkes Eckballtalent f\u00fcr 8,3 Mio verpflichtet. Damit haben wir einen perfekten Backup f\u00fcr unseren zuk\u00fcnftigen Eckensch\u00fctzen Sagdic! Seine Skills zum Geburtstag: 15.05.2015 &nbsp;<\/p>\n","protected":false},"author":3,"featured_media":0,"parent":1286,"menu_order":0,"comment_status":"open","ping_status":"closed","template":"","meta":{"footnotes":""},"class_list":["post-2568","page","type-page","status-publish","hentry"],"aioseo_notices":[],"_links":{"self":[{"href":"https:\/\/krecklow.de\/goalunited\/wp-json\/wp\/v2\/pages\/2568","targetHints":{"allow":["GET"]}}],"collection":[{"href":"https:\/\/krecklow.de\/goalunited\/wp-json\/wp\/v2\/pages"}],"about":[{"href":"https:\/\/krecklow.de\/goalunited\/wp-json\/wp\/v2\/types\/page"}],"author":[{"embeddable":true,"href":"https:\/\/krecklow.de\/goalunited\/wp-json\/wp\/v2\/users\/3"}],"replies":[{"embeddable":true,"href":"https:\/\/krecklow.de\/goalunited\/wp-json\/wp\/v2\/comments?post=2568"}],"version-history":[{"count":2,"href":"https:\/\/krecklow.de\/goalunited\/wp-json\/wp\/v2\/pages\/2568\/revisions"}],"predecessor-version":[{"id":2617,"href":"https:\/\/krecklow.de\/goalunited\/wp-json\/wp\/v2\/pages\/2568\/revisions\/2617"}],"up":[{"embeddable":true,"href":"https:\/\/krecklow.de\/goalunited\/wp-json\/wp\/v2\/pages\/1286"}],"wp:attachment":[{"href":"https:\/\/krecklow.de\/goalunited\/wp-json\/wp\/v2\/media?parent=2568"}],"curies":[{"name":"wp","href":"https:\/\/api.w.org\/{rel}","templated":true}]}}