{"id":1733,"date":"2014-04-28T16:08:49","date_gmt":"2014-04-28T14:08:49","guid":{"rendered":"http:\/\/krecklow.de\/goalunited\/?page_id=1733"},"modified":"2015-06-18T15:02:47","modified_gmt":"2015-06-18T13:02:47","slug":"nr-18-sergey-bedoev","status":"publish","type":"page","link":"https:\/\/krecklow.de\/goalunited\/transfers\/verkaeufe\/nr-18-sergey-bedoev\/","title":{"rendered":"Nr. 06 &#8211; Sergey Bedoev"},"content":{"rendered":"<p>Unsere Nr. 6<\/p>\n<p>Bedoev wurde am \u00a026.04. f\u00fcr die Rekordabl\u00f6se von 83,1 Mio aus Russland verpflichtet. Er wird vorwiegend auf dem Fl\u00fcgel oder im off. Mittelfeld eingesetzt!<\/p>\n<table width=\"630\">\n<tbody>\n<tr>\n<td width=\"80\">Bedoev<\/td>\n<td width=\"70\">temp<\/td>\n<td width=\"34\">24<\/td>\n<td width=\"31\">85<\/td>\n<td width=\"26\">1<\/td>\n<td width=\"23\">73<\/td>\n<td width=\"31\">92<\/td>\n<td width=\"23\">83<\/td>\n<td width=\"23\">88<\/td>\n<td width=\"63\">336<\/td>\n<td width=\"86\"><\/td>\n<td width=\"35\"><\/td>\n<td width=\"36\"><\/td>\n<td width=\"33\"><\/td>\n<td width=\"36\"><\/td>\n<\/tr>\n<tr>\n<td>Bedoev<\/td>\n<td>temp<\/td>\n<td>25<\/td>\n<td>92<\/td>\n<td>1<\/td>\n<td>83<\/td>\n<td>94<\/td>\n<td>88<\/td>\n<td>90<\/td>\n<td>355<\/td>\n<td>19<\/td>\n<td>10<\/td>\n<td>2<\/td>\n<td>5<\/td>\n<td>2<\/td>\n<\/tr>\n<tr>\n<td>Bedoev<\/td>\n<td>temp<\/td>\n<td>26<\/td>\n<td>100<\/td>\n<td>1<\/td>\n<td>88<\/td>\n<td>96<\/td>\n<td>93<\/td>\n<td>94<\/td>\n<td>371<\/td>\n<td>16<\/td>\n<td>5<\/td>\n<td>2<\/td>\n<td>5<\/td>\n<td>4<\/td>\n<\/tr>\n<tr>\n<td>Bedoev<\/td>\n<td>temp<\/td>\n<td>27<\/td>\n<td>100<\/td>\n<td>1<\/td>\n<td>90<\/td>\n<td>97<\/td>\n<td>96<\/td>\n<td>96<\/td>\n<td>379<\/td>\n<td>8<\/td>\n<td>2<\/td>\n<td>1<\/td>\n<td>3<\/td>\n<td>2<\/td>\n<\/tr>\n<tr>\n<td>Bedoev<\/td>\n<td>temp<\/td>\n<td>28<\/td>\n<td>100<\/td>\n<td>1<\/td>\n<td>91<\/td>\n<td>97<\/td>\n<td>97<\/td>\n<td>97<\/td>\n<td>382<\/td>\n<td>3<\/td>\n<td>1<\/td>\n<td>0<\/td>\n<td>1<\/td>\n<td>1<\/td>\n<\/tr>\n<\/tbody>\n<\/table>\n<p>15.05.2015<\/p>\n<p><a href=\"https:\/\/krecklow.de\/goalunited\/wp-content\/uploads\/2014\/04\/2015-05-15_090226.png\"><img loading=\"lazy\" decoding=\"async\" class=\"aligncenter size-full wp-image-2510\" src=\"https:\/\/krecklow.de\/goalunited\/wp-content\/uploads\/2014\/04\/2015-05-15_090226.png\" alt=\"2015-05-15_090226\" width=\"554\" height=\"629\" srcset=\"https:\/\/krecklow.de\/goalunited\/wp-content\/uploads\/2014\/04\/2015-05-15_090226.png 554w, https:\/\/krecklow.de\/goalunited\/wp-content\/uploads\/2014\/04\/2015-05-15_090226-264x300.png 264w\" sizes=\"auto, (max-width: 554px) 100vw, 554px\" \/><\/a><\/p>\n<p>20.11.2014<\/p>\n<p><a href=\"https:\/\/krecklow.de\/goalunited\/wp-content\/uploads\/2014\/04\/bedoev.jpg\"><img loading=\"lazy\" decoding=\"async\" class=\"aligncenter size-full wp-image-1983\" src=\"https:\/\/krecklow.de\/goalunited\/wp-content\/uploads\/2014\/04\/bedoev.jpg\" alt=\"bedoev\" width=\"635\" height=\"717\" srcset=\"https:\/\/krecklow.de\/goalunited\/wp-content\/uploads\/2014\/04\/bedoev.jpg 635w, https:\/\/krecklow.de\/goalunited\/wp-content\/uploads\/2014\/04\/bedoev-265x300.jpg 265w\" sizes=\"auto, (max-width: 635px) 100vw, 635px\" \/><\/a><\/p>\n<p><a href=\"https:\/\/krecklow.de\/goalunited\/wp-content\/uploads\/2014\/04\/2014-04-28_142947.jpg\"><img loading=\"lazy\" decoding=\"async\" class=\"aligncenter size-full wp-image-1731\" src=\"https:\/\/krecklow.de\/goalunited\/wp-content\/uploads\/2014\/04\/2014-04-28_142947.jpg\" alt=\"2014-04-28_142947\" width=\"657\" height=\"737\" srcset=\"https:\/\/krecklow.de\/goalunited\/wp-content\/uploads\/2014\/04\/2014-04-28_142947.jpg 657w, https:\/\/krecklow.de\/goalunited\/wp-content\/uploads\/2014\/04\/2014-04-28_142947-267x300.jpg 267w\" sizes=\"auto, (max-width: 657px) 100vw, 657px\" \/><\/a>Sergey wurde am 26.04 f\u00fcr eine Rekordabl\u00f6se von 83Mio verpflichtet. Seine zuk\u00fcnftige Stammposition steht noch nicht fest.<\/p>\n","protected":false},"excerpt":{"rendered":"<p>Unsere Nr. 6 Bedoev wurde am \u00a026.04. f\u00fcr die Rekordabl\u00f6se von 83,1 Mio aus Russland verpflichtet. Er wird vorwiegend auf dem Fl\u00fcgel oder im off. Mittelfeld eingesetzt! Bedoev temp 24 85 1 73 92 83 88 336 Bedoev temp 25 &hellip; <a href=\"https:\/\/krecklow.de\/goalunited\/transfers\/verkaeufe\/nr-18-sergey-bedoev\/\">Weiterlesen <span class=\"meta-nav\">&rarr;<\/span><\/a><\/p>\n","protected":false},"author":2,"featured_media":0,"parent":1286,"menu_order":0,"comment_status":"open","ping_status":"closed","template":"","meta":{"footnotes":""},"class_list":["post-1733","page","type-page","status-publish","hentry"],"aioseo_notices":[],"_links":{"self":[{"href":"https:\/\/krecklow.de\/goalunited\/wp-json\/wp\/v2\/pages\/1733","targetHints":{"allow":["GET"]}}],"collection":[{"href":"https:\/\/krecklow.de\/goalunited\/wp-json\/wp\/v2\/pages"}],"about":[{"href":"https:\/\/krecklow.de\/goalunited\/wp-json\/wp\/v2\/types\/page"}],"author":[{"embeddable":true,"href":"https:\/\/krecklow.de\/goalunited\/wp-json\/wp\/v2\/users\/2"}],"replies":[{"embeddable":true,"href":"https:\/\/krecklow.de\/goalunited\/wp-json\/wp\/v2\/comments?post=1733"}],"version-history":[{"count":8,"href":"https:\/\/krecklow.de\/goalunited\/wp-json\/wp\/v2\/pages\/1733\/revisions"}],"predecessor-version":[{"id":2598,"href":"https:\/\/krecklow.de\/goalunited\/wp-json\/wp\/v2\/pages\/1733\/revisions\/2598"}],"up":[{"embeddable":true,"href":"https:\/\/krecklow.de\/goalunited\/wp-json\/wp\/v2\/pages\/1286"}],"wp:attachment":[{"href":"https:\/\/krecklow.de\/goalunited\/wp-json\/wp\/v2\/media?parent=1733"}],"curies":[{"name":"wp","href":"https:\/\/api.w.org\/{rel}","templated":true}]}}