{"id":156,"date":"2012-05-13T20:30:17","date_gmt":"2012-05-13T18:30:17","guid":{"rendered":"http:\/\/krecklow.de\/goalunited\/?page_id=156"},"modified":"2017-12-13T15:51:17","modified_gmt":"2017-12-13T13:51:17","slug":"transfers","status":"publish","type":"page","link":"https:\/\/krecklow.de\/goalunited\/transfers\/","title":{"rendered":"Transfers"},"content":{"rendered":"<p>Stand 13.12.2017<\/p>\n<p><a href=\"https:\/\/krecklow.de\/goalunited\/?attachment_id=3711\" rel=\"attachment wp-att-3711\"><img loading=\"lazy\" decoding=\"async\" class=\"aligncenter size-full wp-image-3711\" src=\"https:\/\/krecklow.de\/goalunited\/wp-content\/uploads\/2017\/12\/4.png\" alt=\"\" width=\"1391\" height=\"787\" srcset=\"https:\/\/krecklow.de\/goalunited\/wp-content\/uploads\/2017\/12\/4.png 1391w, https:\/\/krecklow.de\/goalunited\/wp-content\/uploads\/2017\/12\/4-300x170.png 300w, https:\/\/krecklow.de\/goalunited\/wp-content\/uploads\/2017\/12\/4-768x435.png 768w, https:\/\/krecklow.de\/goalunited\/wp-content\/uploads\/2017\/12\/4-1024x579.png 1024w, https:\/\/krecklow.de\/goalunited\/wp-content\/uploads\/2017\/12\/4-500x283.png 500w\" sizes=\"auto, (max-width: 1391px) 100vw, 1391px\" \/><\/a> <a href=\"https:\/\/krecklow.de\/goalunited\/?attachment_id=3712\" rel=\"attachment wp-att-3712\"><img loading=\"lazy\" decoding=\"async\" class=\"aligncenter size-full wp-image-3712\" src=\"https:\/\/krecklow.de\/goalunited\/wp-content\/uploads\/2017\/12\/5.png\" alt=\"\" width=\"1390\" height=\"239\" srcset=\"https:\/\/krecklow.de\/goalunited\/wp-content\/uploads\/2017\/12\/5.png 1390w, https:\/\/krecklow.de\/goalunited\/wp-content\/uploads\/2017\/12\/5-300x52.png 300w, https:\/\/krecklow.de\/goalunited\/wp-content\/uploads\/2017\/12\/5-768x132.png 768w, https:\/\/krecklow.de\/goalunited\/wp-content\/uploads\/2017\/12\/5-1024x176.png 1024w, https:\/\/krecklow.de\/goalunited\/wp-content\/uploads\/2017\/12\/5-500x86.png 500w\" sizes=\"auto, (max-width: 1390px) 100vw, 1390px\" \/><\/a><\/p>\n<p style=\"text-align: justify;\">Stand 15.05.2015<\/p>\n<p style=\"text-align: justify;\"><a href=\"https:\/\/krecklow.de\/goalunited\/wp-content\/uploads\/2012\/05\/2015-05-15_102523.png\"><img loading=\"lazy\" decoding=\"async\" class=\"aligncenter size-full wp-image-2586\" src=\"https:\/\/krecklow.de\/goalunited\/wp-content\/uploads\/2012\/05\/2015-05-15_102523.png\" alt=\"2015-05-15_102523\" width=\"1047\" height=\"259\" srcset=\"https:\/\/krecklow.de\/goalunited\/wp-content\/uploads\/2012\/05\/2015-05-15_102523.png 1047w, https:\/\/krecklow.de\/goalunited\/wp-content\/uploads\/2012\/05\/2015-05-15_102523-300x74.png 300w, https:\/\/krecklow.de\/goalunited\/wp-content\/uploads\/2012\/05\/2015-05-15_102523-1024x253.png 1024w, https:\/\/krecklow.de\/goalunited\/wp-content\/uploads\/2012\/05\/2015-05-15_102523-500x124.png 500w\" sizes=\"auto, (max-width: 1047px) 100vw, 1047px\" \/><\/a><\/p>\n<p style=\"text-align: justify;\">Stand 10.03.2015<\/p>\n<p style=\"text-align: justify;\"><a href=\"https:\/\/krecklow.de\/goalunited\/wp-content\/uploads\/2012\/05\/2015-03-10_153617.png\"><img loading=\"lazy\" decoding=\"async\" class=\"aligncenter size-full wp-image-2410\" src=\"https:\/\/krecklow.de\/goalunited\/wp-content\/uploads\/2012\/05\/2015-03-10_153617.png\" alt=\"2015-03-10_153617\" width=\"1201\" height=\"622\" srcset=\"https:\/\/krecklow.de\/goalunited\/wp-content\/uploads\/2012\/05\/2015-03-10_153617.png 1201w, https:\/\/krecklow.de\/goalunited\/wp-content\/uploads\/2012\/05\/2015-03-10_153617-300x155.png 300w, https:\/\/krecklow.de\/goalunited\/wp-content\/uploads\/2012\/05\/2015-03-10_153617-1024x530.png 1024w, https:\/\/krecklow.de\/goalunited\/wp-content\/uploads\/2012\/05\/2015-03-10_153617-500x259.png 500w\" sizes=\"auto, (max-width: 1201px) 100vw, 1201px\" \/><\/a> <a href=\"https:\/\/krecklow.de\/goalunited\/wp-content\/uploads\/2012\/05\/2015-03-10_153629.png\"><img loading=\"lazy\" decoding=\"async\" class=\"aligncenter size-full wp-image-2411\" src=\"https:\/\/krecklow.de\/goalunited\/wp-content\/uploads\/2012\/05\/2015-03-10_153629.png\" alt=\"2015-03-10_153629\" width=\"1205\" height=\"214\" srcset=\"https:\/\/krecklow.de\/goalunited\/wp-content\/uploads\/2012\/05\/2015-03-10_153629.png 1205w, https:\/\/krecklow.de\/goalunited\/wp-content\/uploads\/2012\/05\/2015-03-10_153629-300x53.png 300w, https:\/\/krecklow.de\/goalunited\/wp-content\/uploads\/2012\/05\/2015-03-10_153629-1024x182.png 1024w, https:\/\/krecklow.de\/goalunited\/wp-content\/uploads\/2012\/05\/2015-03-10_153629-500x89.png 500w\" sizes=\"auto, (max-width: 1205px) 100vw, 1205px\" \/><\/a><\/p>\n<p style=\"text-align: justify;\">Stand 03.01.2013:<\/p>\n<p style=\"text-align: center;\"><a href=\"https:\/\/krecklow.de\/goalunited\/?attachment_id=714\" rel=\"attachment wp-att-714\"><img loading=\"lazy\" decoding=\"async\" class=\"aligncenter size-full wp-image-766\" src=\"https:\/\/krecklow.de\/goalunited\/wp-content\/uploads\/2012\/05\/2013-01-03_120616.jpg\" alt=\"2013-01-03_120616\" width=\"1045\" height=\"147\" srcset=\"https:\/\/krecklow.de\/goalunited\/wp-content\/uploads\/2012\/05\/2013-01-03_120616.jpg 1045w, https:\/\/krecklow.de\/goalunited\/wp-content\/uploads\/2012\/05\/2013-01-03_120616-300x42.jpg 300w, https:\/\/krecklow.de\/goalunited\/wp-content\/uploads\/2012\/05\/2013-01-03_120616-1024x144.jpg 1024w, https:\/\/krecklow.de\/goalunited\/wp-content\/uploads\/2012\/05\/2013-01-03_120616-500x70.jpg 500w\" sizes=\"auto, (max-width: 1045px) 100vw, 1045px\" \/><img loading=\"lazy\" decoding=\"async\" class=\"aligncenter size-large wp-image-714\" src=\"https:\/\/krecklow.de\/goalunited\/wp-content\/uploads\/2012\/05\/2012-12-20_155009-1024x348.jpg\" alt=\"2012-12-20_155009\" width=\"584\" height=\"198\" srcset=\"https:\/\/krecklow.de\/goalunited\/wp-content\/uploads\/2012\/05\/2012-12-20_155009-1024x348.jpg 1024w, https:\/\/krecklow.de\/goalunited\/wp-content\/uploads\/2012\/05\/2012-12-20_155009-300x102.jpg 300w, https:\/\/krecklow.de\/goalunited\/wp-content\/uploads\/2012\/05\/2012-12-20_155009-500x170.jpg 500w, https:\/\/krecklow.de\/goalunited\/wp-content\/uploads\/2012\/05\/2012-12-20_155009.jpg 1071w\" sizes=\"auto, (max-width: 584px) 100vw, 584px\" \/><\/a>&#8212;&#8212;&#8212;&#8212;&#8212;&#8212;&#8212;&#8212;&#8212;&#8212;&#8212;&#8212;&#8212;&#8212;&#8212;&#8212;&#8212;&#8212;&#8212;&#8212;&#8212;&#8212;&#8212;&#8212;&#8212;&#8212;&#8212;&#8212;&#8212;&#8212;&#8212;-<\/p>\n<p style=\"text-align: justify;\">Um die Ausf\u00e4lle auf den Au\u00dfenpositionen zu kompensieren wurde kurzfristig Ulrich Griese verpflichtet. Griese bleibt 12 Wochen im Team bis sich Struve als Backup etabliert hat.<\/p>\n<p style=\"text-align: justify;\"><a href=\"https:\/\/krecklow.de\/goalunited\/wp-content\/uploads\/2012\/05\/griese.jpg\"><img loading=\"lazy\" decoding=\"async\" class=\"aligncenter wp-image-189\" title=\"griese\" src=\"https:\/\/krecklow.de\/goalunited\/wp-content\/uploads\/2012\/05\/griese.jpg\" alt=\"\" width=\"506\" height=\"563\" srcset=\"https:\/\/krecklow.de\/goalunited\/wp-content\/uploads\/2012\/05\/griese.jpg 573w, https:\/\/krecklow.de\/goalunited\/wp-content\/uploads\/2012\/05\/griese-269x300.jpg 269w\" sizes=\"auto, (max-width: 506px) 100vw, 506px\" \/><\/a><\/p>\n<p style=\"text-align: justify;\">Am 12.05. stie\u00df Artur Hrybek zum Team. Hrybek, s\u00fc\u00dfe 17 Jahre jung, gilt als aggressiver laufstarker Spieler. Er wurde mit einem 24W Vertrag ausgestattet und soll, wenn die Trainingsergebnisse stimmen, im defensiven Mittelfeld eingesetzt werden. Seine Feldskillsumme betr\u00e4gt zur Zeit gute 81 Punkte. Zum 18. Geburtstag wird er voraussichtlich die 85 FS erreichen:<\/p>\n<p>&nbsp;<\/p>\n<p style=\"text-align: center;\">&#8212;&#8212;&#8212;&#8212;&#8212;&#8212;&#8212;&#8212;&#8212;&#8212;&#8212;&#8212;&#8212;&#8212;&#8212;&#8212;&#8212;&#8212;&#8211;<\/p>\n<p style=\"text-align: justify;\">Am 11.05.2012 stie\u00df Kristion Marsolais zu den Abknickern. Dieser wurde, wie alle Neuzug\u00e4nge, erstmal mit einem 24-Wochen ausgestattet. Marsolais soll, wenn die Trainingsergebnisse stimmen, zuk\u00fcnftig im Q5 spielen. Jedoch steht erstmal ein 24 w\u00f6chiges Trainingsprogramm auf dem Plan.<\/p>\n<p>Marsolais hatte zum 18. Geburtstag 70 Feldskills:<\/p>\n<p>&nbsp;<\/p>\n","protected":false},"excerpt":{"rendered":"<p>Stand 13.12.2017 Stand 15.05.2015 Stand 10.03.2015 Stand 03.01.2013: &#8212;&#8212;&#8212;&#8212;&#8212;&#8212;&#8212;&#8212;&#8212;&#8212;&#8212;&#8212;&#8212;&#8212;&#8212;&#8212;&#8212;&#8212;&#8212;&#8212;&#8212;&#8212;&#8212;&#8212;&#8212;&#8212;&#8212;&#8212;&#8212;&#8212;&#8212;- Um die Ausf\u00e4lle auf den Au\u00dfenpositionen zu kompensieren wurde kurzfristig Ulrich Griese verpflichtet. Griese bleibt 12 Wochen im Team bis sich Struve als Backup etabliert hat. Am 12.05. stie\u00df Artur Hrybek &hellip; <a href=\"https:\/\/krecklow.de\/goalunited\/transfers\/\">Weiterlesen <span class=\"meta-nav\">&rarr;<\/span><\/a><\/p>\n","protected":false},"author":2,"featured_media":0,"parent":0,"menu_order":0,"comment_status":"closed","ping_status":"closed","template":"","meta":{"footnotes":""},"class_list":["post-156","page","type-page","status-publish","hentry"],"aioseo_notices":[],"_links":{"self":[{"href":"https:\/\/krecklow.de\/goalunited\/wp-json\/wp\/v2\/pages\/156","targetHints":{"allow":["GET"]}}],"collection":[{"href":"https:\/\/krecklow.de\/goalunited\/wp-json\/wp\/v2\/pages"}],"about":[{"href":"https:\/\/krecklow.de\/goalunited\/wp-json\/wp\/v2\/types\/page"}],"author":[{"embeddable":true,"href":"https:\/\/krecklow.de\/goalunited\/wp-json\/wp\/v2\/users\/2"}],"replies":[{"embeddable":true,"href":"https:\/\/krecklow.de\/goalunited\/wp-json\/wp\/v2\/comments?post=156"}],"version-history":[{"count":5,"href":"https:\/\/krecklow.de\/goalunited\/wp-json\/wp\/v2\/pages\/156\/revisions"}],"predecessor-version":[{"id":3713,"href":"https:\/\/krecklow.de\/goalunited\/wp-json\/wp\/v2\/pages\/156\/revisions\/3713"}],"wp:attachment":[{"href":"https:\/\/krecklow.de\/goalunited\/wp-json\/wp\/v2\/media?parent=156"}],"curies":[{"name":"wp","href":"https:\/\/api.w.org\/{rel}","templated":true}]}}