{"id":1471,"date":"2013-11-01T13:25:02","date_gmt":"2013-11-01T11:25:02","guid":{"rendered":"http:\/\/krecklow.de\/goalunited\/?page_id=1471"},"modified":"2017-08-25T11:14:28","modified_gmt":"2017-08-25T09:14:28","slug":"nr-29-ilie","status":"publish","type":"page","link":"https:\/\/krecklow.de\/goalunited\/abknicker-of-fame\/nr-29-ilie\/","title":{"rendered":"Nr. 09 &#8211; Zbercea"},"content":{"rendered":"<p>Unsere Nummer 9:<\/p>\n<p>Ilie wurde am 06.10. f\u00fcr knapp 36 Mio aus Rum\u00e4nien verpflichtet. Zuk\u00fcnftig soll er sich im offensivem Bereich austoben.<\/p>\n<p>21.02.2017<\/p>\n<p><a href=\"https:\/\/krecklow.de\/goalunited\/?attachment_id=3391\" rel=\"attachment wp-att-3391\"><img loading=\"lazy\" decoding=\"async\" class=\"aligncenter size-full wp-image-3391\" src=\"https:\/\/krecklow.de\/goalunited\/wp-content\/uploads\/2013\/11\/9.png\" alt=\"\" width=\"694\" height=\"775\" srcset=\"https:\/\/krecklow.de\/goalunited\/wp-content\/uploads\/2013\/11\/9.png 694w, https:\/\/krecklow.de\/goalunited\/wp-content\/uploads\/2013\/11\/9-269x300.png 269w\" sizes=\"auto, (max-width: 694px) 100vw, 694px\" \/><\/a><\/p>\n<p>Skils zum Geburtstag:<\/p>\n<table width=\"630\">\n<tbody>\n<tr>\n<td width=\"80\">Zbercea<\/td>\n<td width=\"70\">aggressiv<\/td>\n<td width=\"34\">18<\/td>\n<td width=\"31\">12<\/td>\n<td width=\"26\">2<\/td>\n<td width=\"23\">12<\/td>\n<td width=\"31\">22<\/td>\n<td width=\"23\">20<\/td>\n<td width=\"23\">63<\/td>\n<td width=\"63\">117<\/td>\n<td width=\"86\">117<\/td>\n<td width=\"35\">12<\/td>\n<td width=\"36\">22<\/td>\n<td width=\"33\">20<\/td>\n<td width=\"36\">63<\/td>\n<\/tr>\n<tr>\n<td>Zbercea<\/td>\n<td>aggressiv<\/td>\n<td>19<\/td>\n<td>13<\/td>\n<td>2<\/td>\n<td>18<\/td>\n<td>32<\/td>\n<td>32<\/td>\n<td>76<\/td>\n<td>158<\/td>\n<td>41<\/td>\n<td>6<\/td>\n<td>10<\/td>\n<td>12<\/td>\n<td>13<\/td>\n<\/tr>\n<tr>\n<td>Zbercea<\/td>\n<td>aggressiv<\/td>\n<td>20<\/td>\n<td>15<\/td>\n<td>2<\/td>\n<td>27<\/td>\n<td>56<\/td>\n<td>37<\/td>\n<td>82<\/td>\n<td>202<\/td>\n<td>44<\/td>\n<td>9<\/td>\n<td>24<\/td>\n<td>5<\/td>\n<td>6<\/td>\n<\/tr>\n<tr>\n<td>Zbercea<\/td>\n<td>aggressiv<\/td>\n<td>21<\/td>\n<td>20<\/td>\n<td>2<\/td>\n<td>40<\/td>\n<td>74<\/td>\n<td>43<\/td>\n<td>86<\/td>\n<td>243<\/td>\n<td>41<\/td>\n<td>13<\/td>\n<td>18<\/td>\n<td>6<\/td>\n<td>4<\/td>\n<\/tr>\n<tr>\n<td>Zbercea<\/td>\n<td>aggressiv<\/td>\n<td>22<\/td>\n<td>26<\/td>\n<td>2<\/td>\n<td>51<\/td>\n<td>84<\/td>\n<td>53<\/td>\n<td>90<\/td>\n<td>278<\/td>\n<td>35<\/td>\n<td>11<\/td>\n<td>10<\/td>\n<td>10<\/td>\n<td>4<\/td>\n<\/tr>\n<tr>\n<td>Zbercea<\/td>\n<td>aggressiv<\/td>\n<td>23<\/td>\n<td>29<\/td>\n<td>2<\/td>\n<td>60<\/td>\n<td>89<\/td>\n<td>66<\/td>\n<td>93<\/td>\n<td>308<\/td>\n<td>30<\/td>\n<td>9<\/td>\n<td>5<\/td>\n<td>13<\/td>\n<td>3<\/td>\n<\/tr>\n<tr>\n<td>Zbercea<\/td>\n<td>aggressiv<\/td>\n<td>24<\/td>\n<td>37<\/td>\n<td>2<\/td>\n<td>73<\/td>\n<td>93<\/td>\n<td>76<\/td>\n<td>94<\/td>\n<td>336<\/td>\n<td>28<\/td>\n<td>13<\/td>\n<td>4<\/td>\n<td>10<\/td>\n<td>1<\/td>\n<\/tr>\n<\/tbody>\n<\/table>\n<p>15.05.2015<\/p>\n<p><a href=\"https:\/\/krecklow.de\/goalunited\/wp-content\/uploads\/2013\/11\/2015-05-15_095330.png\"><img loading=\"lazy\" decoding=\"async\" class=\"aligncenter size-full wp-image-2541\" src=\"https:\/\/krecklow.de\/goalunited\/wp-content\/uploads\/2013\/11\/2015-05-15_095330.png\" alt=\"2015-05-15_095330\" width=\"559\" height=\"627\" srcset=\"https:\/\/krecklow.de\/goalunited\/wp-content\/uploads\/2013\/11\/2015-05-15_095330.png 559w, https:\/\/krecklow.de\/goalunited\/wp-content\/uploads\/2013\/11\/2015-05-15_095330-267x300.png 267w\" sizes=\"auto, (max-width: 559px) 100vw, 559px\" \/><\/a><\/p>\n<p>23.12.2014<\/p>\n<p><a href=\"https:\/\/krecklow.de\/goalunited\/wp-content\/uploads\/2013\/11\/25.jpg\"><img loading=\"lazy\" decoding=\"async\" class=\"aligncenter size-full wp-image-2059\" src=\"https:\/\/krecklow.de\/goalunited\/wp-content\/uploads\/2013\/11\/25.jpg\" alt=\"25\" width=\"572\" height=\"639\" srcset=\"https:\/\/krecklow.de\/goalunited\/wp-content\/uploads\/2013\/11\/25.jpg 572w, https:\/\/krecklow.de\/goalunited\/wp-content\/uploads\/2013\/11\/25-269x300.jpg 269w\" sizes=\"auto, (max-width: 572px) 100vw, 572px\" \/><\/a><\/p>\n<p>&nbsp;<\/p>\n<p><a href=\"https:\/\/krecklow.de\/goalunited\/wp-content\/uploads\/2013\/11\/29.jpg\"><img loading=\"lazy\" decoding=\"async\" class=\"aligncenter size-full wp-image-1472\" src=\"https:\/\/krecklow.de\/goalunited\/wp-content\/uploads\/2013\/11\/29.jpg\" alt=\"29\" width=\"633\" height=\"703\" srcset=\"https:\/\/krecklow.de\/goalunited\/wp-content\/uploads\/2013\/11\/29.jpg 633w, https:\/\/krecklow.de\/goalunited\/wp-content\/uploads\/2013\/11\/29-270x300.jpg 270w\" sizes=\"auto, (max-width: 633px) 100vw, 633px\" \/><\/a><\/p>\n","protected":false},"excerpt":{"rendered":"<p>Unsere Nummer 9: Ilie wurde am 06.10. f\u00fcr knapp 36 Mio aus Rum\u00e4nien verpflichtet. Zuk\u00fcnftig soll er sich im offensivem Bereich austoben. 21.02.2017 Skils zum Geburtstag: Zbercea aggressiv 18 12 2 12 22 20 63 117 117 12 22 20 &hellip; <a href=\"https:\/\/krecklow.de\/goalunited\/abknicker-of-fame\/nr-29-ilie\/\">Weiterlesen <span class=\"meta-nav\">&rarr;<\/span><\/a><\/p>\n","protected":false},"author":2,"featured_media":0,"parent":520,"menu_order":0,"comment_status":"open","ping_status":"closed","template":"","meta":{"footnotes":""},"class_list":["post-1471","page","type-page","status-publish","hentry"],"aioseo_notices":[],"_links":{"self":[{"href":"https:\/\/krecklow.de\/goalunited\/wp-json\/wp\/v2\/pages\/1471","targetHints":{"allow":["GET"]}}],"collection":[{"href":"https:\/\/krecklow.de\/goalunited\/wp-json\/wp\/v2\/pages"}],"about":[{"href":"https:\/\/krecklow.de\/goalunited\/wp-json\/wp\/v2\/types\/page"}],"author":[{"embeddable":true,"href":"https:\/\/krecklow.de\/goalunited\/wp-json\/wp\/v2\/users\/2"}],"replies":[{"embeddable":true,"href":"https:\/\/krecklow.de\/goalunited\/wp-json\/wp\/v2\/comments?post=1471"}],"version-history":[{"count":10,"href":"https:\/\/krecklow.de\/goalunited\/wp-json\/wp\/v2\/pages\/1471\/revisions"}],"predecessor-version":[{"id":3405,"href":"https:\/\/krecklow.de\/goalunited\/wp-json\/wp\/v2\/pages\/1471\/revisions\/3405"}],"up":[{"embeddable":true,"href":"https:\/\/krecklow.de\/goalunited\/wp-json\/wp\/v2\/pages\/520"}],"wp:attachment":[{"href":"https:\/\/krecklow.de\/goalunited\/wp-json\/wp\/v2\/media?parent=1471"}],"curies":[{"name":"wp","href":"https:\/\/api.w.org\/{rel}","templated":true}]}}