{"id":1286,"date":"2013-08-23T10:11:27","date_gmt":"2013-08-23T08:11:27","guid":{"rendered":"http:\/\/krecklow.de\/goalunited\/?page_id=1286"},"modified":"2019-08-12T15:43:17","modified_gmt":"2019-08-12T13:43:17","slug":"verkaeufe","status":"publish","type":"page","link":"https:\/\/krecklow.de\/goalunited\/transfers\/verkaeufe\/","title":{"rendered":"Verk\u00e4ufe"},"content":{"rendered":"<p>Die bisher h\u00f6chsten Transfererl\u00f6se:<\/p>\n<ol>\n<li>Sergey Bedoev &#8211; 10.06.2015 &#8211; 36.682.000 Mio<\/li>\n<li>&#8222;Pattizwei&#8220; Struve &#8211; 02.10.2013 &#8211; 36.582.800\u00a0Mio<\/li>\n<li>G\u00fcvenc Karadag &#8211; 21.12.2012 &#8211; 35.986.000 Mio<\/li>\n<li>Kasimir Joschko &#8211; 07.05.2018 &#8211; 35.892.800 Mio<\/li>\n<li>&#8222;Conny&#8220;Mosler &#8211; 02.10.2015 &#8211; 35.860.000 Mio<\/li>\n<li>&#8222;Kossy&#8220; Marold &#8211; 29.12.2013 &#8211; 32.368.000 Mio<\/li>\n<li>Ivan Pirschel &#8211; 23.07.2018 &#8211; 31.614.000 Mio<\/li>\n<li>Wafiq Musa &#8211; 19.12.2012 &#8211; 30.090.000 Mio<\/li>\n<li>Vladimir Anikushin &#8211; 11.08.2019 &#8211; 29.523.600 Mio<\/li>\n<li>Mathias Krehenbrink &#8211; 20.11.2018 &#8211; 29.246.000 Mio<\/li>\n<li>&#8222;Krecki&#8220; Konow &#8211; 30.01.2014 &#8211; 26.408.400 Mio<\/li>\n<li>&#8222;Yoshi&#8220; Schumann &#8211; 28.12.2014 &#8211; 25.877.200 Mio<\/li>\n<li>Roberto Stanziani &#8211; 11.05.2018 &#8211; 24.487.800 Mio<\/li>\n<li>&#8222;Graebi&#8220; Kutschera &#8211; 04.02.2014 &#8211; 24.336.800 Mio<\/li>\n<li>&#8222;Matze&#8220; Larsen &#8211; 28.09.2014 &#8211; 22.794.400 Mio<\/li>\n<li>Philip Stache &#8211; 16.12.2016 &#8211; 22.705.200 Mio<\/li>\n<li>Tomas Monteroma &#8211; 05.03.2017 &#8211; 20.680.800 Mio<\/li>\n<li>Ilie Zbercea &#8211; 05.03.2017 &#8211; 20.384.800 Mio<\/li>\n<li>August &#8222;Ute&#8220; Boldt &#8211; 20.08.2016 &#8211; 20.228.400 Mio<\/li>\n<li>&#8222;Mirky&#8220; Thiele &#8211; 06.01.2016 &#8211; 19.516.000 Mio<\/li>\n<li>August &#8222;Blumy&#8220; Benorden &#8211; 21.08.2016 &#8211; 18.734.800 Mio<\/li>\n<li>J\u00f6rg Lammertz &#8211; 21.07.2016 &#8211; 18.460.400 Mio<\/li>\n<li>Artur Hrybek &#8211; 11.10.2015 &#8211; 18.406.000 Mio<\/li>\n<li>Marcus K\u00fcnnemann &#8211; 18.10.2018 &#8211; 18.213.600 Mio<\/li>\n<li>&#8222;Blumy&#8220; Manheim &#8211; 17.09.2012 &#8211; 18.000.000 Mio<\/li>\n<li>Anton Christinel &#8211; 29.04.2018 &#8211; 17.962.200 Mio<\/li>\n<li>Leonardo Sena &#8211; 21.05.2017 &#8211; 17.796.400 Mio<\/li>\n<li>&#8222;WenNichJez&#8220; Wanda &#8211; 14.02.2015 &#8211; 17.233.500 Mio<\/li>\n<li>Bonifacio Cainzos &#8211; 28.09.2015 &#8211; 17.107.000 Mio<\/li>\n<li>Y\u00fcce Sahinbas &#8211; 15.11.2014 &#8211; 16.835.100 Mio<\/li>\n<li>Steeven Ralle &#8211; 12.07.2013 &#8211; 16.724.800 Mio<\/li>\n<li>Zac Burel &#8211; 24.02.2016 &#8211; 16.715.600 Mio<\/li>\n<li>Ingemar Rahde &#8211; 15.05.2016 &#8211; 16.280.400 Mio<\/li>\n<li>Eric Garnaud &#8211; 05.12.2016 &#8211; 16.036.800 Mio<\/li>\n<li>Canberk Sabit &#8211; 21.01.2016 &#8211; 15.918.400 Mio<\/li>\n<li>Domingo Nicolas &#8211; 25.01.2016 &#8211; 15.785.200 Mio<\/li>\n<li>Albrecht Kuchta &#8211; 23.03.2017 &#8211; 15.621.800 Mio<\/li>\n<li>Antoine de Relijkheid &#8211; 07.07.2016 &#8211; 15.558.000 Mio<\/li>\n<li>Ayberk Yasar &#8211; 23.03.2017 &#8211; 15.340.800 Mio<\/li>\n<li>Elmar Wehmann &#8211; 12.07.2016 &#8211; 15.206.400 Mio<\/li>\n<li>R\u00fcdiger Engl &#8211; 05.11.2016 &#8211; 14.786.800 Mio<\/li>\n<li>&#8222;Ecknicker&#8220; Koschig &#8211; 09.11.2013 &#8211; 14.698.600 Mio<\/li>\n<li>Phillip &#8222;Feli&#8220; Giesch &#8211; 23.10.2016 &#8211; 14.351.200 Mio<\/li>\n<li>Friedrich Scharnitzky &#8211; 14.08.2018 &#8211; 14.192.400 Mio<\/li>\n<li>&#8222;Patti&#8220; Steinhauer &#8211; 13.07.2014 &#8211; 14.018.400 Mio<\/li>\n<li>Anton Hu\u00dfmann &#8211; 19.01.2016 &#8211; 13.917.600 Mio<\/li>\n<li>Renzo Giansante &#8211; 12.10.2017 &#8211; 13.273.600 Mio<\/li>\n<li>Aurelio Goicochea &#8211; 09.07.2014 &#8211; 13.248.000 Mio<\/li>\n<li>Torbomba Lomba &#8211; 24.09.2013 &#8211; 13.213.200 Mio<\/li>\n<li>Frederic Bruhnke &#8211; 12.03.2013 &#8211; 12.924.300 Mio<\/li>\n<li>Emir Acikaraoglu &#8211; 30.03.2013 &#8211; 12.819.200 Mio<\/li>\n<li>Stefano Kolb &#8211; 17.07.2013 &#8211; 12.393.800 Mio<\/li>\n<li>Ambrosino Nuti &#8211; 11.09.2015 &#8211; 11.972.000 Mio<\/li>\n<li>Petrut Otelas &#8211; 09.10.2016 &#8211; 11.320.800 Mio<\/li>\n<li>Remo Salvetti &#8211; 28.07.2015 &#8211; 10.472.000 Mio<\/li>\n<li>&#8222;S\u00f6ren&#8220; Frerks &#8211; 10.02.2012 &#8211; 10.000.000 Mio<\/li>\n<\/ol>\n<p>Stand: 25.08.2017<\/p>\n","protected":false},"excerpt":{"rendered":"<p>Die bisher h\u00f6chsten Transfererl\u00f6se: Sergey Bedoev &#8211; 10.06.2015 &#8211; 36.682.000 Mio &#8222;Pattizwei&#8220; Struve &#8211; 02.10.2013 &#8211; 36.582.800\u00a0Mio G\u00fcvenc Karadag &#8211; 21.12.2012 &#8211; 35.986.000 Mio Kasimir Joschko &#8211; 07.05.2018 &#8211; 35.892.800 Mio &#8222;Conny&#8220;Mosler &#8211; 02.10.2015 &#8211; 35.860.000 Mio &#8222;Kossy&#8220; Marold &#8211; &hellip; <a href=\"https:\/\/krecklow.de\/goalunited\/transfers\/verkaeufe\/\">Weiterlesen <span class=\"meta-nav\">&rarr;<\/span><\/a><\/p>\n","protected":false},"author":2,"featured_media":0,"parent":156,"menu_order":0,"comment_status":"open","ping_status":"open","template":"","meta":{"footnotes":""},"class_list":["post-1286","page","type-page","status-publish","hentry"],"aioseo_notices":[],"_links":{"self":[{"href":"https:\/\/krecklow.de\/goalunited\/wp-json\/wp\/v2\/pages\/1286","targetHints":{"allow":["GET"]}}],"collection":[{"href":"https:\/\/krecklow.de\/goalunited\/wp-json\/wp\/v2\/pages"}],"about":[{"href":"https:\/\/krecklow.de\/goalunited\/wp-json\/wp\/v2\/types\/page"}],"author":[{"embeddable":true,"href":"https:\/\/krecklow.de\/goalunited\/wp-json\/wp\/v2\/users\/2"}],"replies":[{"embeddable":true,"href":"https:\/\/krecklow.de\/goalunited\/wp-json\/wp\/v2\/comments?post=1286"}],"version-history":[{"count":23,"href":"https:\/\/krecklow.de\/goalunited\/wp-json\/wp\/v2\/pages\/1286\/revisions"}],"predecessor-version":[{"id":4426,"href":"https:\/\/krecklow.de\/goalunited\/wp-json\/wp\/v2\/pages\/1286\/revisions\/4426"}],"up":[{"embeddable":true,"href":"https:\/\/krecklow.de\/goalunited\/wp-json\/wp\/v2\/pages\/156"}],"wp:attachment":[{"href":"https:\/\/krecklow.de\/goalunited\/wp-json\/wp\/v2\/media?parent=1286"}],"curies":[{"name":"wp","href":"https:\/\/api.w.org\/{rel}","templated":true}]}}