{"id":1216,"date":"2013-07-01T11:00:05","date_gmt":"2013-07-01T09:00:05","guid":{"rendered":"http:\/\/krecklow.de\/goalunited\/?page_id=1216"},"modified":"2017-02-10T13:06:29","modified_gmt":"2017-02-10T11:06:29","slug":"nr-25-philip","status":"publish","type":"page","link":"https:\/\/krecklow.de\/goalunited\/abknicker-of-fame\/nr-25-philip\/","title":{"rendered":"Nr. 06 &#8211; Stache"},"content":{"rendered":"<p>Unsere Nummer\u00a017:<\/p>\n<p>Philip wurde am 29.06. aus der 5. Liga Deutschlands f\u00fcr 25 Mio verpflichtet. Er soll langsam als Nachfolger von Macek aufgebaut werden und damit irgendwann die Freist\u00f6\u00dfe bei den Abknickern schie\u00dfen.<\/p>\n<p>Seine Skills zum Geburtstag:<\/p>\n<table width=\"630\">\n<tbody>\n<tr>\n<td width=\"80\">Stache<\/td>\n<td width=\"70\">temp<\/td>\n<td width=\"34\">18<\/td>\n<td width=\"31\">10<\/td>\n<td width=\"26\">1<\/td>\n<td width=\"23\">15<\/td>\n<td width=\"31\">25<\/td>\n<td width=\"23\">47<\/td>\n<td width=\"23\">29<\/td>\n<td width=\"63\">116<\/td>\n<td width=\"86\"><\/td>\n<td width=\"35\">15<\/td>\n<td width=\"36\">25<\/td>\n<td width=\"33\">47<\/td>\n<td width=\"36\">29<\/td>\n<\/tr>\n<tr>\n<td>Stache<\/td>\n<td>temp<\/td>\n<td>19<\/td>\n<td>11<\/td>\n<td>2<\/td>\n<td>29<\/td>\n<td>38<\/td>\n<td>55<\/td>\n<td>41<\/td>\n<td>163<\/td>\n<td>47<\/td>\n<td>14<\/td>\n<td>13<\/td>\n<td>8<\/td>\n<td>12<\/td>\n<\/tr>\n<tr>\n<td>Stache<\/td>\n<td>temp<\/td>\n<td>20<\/td>\n<td>12<\/td>\n<td>2<\/td>\n<td>49<\/td>\n<td>48<\/td>\n<td>61<\/td>\n<td>49<\/td>\n<td>207<\/td>\n<td>44<\/td>\n<td>20<\/td>\n<td>10<\/td>\n<td>6<\/td>\n<td>8<\/td>\n<\/tr>\n<tr>\n<td>Stache<\/td>\n<td>temp<\/td>\n<td>21<\/td>\n<td>17<\/td>\n<td>2<\/td>\n<td>55<\/td>\n<td>57<\/td>\n<td>67<\/td>\n<td>70<\/td>\n<td>249<\/td>\n<td>42<\/td>\n<td>6<\/td>\n<td>9<\/td>\n<td>6<\/td>\n<td>21<\/td>\n<\/tr>\n<tr>\n<td>Stache<\/td>\n<td>temp<\/td>\n<td>22<\/td>\n<td>22<\/td>\n<td>2<\/td>\n<td>66<\/td>\n<td>65<\/td>\n<td>72<\/td>\n<td>82<\/td>\n<td>285<\/td>\n<td>36<\/td>\n<td>11<\/td>\n<td>8<\/td>\n<td>5<\/td>\n<td>12<\/td>\n<\/tr>\n<tr>\n<td>Stache<\/td>\n<td>temp<\/td>\n<td>23<\/td>\n<td>30<\/td>\n<td>2<\/td>\n<td>75<\/td>\n<td>78<\/td>\n<td>79<\/td>\n<td>85<\/td>\n<td>317<\/td>\n<td>32<\/td>\n<td>9<\/td>\n<td>13<\/td>\n<td>7<\/td>\n<td>3<\/td>\n<\/tr>\n<tr>\n<td>Stache<\/td>\n<td>temp<\/td>\n<td>24<\/td>\n<td>44<\/td>\n<td>2<\/td>\n<td>85<\/td>\n<td>84<\/td>\n<td>85<\/td>\n<td>88<\/td>\n<td>342<\/td>\n<td>25<\/td>\n<td>10<\/td>\n<td>6<\/td>\n<td>6<\/td>\n<td>3<\/td>\n<\/tr>\n<tr>\n<td>Stache<\/td>\n<td>temp<\/td>\n<td>25<\/td>\n<td>57<\/td>\n<td>2<\/td>\n<td>90<\/td>\n<td>89<\/td>\n<td>91<\/td>\n<td>92<\/td>\n<td>362<\/td>\n<td>20<\/td>\n<td>5<\/td>\n<td>5<\/td>\n<td>6<\/td>\n<td>4<\/td>\n<\/tr>\n<tr>\n<td>Stache<\/td>\n<td>temp<\/td>\n<td>26<\/td>\n<td>81<\/td>\n<td>2<\/td>\n<td>91<\/td>\n<td>93<\/td>\n<td>95<\/td>\n<td>94<\/td>\n<td>373<\/td>\n<td>11<\/td>\n<td>1<\/td>\n<td>4<\/td>\n<td>4<\/td>\n<td>2<\/td>\n<\/tr>\n<\/tbody>\n<\/table>\n<p>15.05.2015<\/p>\n<p><a href=\"https:\/\/krecklow.de\/goalunited\/wp-content\/uploads\/2013\/07\/2015-05-15_095154.png\"><img loading=\"lazy\" decoding=\"async\" class=\"aligncenter size-full wp-image-2536\" src=\"https:\/\/krecklow.de\/goalunited\/wp-content\/uploads\/2013\/07\/2015-05-15_095154.png\" alt=\"2015-05-15_095154\" width=\"557\" height=\"626\" srcset=\"https:\/\/krecklow.de\/goalunited\/wp-content\/uploads\/2013\/07\/2015-05-15_095154.png 557w, https:\/\/krecklow.de\/goalunited\/wp-content\/uploads\/2013\/07\/2015-05-15_095154-267x300.png 267w\" sizes=\"auto, (max-width: 557px) 100vw, 557px\" \/><\/a><\/p>\n<p>23.12.2014<\/p>\n<p><a href=\"https:\/\/krecklow.de\/goalunited\/wp-content\/uploads\/2013\/07\/17.jpg\"><img loading=\"lazy\" decoding=\"async\" class=\"aligncenter size-full wp-image-2055\" src=\"https:\/\/krecklow.de\/goalunited\/wp-content\/uploads\/2013\/07\/17.jpg\" alt=\"17\" width=\"572\" height=\"642\" srcset=\"https:\/\/krecklow.de\/goalunited\/wp-content\/uploads\/2013\/07\/17.jpg 572w, https:\/\/krecklow.de\/goalunited\/wp-content\/uploads\/2013\/07\/17-267x300.jpg 267w\" sizes=\"auto, (max-width: 572px) 100vw, 572px\" \/><\/a><\/p>\n<p><a href=\"https:\/\/krecklow.de\/goalunited\/wp-content\/uploads\/2013\/07\/2013-07-01_105101.jpg\"><img loading=\"lazy\" decoding=\"async\" class=\"aligncenter size-full wp-image-1200\" src=\"https:\/\/krecklow.de\/goalunited\/wp-content\/uploads\/2013\/07\/2013-07-01_105101.jpg\" alt=\"2013-07-01_105101\" width=\"570\" height=\"635\" srcset=\"https:\/\/krecklow.de\/goalunited\/wp-content\/uploads\/2013\/07\/2013-07-01_105101.jpg 570w, https:\/\/krecklow.de\/goalunited\/wp-content\/uploads\/2013\/07\/2013-07-01_105101-269x300.jpg 269w\" sizes=\"auto, (max-width: 570px) 100vw, 570px\" \/><\/a><\/p>\n","protected":false},"excerpt":{"rendered":"<p>Unsere Nummer\u00a017: Philip wurde am 29.06. aus der 5. Liga Deutschlands f\u00fcr 25 Mio verpflichtet. Er soll langsam als Nachfolger von Macek aufgebaut werden und damit irgendwann die Freist\u00f6\u00dfe bei den Abknickern schie\u00dfen. Seine Skills zum Geburtstag: Stache temp 18 &hellip; <a href=\"https:\/\/krecklow.de\/goalunited\/abknicker-of-fame\/nr-25-philip\/\">Weiterlesen <span class=\"meta-nav\">&rarr;<\/span><\/a><\/p>\n","protected":false},"author":2,"featured_media":0,"parent":520,"menu_order":0,"comment_status":"open","ping_status":"closed","template":"","meta":{"footnotes":""},"class_list":["post-1216","page","type-page","status-publish","hentry"],"aioseo_notices":[],"_links":{"self":[{"href":"https:\/\/krecklow.de\/goalunited\/wp-json\/wp\/v2\/pages\/1216","targetHints":{"allow":["GET"]}}],"collection":[{"href":"https:\/\/krecklow.de\/goalunited\/wp-json\/wp\/v2\/pages"}],"about":[{"href":"https:\/\/krecklow.de\/goalunited\/wp-json\/wp\/v2\/types\/page"}],"author":[{"embeddable":true,"href":"https:\/\/krecklow.de\/goalunited\/wp-json\/wp\/v2\/users\/2"}],"replies":[{"embeddable":true,"href":"https:\/\/krecklow.de\/goalunited\/wp-json\/wp\/v2\/comments?post=1216"}],"version-history":[{"count":8,"href":"https:\/\/krecklow.de\/goalunited\/wp-json\/wp\/v2\/pages\/1216\/revisions"}],"predecessor-version":[{"id":2643,"href":"https:\/\/krecklow.de\/goalunited\/wp-json\/wp\/v2\/pages\/1216\/revisions\/2643"}],"up":[{"embeddable":true,"href":"https:\/\/krecklow.de\/goalunited\/wp-json\/wp\/v2\/pages\/520"}],"wp:attachment":[{"href":"https:\/\/krecklow.de\/goalunited\/wp-json\/wp\/v2\/media?parent=1216"}],"curies":[{"name":"wp","href":"https:\/\/api.w.org\/{rel}","templated":true}]}}