{"id":13,"date":"2007-06-11T18:47:00","date_gmt":"2007-06-11T17:47:00","guid":{"rendered":"http:\/\/krecklow.de\/blog?page_id=13"},"modified":"2010-11-10T12:28:32","modified_gmt":"2010-11-10T11:28:32","slug":"about","status":"publish","type":"page","link":"https:\/\/krecklow.de\/blog\/about\/","title":{"rendered":"About"},"content":{"rendered":"<p style=\"text-align: justify;\">Im 2. Monat des Jahres MCMLXXX n.Chr. wurde ich in der N\u00e4he Berlins als 1. Sohn der Familie geboren. Ab dem 3. Lebensjahr wohne, arbeite und mache fast alle weiteren Sachen in dieser sch\u00f6nen Stadt, die dem Land den Namen gab.<\/p>\n<p style=\"text-align: justify;\">Mittlerweile bin ich verheiratet und Vater eines kleinen Stammhalters. Meine Familie ist mein gr\u00f6sstes Gl\u00fcck und mein Lebensmittelpunkt. Daneben habe ich noch weitere Hobbies, Dazu z\u00e4hlt z.B.  die Bedienung meiner beiden PCs in jeglicher Form; Gamen, Programmieren, Videos schauen Surfen und was man sonst noch damit machen kann. Weiterhin bin ich begeisterter Sportler. Ich spiele Volleyball und Fussball. Mit den Grashalmabknickern, meiner Fussballfreizeitmannschaft,  nehmen wir im Sommer regelm\u00e4\u00dfig an Freizeitturnieren teil und haben mal mehr und mal weniger Erfolg. Dabei sein ist alles. Gleichzeitig nutzen wir diese Turniere damit der Kontakt zu den anderen &#8222;Abknickern&#8220; nicht abbricht und wir uns dadurch ab und zu mal treffen und uns \u00fcber alles M\u00f6gliche austauschen k\u00f6nnen.<\/p>\n<p style=\"text-align: justify;\">Weiterhin fahre ab und zu mit dem Mountainbike den Brocken rauf und runter und im Winter per Ski die Pisten in Tschechien oder \u00d6sterreich. Nat\u00fcrlich bin ich auch sehr gerne mit Freunden unterwegs, entweder ins Kino oder wir veranstalten Spiele- bzw. Pokerabende. Das solls hier zu meiner Person gewesen sein. Na dann Euch noch viel Spa\u00df hier auf meinem Blog.<\/p>\n","protected":false},"excerpt":{"rendered":"<p>Im 2. Monat des Jahres MCMLXXX n.Chr. wurde ich in der N\u00e4he Berlins als 1. Sohn der Familie geboren. Ab dem 3. Lebensjahr wohne, arbeite und mache fast alle weiteren Sachen in dieser sch\u00f6nen Stadt, die dem Land den Namen gab. Mittlerweile bin ich verheiratet und Vater eines kleinen Stammhalters. Meine Familie ist mein gr\u00f6sstes [&hellip;]<\/p>\n","protected":false},"author":7,"featured_media":0,"parent":0,"menu_order":2,"comment_status":"closed","ping_status":"closed","template":"","meta":{"footnotes":""},"class_list":["post-13","page","type-page","status-publish","hentry"],"_links":{"self":[{"href":"https:\/\/krecklow.de\/blog\/wp-json\/wp\/v2\/pages\/13","targetHints":{"allow":["GET"]}}],"collection":[{"href":"https:\/\/krecklow.de\/blog\/wp-json\/wp\/v2\/pages"}],"about":[{"href":"https:\/\/krecklow.de\/blog\/wp-json\/wp\/v2\/types\/page"}],"author":[{"embeddable":true,"href":"https:\/\/krecklow.de\/blog\/wp-json\/wp\/v2\/users\/7"}],"replies":[{"embeddable":true,"href":"https:\/\/krecklow.de\/blog\/wp-json\/wp\/v2\/comments?post=13"}],"version-history":[{"count":0,"href":"https:\/\/krecklow.de\/blog\/wp-json\/wp\/v2\/pages\/13\/revisions"}],"wp:attachment":[{"href":"https:\/\/krecklow.de\/blog\/wp-json\/wp\/v2\/media?parent=13"}],"curies":[{"name":"wp","href":"https:\/\/api.w.org\/{rel}","templated":true}]}}